{"id":1013716,"date":"2024-10-30T10:23:52","date_gmt":"2024-10-30T10:23:52","guid":{"rendered":"https:\/\/store.todsystem.com\/?post_type=product&#038;p=1013716"},"modified":"2025-09-09T12:14:16","modified_gmt":"2025-09-09T12:14:16","slug":"deep-robotics-x30","status":"publish","type":"product","link":"https:\/\/store.todsystem.com\/fr\/produit-2\/deep-robotics-x30\/","title":{"rendered":"Robot quadrup\u00e8de Deep Robotics X30"},"content":{"rendered":"<div class=\"vgblk-rw-wrapper limit-wrapper\">Progettato come prodotto di punta per l&#8217;automazione industriale, il Robot quadrupede X30 di <a href=\"https:\/\/store.todsystem.com\/fr\/marque\/robotique-profonde\/\">Robotique profonde<\/a> est con\u00e7u pour r\u00e9pondre aux exigences des industries n\u00e9cessitant des op\u00e9rations s\u00fbres et autonomes dans des sc\u00e9narios difficiles et non surveill\u00e9s. Dot\u00e9 d'une technologie de d\u00e9tection avanc\u00e9e et d'une r\u00e9silience am\u00e9lior\u00e9e, le X30 r\u00e9pond aux applications les plus exigeantes, qu'il s'agisse d'inspections ou d'interventions d'urgence.<\/p>\n<p>Principales caract\u00e9ristiques techniques<\/p>\n<ul>\n<li><strong>Dimensioni complessive<\/strong>: 1000 mm x 585 mm x 470 mm<\/li>\n<li><strong>Poids<\/strong>: 56 kg (batteria inclusa)<\/li>\n<li><strong>Indice de protection IP<\/strong>: IP67 (resistente alla polvere e all\u2019acqua)<\/li>\n<li><strong>Vitesse maximale<\/strong>: \u22654 m\/s<\/li>\n<li><strong>Autonomia batteria<\/strong>: 2,5-4 ore<\/li>\n<li><strong>Chilometraggio per carica<\/strong>: \u226510 km<\/li>\n<li><strong>Intervallo di temperatura operativa<\/strong>: -20\u00b0 C ~ 55\u00b0 C<\/li>\n<li><strong>Capacit\u00e0 di inclinazione<\/strong>: fino a 45\u00b0<\/li>\n<li><strong>Superamento ostacoli<\/strong>: gradino\/ostacolo di almeno 20 cm<\/li>\n<li><strong>Alimentation \u00e9lectrique<\/strong>: batteria con durata fino a 4 ore e sostituzione rapida<\/li>\n<li><strong>Communication<\/strong>: Alimentazione in uscita tramite Ethernet (72V BAT)<\/li>\n<\/ul>\n<p>Le <strong>Deep Robotics X30<\/strong> \u00e8 progettato per affrontare agevolmente terreni irregolari e ostacoli significativi, potendo superare pendenze fino a 45\u00b0 e ostacoli di almeno 20 cm.<\/p>\n<p>Questa capacit\u00e0 consente al robot di salire e scendere scale con angolazioni elevate e attraversare rapidamente scenari industriali impegnativi senza compromettere la stabilit\u00e0. Equipaggiato con un sistema di percezione della fusione avanzato, X30 si muove agilmente in ambienti con illuminazione variabile o scarsa, navigando in oscurit\u00e0 completa, in presenza di forti sfarfallii luminosi o in situazioni con luce intensa. Ideale per monitoraggi notturni o ambienti con visibilit\u00e0 ridotta, X30 garantisce precisione operativa continua.<\/p>\n<p>Il sistema energetico del X30 \u00e8 ottimizzato per una durata prolungata del 25% rispetto a modelli precedenti, con un&#8217;autonomia che consente operazioni fino a 4 ore. La batteria \u00e8 facilmente sostituibile, assicurando cos\u00ec un servizio ininterrotto anche nelle situazioni pi\u00f9 critiche, offrendo operazioni di emergenza senza interruzioni.<\/p>\n<p>Il Robot quadrupede Deep Robotics X30 \u00e8 progettato per le applicazioni industriali pi\u00f9 avanzate, con un design robusto e prestazioni potenti anche in condizioni atmosferiche avverse. Le sue capacit\u00e0 di navigazione autonoma e la lunga durata della batteria garantiscono operazioni sicure e affidabili, rendendolo una risorsa strategica per qualsiasi azienda che richieda un robot versatile e autonomo in ambienti complessi.<\/p><\/div>\n<p><!-- .vgblk-rw-wrapper --><\/p>","protected":false},"excerpt":{"rendered":"<p>Le <strong>Robot quadrup\u00e8de X30<\/strong> est la solution id\u00e9ale pour les besoins industriels avanc\u00e9s tels que l'inspection, la s\u00e9curit\u00e9 et la cartographie, m\u00eame dans des conditions extr\u00eames. Dot\u00e9e d'une protection IP67, la X30 s'attaque aux environnements difficiles et aux conditions m\u00e9t\u00e9orologiques difficiles avec des performances constantes et fiables.<\/p>\n<h3><\/h3>","protected":false},"featured_media":1016918,"template":"","meta":[],"pwb-brand":[591],"product_brand":[],"product_cat":[276],"product_tag":[],"class_list":{"0":"post-1013716","1":"product","2":"type-product","3":"status-publish","4":"has-post-thumbnail","6":"pwb-brand-deep-robotics","7":"product_cat-robot-quadrupedi","9":"first","10":"instock","11":"featured","12":"shipping-taxable","13":"product-type-simple"},"brands":[{"id":591,"name":"Robotique profonde","slug":"robotique-profonde"}],"_links":{"self":[{"href":"https:\/\/store.todsystem.com\/fr\/wp-json\/wp\/v2\/product\/1013716","targetHints":{"allow":["GET"]}}],"collection":[{"href":"https:\/\/store.todsystem.com\/fr\/wp-json\/wp\/v2\/product"}],"about":[{"href":"https:\/\/store.todsystem.com\/fr\/wp-json\/wp\/v2\/types\/product"}],"version-history":[{"count":8,"href":"https:\/\/store.todsystem.com\/fr\/wp-json\/wp\/v2\/product\/1013716\/revisions"}],"predecessor-version":[{"id":1018706,"href":"https:\/\/store.todsystem.com\/fr\/wp-json\/wp\/v2\/product\/1013716\/revisions\/1018706"}],"wp:featuredmedia":[{"embeddable":true,"href":"https:\/\/store.todsystem.com\/fr\/wp-json\/wp\/v2\/media\/1016918"}],"wp:attachment":[{"href":"https:\/\/store.todsystem.com\/fr\/wp-json\/wp\/v2\/media?parent=1013716"}],"wp:term":[{"taxonomy":"pwb-brand","embeddable":true,"href":"https:\/\/store.todsystem.com\/fr\/wp-json\/wp\/v2\/pwb-brand?post=1013716"},{"taxonomy":"product_brand","embeddable":true,"href":"https:\/\/store.todsystem.com\/fr\/wp-json\/wp\/v2\/product_brand?post=1013716"},{"taxonomy":"product_cat","embeddable":true,"href":"https:\/\/store.todsystem.com\/fr\/wp-json\/wp\/v2\/product_cat?post=1013716"},{"taxonomy":"product_tag","embeddable":true,"href":"https:\/\/store.todsystem.com\/fr\/wp-json\/wp\/v2\/product_tag?post=1013716"}],"curies":[{"name":"wp","href":"https:\/\/api.w.org\/{rel}","templated":true}]}}