{"id":1013703,"date":"2024-10-30T10:08:51","date_gmt":"2024-10-30T10:08:51","guid":{"rendered":"https:\/\/store.todsystem.com\/?post_type=product&#038;p=1013703"},"modified":"2025-09-24T08:00:21","modified_gmt":"2025-09-24T08:00:21","slug":"deep-robotics-x20","status":"publish","type":"product","link":"https:\/\/store.todsystem.com\/fr\/produit-2\/deep-robotics-x20\/","title":{"rendered":"DEEP Robotics X20"},"content":{"rendered":"<div class=\"vgblk-rw-wrapper limit-wrapper\">Le <strong>Robot quadrup\u00e8de X20<\/strong> repr\u00e9sente la nouvelle fronti\u00e8re des applications industrielles dans les environnements les plus exigeants, avec une conception robuste et polyvalente capable de faire face \u00e0 des environnements ext\u00e9rieurs extr\u00eames. Gr\u00e2ce \u00e0 sa robustesse industrielle et \u00e0 ses capacit\u00e9s de perception avanc\u00e9es, le X20 est id\u00e9al pour effectuer des inspections autonomes dans de grands espaces et dans des conditions variables, sans qu'il soit n\u00e9cessaire d'avoir recours \u00e0 des op\u00e9rateurs directs.<\/p>\n<p>Principales caract\u00e9ristiques techniques<\/p>\n<ul>\n<li><strong>Dimensions totales :<\/strong> 950 mm x 470 mm x 700 mm<\/li>\n<li><strong>Poids :<\/strong> 53 kg<\/li>\n<li><strong>Charge maximale :<\/strong> 20 kg<\/li>\n<li><strong>Degr\u00e9 de protection IP :<\/strong> IP66 (r\u00e9sistant \u00e0 la poussi\u00e8re et \u00e0 l'eau)<\/li>\n<li><strong>Vitesse maximale :<\/strong> 4 m\/s<\/li>\n<li><strong>Autonomie de la batterie :<\/strong> 2-4 heures<\/li>\n<li><strong>Kilom\u00e9trage par charge :<\/strong> 15 km<\/li>\n<\/ul>\n<p>&nbsp;<\/p>\n<p>Le <strong>X20<\/strong> est con\u00e7u pour s'adapter \u00e0 des sc\u00e9narios complexes et irr\u00e9guliers, ce qui lui permet de surmonter les difficult\u00e9s rencontr\u00e9es dans le cadre de la mise en \u0153uvre de la politique de l'UE en mati\u00e8re de s\u00e9curit\u00e9. <strong>obstacles d'une hauteur maximale de 20 cm<\/strong>Le X20 est capable de n\u00e9gocier des pentes allant jusqu'\u00e0 30\u00b0 et de se d\u00e9placer facilement sur des terrains accident\u00e9s tels que l'herbe, le gravier, la neige et le sable. Avec une vitesse maximale de 4 m\/s et un syst\u00e8me de navigation intelligent, le X20 garantit des inspections rapides et pr\u00e9cises sur tout type de surface.<\/p>\n<p>Gr\u00e2ce \u00e0 sa technologie de perception avanc\u00e9e, X20 prend en charge <strong>navigation autonome<\/strong>Il \u00e9vite dynamiquement les obstacles, reconna\u00eet le terrain et permet des interactions homme-robot s\u00fbres et efficaces. Id\u00e9al pour la surveillance d'usines et d'environnements de grande taille, le X20 facilite le contr\u00f4le sans pilote \u00e0 grande \u00e9chelle, en optimisant les processus et en garantissant une s\u00e9curit\u00e9 constante.<\/p>\n<p>La conception modulaire des <strong>X20<\/strong> offre des possibilit\u00e9s de configuration presque infinies. Il permet l'int\u00e9gration de p\u00e9riph\u00e9riques et de capteurs suppl\u00e9mentaires, ce qui accro\u00eet la souplesse d'utilisation. Ses <strong>interfaces de communication<\/strong> sont compatibles avec un large \u00e9ventail de protocoles, ce qui garantit des connexions fiables avec les syst\u00e8mes de contr\u00f4le industriel existants.<\/p>\n<p>Sp\u00e9cifications des produits<\/p>\n<ul>\n<li><strong>Mouvement :<\/strong> Capacit\u00e9 \u00e0 franchir des obstacles jusqu'\u00e0 20 cm, pente maximale de 30\u00b0.<\/li>\n<li><strong>R\u00e9sistance \u00e0 l'environnement :<\/strong> IP66 pour la poussi\u00e8re et l'eau<\/li>\n<li><strong>Alimentation et autonomie :<\/strong> Autonomie de la batterie jusqu'\u00e0 4 heures<\/li>\n<li><strong>Distance \u00e0 parcourir :<\/strong> Jusqu'\u00e0 15 km avec une seule charge<\/li>\n<li><strong>Mat\u00e9riaux de construction :<\/strong> Structure durable pour les environnements extr\u00eames<\/li>\n<\/ul>\n<p>&nbsp;<\/p>\n<p>Le <strong>Robot quadrup\u00e8de X20<\/strong> est la solution id\u00e9ale pour automatiser les inspections et les patrouilles dans les industries qui exigent fiabilit\u00e9 et r\u00e9silience dans des conditions extr\u00eames. Gr\u00e2ce \u00e0 son adaptabilit\u00e9, sa pr\u00e9cision et sa flexibilit\u00e9, le X20 prend en charge des op\u00e9rations dans des environnements complexes sans n\u00e9cessiter de surveillance directe, ce qui en fait un choix strat\u00e9gique pour les entreprises \u00e0 la recherche d'un syst\u00e8me d'inspection autonome avanc\u00e9 et \u00e9volutif.<\/div>\n<p><!-- .vgblk-rw-wrapper --><\/p>","protected":false},"excerpt":{"rendered":"<p>Le <strong>Robot quadrup\u00e8de X20<\/strong> est con\u00e7u pour l'inspection et la patrouille dans des environnements industriels extr\u00eames. R\u00e9sistant \u00e0 la poussi\u00e8re et \u00e0 l'eau (IP66), dot\u00e9 d'une capacit\u00e9 de charge \u00e9lev\u00e9e et d'une perception avanc\u00e9e, le X20 permet des inspections autonomes sur des terrains complexes, garantissant ainsi polyvalence et fiabilit\u00e9 dans toutes les conditions.<\/p>","protected":false},"featured_media":1013898,"template":"","meta":[],"pwb-brand":[591],"product_brand":[],"product_cat":[276],"product_tag":[],"class_list":{"0":"post-1013703","1":"product","2":"type-product","3":"status-publish","4":"has-post-thumbnail","6":"pwb-brand-deep-robotics","7":"product_cat-robot-quadrupedi","9":"first","10":"instock","11":"shipping-taxable","12":"product-type-simple"},"brands":[{"id":591,"name":"Robotique profonde","slug":"robotique-profonde"}],"_links":{"self":[{"href":"https:\/\/store.todsystem.com\/fr\/wp-json\/wp\/v2\/product\/1013703","targetHints":{"allow":["GET"]}}],"collection":[{"href":"https:\/\/store.todsystem.com\/fr\/wp-json\/wp\/v2\/product"}],"about":[{"href":"https:\/\/store.todsystem.com\/fr\/wp-json\/wp\/v2\/types\/product"}],"version-history":[{"count":9,"href":"https:\/\/store.todsystem.com\/fr\/wp-json\/wp\/v2\/product\/1013703\/revisions"}],"predecessor-version":[{"id":1018867,"href":"https:\/\/store.todsystem.com\/fr\/wp-json\/wp\/v2\/product\/1013703\/revisions\/1018867"}],"wp:featuredmedia":[{"embeddable":true,"href":"https:\/\/store.todsystem.com\/fr\/wp-json\/wp\/v2\/media\/1013898"}],"wp:attachment":[{"href":"https:\/\/store.todsystem.com\/fr\/wp-json\/wp\/v2\/media?parent=1013703"}],"wp:term":[{"taxonomy":"pwb-brand","embeddable":true,"href":"https:\/\/store.todsystem.com\/fr\/wp-json\/wp\/v2\/pwb-brand?post=1013703"},{"taxonomy":"product_brand","embeddable":true,"href":"https:\/\/store.todsystem.com\/fr\/wp-json\/wp\/v2\/product_brand?post=1013703"},{"taxonomy":"product_cat","embeddable":true,"href":"https:\/\/store.todsystem.com\/fr\/wp-json\/wp\/v2\/product_cat?post=1013703"},{"taxonomy":"product_tag","embeddable":true,"href":"https:\/\/store.todsystem.com\/fr\/wp-json\/wp\/v2\/product_tag?post=1013703"}],"curies":[{"name":"wp","href":"https:\/\/api.w.org\/{rel}","templated":true}]}}