{"id":1013647,"date":"2024-10-29T14:26:52","date_gmt":"2024-10-29T14:26:52","guid":{"rendered":"https:\/\/store.todsystem.com\/?post_type=product&#038;p=1013647"},"modified":"2025-06-05T09:51:15","modified_gmt":"2025-06-05T09:51:15","slug":"dobot-cr5as","status":"publish","type":"product","link":"https:\/\/store.todsystem.com\/fr\/produit-2\/dobot-cr5as\/","title":{"rendered":"Dobot CR5AS"},"content":{"rendered":"<div class=\"vgblk-rw-wrapper limit-wrapper\">\n<h2><em><strong>Il Dobot CR5AS: Il Robot Collaborativo per Automazione Precisa e Versatile<\/strong><\/em><\/h2>\n<p>Le <strong>Dobot CR5AS<\/strong> \u00e8 un robot collaborativo progettato per una vasta gamma di applicazioni industriali, con un focus sulla precisione, la flessibilit\u00e0 e l&#8217;affidabilit\u00e0. Con una capacit\u00e0 di carico utile ottimizzata e un ampio raggio di lavoro, il<strong> CR5AS<\/strong> \u00e8 ideale per operazioni di assemblaggio, controllo qualit\u00e0, manipolazione di materiali e altre attivit\u00e0 che richiedono alta precisione e velocit\u00e0. Facile da programmare e sicuro da utilizzare, il <strong>Dobot CR5AS<\/strong> \u00e8 la scelta perfetta per ottimizzare la produttivit\u00e0 e migliorare l&#8217;efficienza in ambienti di produzione dinamici.<\/p>\n<h2><strong>Principales caract\u00e9ristiques techniques :<\/strong><\/h2>\n<ul>\n<li data-start=\"575\" data-end=\"592\"><strong data-start=\"577\" data-end=\"586\">Poids :<\/strong>\u00a025 kg<\/li>\n<li data-start=\"593\" data-end=\"619\"><strong data-start=\"595\" data-end=\"614\">Charge maximale :<\/strong>\u00a05 kg<\/li>\n<li data-start=\"620\" data-end=\"650\"><strong data-start=\"622\" data-end=\"643\">Rayon d'action :<\/strong>\u00a0900 mm<\/li>\n<li data-start=\"651\" data-end=\"690\"><strong data-start=\"653\" data-end=\"682\">Vitesse lin\u00e9aire maximale :<\/strong>\u00a02 m\/s<\/li>\n<li data-start=\"691\" data-end=\"834\"><strong data-start=\"693\" data-end=\"723\">Randonn\u00e9es communes :\u00a0<\/strong>J3 : \u00b1 160\u00b0 (autres articulations : \u00b1 360\u00b0)<\/li>\n<li><strong data-start=\"837\" data-end=\"873\">Vitesse maximale de l'articulation :\u00a0<\/strong><\/li>\n<\/ul>\n<ol>\n<li>J1\/J2\/J3: 180\u00b0\/s<\/li>\n<li>J4\/J5\/J6 : 223\u00b0\/s<\/li>\n<\/ol>\n<h2><strong data-start=\"1216\" data-end=\"1232\">Performance :<\/strong><\/h2>\n<p>Le <strong>Dobot CR5AS<\/strong> \u00e8 progettato per garantire alta precisione nelle operazioni industriali grazie alla sua ripetibilit\u00e0 di<strong> \u00b1 0.02 mm<\/strong>. Con un carico utile di <strong>5 kg<\/strong> et un rayon d'action de <strong>900 mm<\/strong>, \u00e8 perfetto per compiti complessi come l&#8217;assemblaggio di componenti, la movimentazione di materiali leggeri e l&#8217;automazione di linee di produzione. La sua velocit\u00e0 lineare massima di <strong>2 m\/s<\/strong> consente di eseguire le operazioni in modo rapido ed efficiente, migliorando la produttivit\u00e0 senza sacrificare la precisione.<\/p>\n<h2><strong data-start=\"1743\" data-end=\"1773\">Manoeuvrabilit\u00e9 et stabilit\u00e9 :<\/strong><\/h2>\n<p>Con un peso di <strong>25 kg<\/strong>les <strong>Dobot CR5AS<\/strong> \u00e8 abbastanza robusto da gestire carichi fino a<strong> 5 kg<\/strong>, ma abbastanza leggero da poter essere integrato facilmente in spazi di lavoro ristretti. La possibilit\u00e0 di rotazione a <strong>360\u00b0<\/strong> su ogni giunto e la velocit\u00e0 massima di <strong>2 m\/s<\/strong> permettono al robot di eseguire operazioni rapide e precise, aumentando l&#8217;efficienza produttiva. La stabilit\u00e0 del <strong>CR5AS<\/strong> assicura che anche le operazioni ad alta velocit\u00e0 vengano eseguite con precisione, riducendo al minimo i tempi di fermo e i rischi di errore.<\/p>\n<h2><strong data-start=\"2301\" data-end=\"2328\">Technologie et s\u00e9curit\u00e9 :<\/strong><\/h2>\n<p>Le <strong>Dobot CR5AS<\/strong> \u00e8 dotato di sensori di forza integrati che monitorano costantemente l&#8217;ambiente di lavoro, regolando automaticamente la velocit\u00e0 e la forza in caso di collisione o pericoli, per garantire che le operazioni vengano eseguite in totale <strong>sicurezza<\/strong>. Il design collaborativo permette al robot di lavorare fianco a fianco con gli operatori senza la necessit\u00e0 di barriere fisiche, riducendo i rischi e migliorando l\u2019efficienza. L&#8217;interfaccia di programmazione \u00e8 intuitiva, permettendo anche a chi non ha esperienza di robotica di configurare rapidamente il <strong>CR5AS<\/strong> per le specifiche esigenze produttive.<\/p>\n<h2><strong data-start=\"2939\" data-end=\"2961\">Pourquoi le choisir ?<\/strong><\/h2>\n<p>Le <strong>Dobot CR5AS<\/strong> \u00e8 la soluzione ideale per le aziende che necessitano di un robot collaborativo potente, preciso e versatile. Con un carico utile di <strong>5 kg<\/strong> et un rayon d'action de <strong>900 mm<\/strong>, \u00e8 perfetto per una vasta gamma di applicazioni che richiedono velocit\u00e0, precisione e affidabilit\u00e0. La sua facilit\u00e0 di programmazione, insieme ai sistemi di sicurezza avanzati, lo rende uno strumento indispensabile per ottimizzare i processi produttivi, ridurre i costi e migliorare l\u2019efficienza in modo sicuro, senza necessit\u00e0 di barriere fisiche.<\/div>\n<p><!-- .vgblk-rw-wrapper --><\/p>","protected":false},"excerpt":{"rendered":"<p>Le <strong>Dobot CR5AS<\/strong> \u00e8 un robot collaborativo versatile, progettato per ottimizzare le operazioni industriali e migliorare l&#8217;efficienza produttiva. Con un design compatto e una programmazione intuitiva, \u00e8 ideale per una vasta gamma di applicazioni, dall&#8217;assemblaggio al controllo qualit\u00e0. Grazie alla sua capacit\u00e0 di lavorare a stretto contatto con gli operatori in totale sicurezza, il <strong>CR5AS<\/strong> offre una soluzione innovativa per automatizzare i processi, ridurre i tempi di ciclo e migliorare la qualit\u00e0 del lavoro.<\/p>\n<h3><\/h3>","protected":false},"featured_media":1013917,"template":"","meta":[],"pwb-brand":[579],"product_brand":[],"product_cat":[280],"product_tag":[],"class_list":{"0":"post-1013647","1":"product","2":"type-product","3":"status-publish","4":"has-post-thumbnail","6":"pwb-brand-dobot","7":"product_cat-robot-collaborativi","9":"first","10":"instock","11":"shipping-taxable","12":"product-type-simple"},"brands":[{"id":579,"name":"Dobot","slug":"dobot"}],"_links":{"self":[{"href":"https:\/\/store.todsystem.com\/fr\/wp-json\/wp\/v2\/product\/1013647","targetHints":{"allow":["GET"]}}],"collection":[{"href":"https:\/\/store.todsystem.com\/fr\/wp-json\/wp\/v2\/product"}],"about":[{"href":"https:\/\/store.todsystem.com\/fr\/wp-json\/wp\/v2\/types\/product"}],"version-history":[{"count":5,"href":"https:\/\/store.todsystem.com\/fr\/wp-json\/wp\/v2\/product\/1013647\/revisions"}],"predecessor-version":[{"id":1014781,"href":"https:\/\/store.todsystem.com\/fr\/wp-json\/wp\/v2\/product\/1013647\/revisions\/1014781"}],"wp:featuredmedia":[{"embeddable":true,"href":"https:\/\/store.todsystem.com\/fr\/wp-json\/wp\/v2\/media\/1013917"}],"wp:attachment":[{"href":"https:\/\/store.todsystem.com\/fr\/wp-json\/wp\/v2\/media?parent=1013647"}],"wp:term":[{"taxonomy":"pwb-brand","embeddable":true,"href":"https:\/\/store.todsystem.com\/fr\/wp-json\/wp\/v2\/pwb-brand?post=1013647"},{"taxonomy":"product_brand","embeddable":true,"href":"https:\/\/store.todsystem.com\/fr\/wp-json\/wp\/v2\/product_brand?post=1013647"},{"taxonomy":"product_cat","embeddable":true,"href":"https:\/\/store.todsystem.com\/fr\/wp-json\/wp\/v2\/product_cat?post=1013647"},{"taxonomy":"product_tag","embeddable":true,"href":"https:\/\/store.todsystem.com\/fr\/wp-json\/wp\/v2\/product_tag?post=1013647"}],"curies":[{"name":"wp","href":"https:\/\/api.w.org\/{rel}","templated":true}]}}