{"id":1013624,"date":"2024-10-29T11:20:20","date_gmt":"2024-10-29T11:20:20","guid":{"rendered":"https:\/\/store.todsystem.com\/?post_type=product&#038;p=1013624"},"modified":"2025-09-30T14:58:06","modified_gmt":"2025-09-30T14:58:06","slug":"dobot-cr10a","status":"publish","type":"product","link":"https:\/\/store.todsystem.com\/fr\/produit-2\/dobot-cr10a\/","title":{"rendered":"Dobot CR10A \u2013 Braccio robotico collaborativo 6 assi 10 kg"},"content":{"rendered":"<div class=\"vgblk-rw-wrapper limit-wrapper\">Le <strong>Dobot CR10A<\/strong> \u00e8 un robot collaborativo progettato per affrontare le esigenze di automazione industriale pi\u00f9 impegnative. Con una capacit\u00e0 di carico di <strong>10 kg<\/strong> et un rayon d'action de <strong>1.300 mm<\/strong>les <strong>CR10A<\/strong> \u00e8 ideale per applicazioni che richiedono forza e precisione, come carico\/scarico, assemblaggio pesante, manipolazione di materiali e operazioni di controllo qualit\u00e0. Grazie alla sua robustezza, flessibilit\u00e0 e sicurezza avanzata, il <strong>CR10A<\/strong> \u00e8 la soluzione perfetta per ottimizzare la produttivit\u00e0 nelle industrie moderne.<\/p>\n<h2>Applicazioni del Dobot CR10A<\/h2>\n<ul>\n<li><strong data-start=\"5314\" data-end=\"5345\">Pallettizzazione automatica<\/strong><\/li>\n<li><strong data-start=\"5353\" data-end=\"5369\">Pick &amp; Place<\/strong><\/li>\n<li><strong data-start=\"5377\" data-end=\"5404\">Assemblaggio componenti<\/strong><\/li>\n<li><strong data-start=\"5412\" data-end=\"5439\">Saldatura automatizzata<\/strong><\/li>\n<li><strong data-start=\"5412\" data-end=\"5439\">Integrazione in celle robotizzate<\/strong><\/li>\n<\/ul>\n<h2 data-start=\"5590\" data-end=\"5620\">Sp\u00e9cifications techniques<\/h2>\n<div class=\"_tableContainer_1rjym_1\">\n<div class=\"group _tableWrapper_1rjym_13 flex w-fit flex-col-reverse\" tabindex=\"-1\">\n<table class=\"w-fit min-w-(--thread-content-width)\" data-start=\"5621\" data-end=\"5876\">\n<thead data-start=\"5621\" data-end=\"5643\">\n<tr data-start=\"5621\" data-end=\"5643\">\n<th data-start=\"5621\" data-end=\"5633\" data-col-size=\"sm\">Parametro<\/th>\n<th data-start=\"5633\" data-end=\"5643\" data-col-size=\"sm\">Valore<\/th>\n<\/tr>\n<\/thead>\n<tbody data-start=\"5668\" data-end=\"5876\">\n<tr data-start=\"5668\" data-end=\"5687\">\n<td data-start=\"5668\" data-end=\"5678\" data-col-size=\"sm\">Payload<\/td>\n<td data-start=\"5678\" data-end=\"5687\" data-col-size=\"sm\">10 kg<\/td>\n<\/tr>\n<tr data-start=\"5688\" data-end=\"5717\">\n<td data-start=\"5688\" data-end=\"5706\" data-col-size=\"sm\">D\u00e9bit maximal<\/td>\n<td data-start=\"5706\" data-end=\"5717\" data-col-size=\"sm\">1300 mm<\/td>\n<\/tr>\n<tr data-start=\"5718\" data-end=\"5730\">\n<td data-start=\"5718\" data-end=\"5725\" data-col-size=\"sm\">Assi<\/td>\n<td data-start=\"5725\" data-end=\"5730\" data-col-size=\"sm\">6<\/td>\n<\/tr>\n<tr data-start=\"5731\" data-end=\"5758\">\n<td data-start=\"5731\" data-end=\"5746\" data-col-size=\"sm\">R\u00e9p\u00e9tabilit\u00e9<\/td>\n<td data-start=\"5746\" data-end=\"5758\" data-col-size=\"sm\">\u00b10,03 mm<\/td>\n<\/tr>\n<tr data-start=\"5759\" data-end=\"5786\">\n<td data-start=\"5759\" data-end=\"5775\" data-col-size=\"sm\">Alimentation \u00e9lectrique<\/td>\n<td data-start=\"5775\" data-end=\"5786\" data-col-size=\"sm\">48 V DC<\/td>\n<\/tr>\n<tr data-start=\"5787\" data-end=\"5817\">\n<td data-start=\"5787\" data-end=\"5809\" data-col-size=\"sm\">Degr\u00e9 de protection<\/td>\n<td data-start=\"5809\" data-end=\"5817\" data-col-size=\"sm\">IP54<\/td>\n<\/tr>\n<tr data-start=\"5818\" data-end=\"5834\">\n<td data-start=\"5818\" data-end=\"5825\" data-col-size=\"sm\">Poids<\/td>\n<td data-start=\"5825\" data-end=\"5834\" data-col-size=\"sm\">40 kg<\/td>\n<\/tr>\n<tr data-start=\"5835\" data-end=\"5876\">\n<td data-start=\"5835\" data-end=\"5848\" data-col-size=\"sm\">Interfaces<\/td>\n<td data-start=\"5848\" data-end=\"5876\" data-col-size=\"sm\">Modbus, Ethernet, TCP\/IP<\/td>\n<\/tr>\n<\/tbody>\n<\/table>\n<\/div>\n<\/div>\n<h2>Performance<\/h2>\n<p>Con una capacit\u00e0 di carico di <strong>10 kg<\/strong> et un rayon d'action de <strong>1.200 mm<\/strong>les <strong>Dobot CR10A<\/strong> \u00e8 perfetto per applicazioni che richiedono sia forza che precisione, come assemblaggio, pallettizzazione e manipolazione di componenti ingombranti. La velocit\u00e0 lineare massima di <strong>2 m\/s<\/strong> e la velocit\u00e0 delle giunture di <strong>223\u00b0\/s<\/strong> assicurano un&#8217;operativit\u00e0 rapida ed efficiente, contribuendo a ottimizzare i cicli produttivi e ridurre i tempi di inattivit\u00e0.<\/p>\n<h2>Manoeuvrabilit\u00e9 et stabilit\u00e9<\/h2>\n<p>Con un peso di <strong>40 kg<\/strong>les <strong data-start=\"1602\" data-end=\"1617\">Dobot CR10A<\/strong> \u00e8 un robot robusto che offre una grande stabilit\u00e0 anche nelle operazioni pi\u00f9 gravose. La sua capacit\u00e0 di muoversi con grande precisione e la velocit\u00e0 delle giunture di 180\u00b0\/s lo rendono ideale per applicazioni che richiedono sia rapidit\u00e0 che accuratezza, mentre l&#8217;ampio raggio di lavoro gli permette di coprire ampie aree di produzione.<\/p>\n<h2>Technologie et s\u00e9curit\u00e9<\/h2>\n<p>Le <strong data-start=\"1987\" data-end=\"2002\">Dobot CR10A<\/strong> \u00e8 dotato di avanzati sensori di sicurezza che consentono al robot di operare in modo sicuro a fianco degli operatori, senza la necessit\u00e0 di barriere fisiche. La rilevazione di collisioni e l\u2019adattamento automatico della velocit\u00e0 garantiscono che il robot si comporti in modo sicuro anche durante le operazioni pi\u00f9 complesse. Inoltre, la programmazione intuitiva rende facile l\u2019integrazione del <strong>CR10A<\/strong> in qualsiasi processo produttivo, riducendo il tempo di configurazione e aumentando la produttivit\u00e0.<\/p>\n<h2>Pourquoi le choisir ?<\/h2>\n<p>Choisissez le <strong data-start=\"2813\" data-end=\"2828\">Dobot CR10A<\/strong> significa ottenere un robot collaborativo potente, preciso e sicuro, progettato per gestire carichi pesanti e applicazioni industriali ad alta intensit\u00e0. Grazie alla sua facile programmazione, sicurezza avanzata e prestazioni eccezionali, il <strong>CR10A<\/strong> \u00e8 la scelta ideale per le aziende che desiderano ottimizzare la produttivit\u00e0, ridurre i costi e garantire un ambiente di lavoro sicuro e altamente efficiente.<\/p>\n<h2 data-start=\"6281\" data-end=\"6318\">Scopri altri modelli Dobot<\/h2>\n<ul>\n<li data-start=\"6321\" data-end=\"6377\"><a href=\"https:\/\/store.todsystem.com\/fr\/produit-2\/dobot-cr5a\/\">Dobot Cr5<\/a><\/li>\n<li data-start=\"6321\" data-end=\"6377\"><a href=\"https:\/\/store.todsystem.com\/fr\/produit-2\/dobot-cr20a\/\">Dobot Cr20<\/a><\/li>\n<li data-start=\"6321\" data-end=\"6377\"><a href=\"https:\/\/store.todsystem.com\/fr\/marque\/dobot\/\">Tutti i modelli Dobot<\/a><\/li>\n<\/ul>\n<h2>FAQ<\/h2>\n<p data-start=\"6624\" data-end=\"6794\"><strong data-start=\"6624\" data-end=\"6678\">Q1: Il Dobot CR10A \u00e8 adatto alla pallettizzazione?<\/strong><br data-start=\"6678\" data-end=\"6681\" \/>S\u00ec, grazie alla sua portata e capacit\u00e0 di carico, \u00e8 ideale per automazioni di fine linea e movimentazione pallet.<\/p>\n<p data-start=\"6796\" data-end=\"6962\"><strong data-start=\"6796\" data-end=\"6842\">Q2: Serve formazione per utilizzare CR10A?<\/strong><br data-start=\"6842\" data-end=\"6845\" \/>No, l\u2019interfaccia user-friendly consente una rapida configurazione anche senza competenze di programmazione avanzata.<\/p>\n<\/div>\n<p><!-- .vgblk-rw-wrapper --><\/p>","protected":false},"excerpt":{"rendered":"<p data-start=\"4452\" data-end=\"4771\">Le <strong data-start=\"4455\" data-end=\"4470\"><a href=\"https:\/\/store.todsystem.com\/fr\/marque\/dobot\/\">Dobot<\/a> CR10A<\/strong> est un <strong data-start=\"4476\" data-end=\"4492\">cobot 6 assi<\/strong> progettato per applicazioni di automazione industriale, con una capacit\u00e0 di carico di <strong data-start=\"4579\" data-end=\"4588\">10 kg<\/strong> e una portata di <strong data-start=\"4606\" data-end=\"4617\">1300 mm<\/strong>. Facile da integrare e programmare, rappresenta una soluzione versatile per operazioni di <strong data-start=\"4708\" data-end=\"4768\">pallettizzazione, pick &amp; place, assemblaggio e saldatura<\/strong>.<\/p>\n<p data-start=\"4773\" data-end=\"4900\">Grazie alla <strong data-start=\"4785\" data-end=\"4813\">ripetibilit\u00e0 di \u00b10,03 mm<\/strong>, il CR10A garantisce precisione, affidabilit\u00e0 e sicurezza in ogni contesto produttivo.<\/p>","protected":false},"featured_media":1013881,"template":"","meta":[],"pwb-brand":[579],"product_brand":[],"product_cat":[280],"product_tag":[],"class_list":{"0":"post-1013624","1":"product","2":"type-product","3":"status-publish","4":"has-post-thumbnail","6":"pwb-brand-dobot","7":"product_cat-robot-collaborativi","9":"first","10":"instock","11":"featured","12":"shipping-taxable","13":"product-type-simple"},"brands":[{"id":579,"name":"Dobot","slug":"dobot"}],"_links":{"self":[{"href":"https:\/\/store.todsystem.com\/fr\/wp-json\/wp\/v2\/product\/1013624","targetHints":{"allow":["GET"]}}],"collection":[{"href":"https:\/\/store.todsystem.com\/fr\/wp-json\/wp\/v2\/product"}],"about":[{"href":"https:\/\/store.todsystem.com\/fr\/wp-json\/wp\/v2\/types\/product"}],"version-history":[{"count":11,"href":"https:\/\/store.todsystem.com\/fr\/wp-json\/wp\/v2\/product\/1013624\/revisions"}],"predecessor-version":[{"id":1019167,"href":"https:\/\/store.todsystem.com\/fr\/wp-json\/wp\/v2\/product\/1013624\/revisions\/1019167"}],"wp:featuredmedia":[{"embeddable":true,"href":"https:\/\/store.todsystem.com\/fr\/wp-json\/wp\/v2\/media\/1013881"}],"wp:attachment":[{"href":"https:\/\/store.todsystem.com\/fr\/wp-json\/wp\/v2\/media?parent=1013624"}],"wp:term":[{"taxonomy":"pwb-brand","embeddable":true,"href":"https:\/\/store.todsystem.com\/fr\/wp-json\/wp\/v2\/pwb-brand?post=1013624"},{"taxonomy":"product_brand","embeddable":true,"href":"https:\/\/store.todsystem.com\/fr\/wp-json\/wp\/v2\/product_brand?post=1013624"},{"taxonomy":"product_cat","embeddable":true,"href":"https:\/\/store.todsystem.com\/fr\/wp-json\/wp\/v2\/product_cat?post=1013624"},{"taxonomy":"product_tag","embeddable":true,"href":"https:\/\/store.todsystem.com\/fr\/wp-json\/wp\/v2\/product_tag?post=1013624"}],"curies":[{"name":"wp","href":"https:\/\/api.w.org\/{rel}","templated":true}]}}