{"id":1013619,"date":"2024-10-29T11:05:50","date_gmt":"2024-10-29T11:05:50","guid":{"rendered":"https:\/\/store.todsystem.com\/?post_type=product&#038;p=1013619"},"modified":"2025-06-18T09:27:47","modified_gmt":"2025-06-18T09:27:47","slug":"dobot-cr7a","status":"publish","type":"product","link":"https:\/\/store.todsystem.com\/fr\/produit-2\/dobot-cr7a\/","title":{"rendered":"Dobot CR7A"},"content":{"rendered":"<div class=\"vgblk-rw-wrapper limit-wrapper\">\n<h2><em><strong>Dobot CR7A: Il Cobot Potente per le Applicazioni Industriali Pi\u00f9 Esigenti<\/strong><\/em><\/h2>\n<p>Le <strong data-start=\"82\" data-end=\"96\">Dobot CR7A<\/strong> \u00e8 un robot collaborativo di ultima generazione, progettato per rispondere alle esigenze di automazione industriale che richiedono una maggiore capacit\u00e0 di carico e un ampio raggio di lavoro. Con una capacit\u00e0 di carico di <strong>7 kg<\/strong> et un rayon d'action de <strong>800 mm<\/strong>les <strong>CR7A<\/strong> \u00e8 perfetto per applicazioni complesse come assemblaggio di precisione, manipolazione di materiali pesanti e operazioni di controllo qualit\u00e0. Grazie alla sua sicurezza avanzata e facilit\u00e0 di programmazione, il <strong>CR7A<\/strong> \u00e8 la soluzione ideale per ottimizzare la produttivit\u00e0 in ambienti industriali dinamici.<\/p>\n<h2 data-start=\"667\" data-end=\"707\"><strong data-start=\"667\" data-end=\"707\">Principales caract\u00e9ristiques techniques :<\/strong><\/h2>\n<ul>\n<li data-start=\"708\" data-end=\"725\"><strong data-start=\"710\" data-end=\"719\">Poids :<\/strong> 24,5 kg<\/li>\n<li data-start=\"726\" data-end=\"752\"><strong data-start=\"728\" data-end=\"747\">Charge maximale :<\/strong> 7 kg<\/li>\n<li data-start=\"753\" data-end=\"783\"><strong data-start=\"755\" data-end=\"776\">Rayon d'action :<\/strong> 800 mm<\/li>\n<li data-start=\"784\" data-end=\"823\"><strong data-start=\"786\" data-end=\"815\">Vitesse lin\u00e9aire maximale :<\/strong> 2 m\/s<\/li>\n<li data-start=\"824\" data-end=\"966\"><strong data-start=\"826\" data-end=\"856\">Randonn\u00e9es communes : <\/strong>J3 : \u00b1 160\u00b0 (autres articulations : \u00b1 360\u00b0)<\/li>\n<li><strong>Velocit\u00e0 massima delle Giunture:\u00a0<\/strong><\/li>\n<\/ul>\n<ol>\n<li>J1\/J2 : 180\u00b0\/s<\/li>\n<li>J3 : 180\u00b0\/s<\/li>\n<li>J4\/J5\/J6 : 223\u00b0\/s<\/li>\n<\/ol>\n<h2><strong data-start=\"1014\" data-end=\"1030\">Performance :<\/strong><\/h2>\n<p>Le <strong data-start=\"1034\" data-end=\"1048\">Dobot CR7A<\/strong> \u00e8 progettato per offrire alte prestazioni in applicazioni industriali che richiedono un\u2019elevata capacit\u00e0 di carico e precisione. Con una capacit\u00e0 di carico di<strong> 7 kg<\/strong> et un rayon d'action de <strong>800 mm<\/strong>, questo cobot \u00e8 perfetto per compiti che necessitano di forza e affidabilit\u00e0, come carico\/scarico, assemblaggio e operazioni di test. La velocit\u00e0 lineare massima di <strong>2 m\/s<\/strong> e la velocit\u00e0 massima delle giunture di <strong>223\u00b0\/s<\/strong> assicurano che il robot possa eseguire i movimenti in modo rapido e preciso, migliorando l&#8217;efficienza dei processi produttivi.<\/p>\n<h2><strong data-start=\"1593\" data-end=\"1623\">Manoeuvrabilit\u00e9 et stabilit\u00e9 :<\/strong><\/h2>\n<p>Con un peso di 38 kg, il <strong data-start=\"1649\" data-end=\"1663\">Dobot CR7A<\/strong> \u00e8 robusto e stabile, ma abbastanza compatto per adattarsi a spazi di lavoro relativamente ridotti. Il robot \u00e8 in grado di eseguire movimenti veloci e precisi senza compromettere la stabilit\u00e0, anche durante operazioni complesse e dinamiche. La velocit\u00e0 massima delle giunture di <strong>223\u00b0\/s<\/strong> gli consente di completare operazioni in tempi rapidi, ottimizzando i cicli di produzione.<\/p>\n<h2><strong data-start=\"2041\" data-end=\"2068\">Technologie et s\u00e9curit\u00e9 :<\/strong><\/h2>\n<p>Le <strong data-start=\"2072\" data-end=\"2086\">Dobot CR7A<\/strong> \u00e8 dotato di avanzati sensori di sicurezza che gli permettono di lavorare in sicurezza fianco a fianco con gli operatori senza l\u2019uso di barriere fisiche. La protezione contro i sovraccarichi, la rilevazione di collisioni e l\u2019adattamento automatico della velocit\u00e0 assicurano che il robot possa operare in totale sicurezza, riducendo al minimo i rischi. Inoltre, la programmazione intuitiva e l\u2019interfaccia <strong>user-friendly<\/strong> rendono il <strong>CR7A<\/strong> facile da integrare in qualsiasi processo produttivo.<\/p>\n<h2><strong data-start=\"2790\" data-end=\"2812\">Pourquoi le choisir ?<\/strong><\/h2>\n<p>Choisissez le <strong data-start=\"2826\" data-end=\"2840\">Dobot CR7A<\/strong> significa optare per un robot collaborativo potente, sicuro ed efficiente, ideale per applicazioni industriali che richiedono capacit\u00e0 di carico elevate e alta precisione. Grazie alla sua facilit\u00e0 di programmazione, sicurezza avanzata e prestazioni superiori, il CR7A \u00e8 la soluzione perfetta per le aziende che desiderano ottimizzare la produttivit\u00e0, ridurre i tempi di ciclo e migliorare l\u2019efficienza operativa mantenendo un ambiente di lavoro sicuro e collaborativo.<\/div>\n<p><!-- .vgblk-rw-wrapper --><\/p>","protected":false},"excerpt":{"rendered":"<p>Le\u00a0<strong>Dobot CR7A<\/strong>\u00a0rappresenta l&#8217;avanguardia della robotica collaborativa, offrendo un&#8217;eccellente combinazione di forza, flessibilit\u00e0 e facilit\u00e0 d&#8217;uso. Progettato per affrontare applicazioni pesanti in vari settori, il <strong>CR7A<\/strong> \u00e8 un\u2019aggiunta preziosa per qualsiasi impianto di produzione che ricerca efficienza e affidabilit\u00e0.<\/p>","protected":false},"featured_media":1013932,"template":"","meta":[],"pwb-brand":[579],"product_brand":[],"product_cat":[280],"product_tag":[],"class_list":{"0":"post-1013619","1":"product","2":"type-product","3":"status-publish","4":"has-post-thumbnail","6":"pwb-brand-dobot","7":"product_cat-robot-collaborativi","9":"first","10":"instock","11":"shipping-taxable","12":"product-type-simple"},"brands":[{"id":579,"name":"Dobot","slug":"dobot"}],"_links":{"self":[{"href":"https:\/\/store.todsystem.com\/fr\/wp-json\/wp\/v2\/product\/1013619","targetHints":{"allow":["GET"]}}],"collection":[{"href":"https:\/\/store.todsystem.com\/fr\/wp-json\/wp\/v2\/product"}],"about":[{"href":"https:\/\/store.todsystem.com\/fr\/wp-json\/wp\/v2\/types\/product"}],"version-history":[{"count":5,"href":"https:\/\/store.todsystem.com\/fr\/wp-json\/wp\/v2\/product\/1013619\/revisions"}],"predecessor-version":[{"id":1016030,"href":"https:\/\/store.todsystem.com\/fr\/wp-json\/wp\/v2\/product\/1013619\/revisions\/1016030"}],"wp:featuredmedia":[{"embeddable":true,"href":"https:\/\/store.todsystem.com\/fr\/wp-json\/wp\/v2\/media\/1013932"}],"wp:attachment":[{"href":"https:\/\/store.todsystem.com\/fr\/wp-json\/wp\/v2\/media?parent=1013619"}],"wp:term":[{"taxonomy":"pwb-brand","embeddable":true,"href":"https:\/\/store.todsystem.com\/fr\/wp-json\/wp\/v2\/pwb-brand?post=1013619"},{"taxonomy":"product_brand","embeddable":true,"href":"https:\/\/store.todsystem.com\/fr\/wp-json\/wp\/v2\/product_brand?post=1013619"},{"taxonomy":"product_cat","embeddable":true,"href":"https:\/\/store.todsystem.com\/fr\/wp-json\/wp\/v2\/product_cat?post=1013619"},{"taxonomy":"product_tag","embeddable":true,"href":"https:\/\/store.todsystem.com\/fr\/wp-json\/wp\/v2\/product_tag?post=1013619"}],"curies":[{"name":"wp","href":"https:\/\/api.w.org\/{rel}","templated":true}]}}