{"id":1013612,"date":"2024-10-29T10:46:55","date_gmt":"2024-10-29T10:46:55","guid":{"rendered":"https:\/\/store.todsystem.com\/?post_type=product&#038;p=1013612"},"modified":"2025-06-18T09:14:25","modified_gmt":"2025-06-18T09:14:25","slug":"dobot-cr5a","status":"publish","type":"product","link":"https:\/\/store.todsystem.com\/fr\/produit-2\/dobot-cr5a\/","title":{"rendered":"Dobot CR5A"},"content":{"rendered":"<div class=\"vgblk-rw-wrapper limit-wrapper\">\n<h2><strong><em>Dobot CR5A : Le robot collaboratif pour l'automatisation industrielle<\/em><\/strong><\/h2>\n<p>Le <strong data-start=\"71\" data-end=\"85\">Dobot CR5A<\/strong> est un robot collaboratif con\u00e7u pour optimiser l'automatisation dans les environnements industriels, en particulier dans les petites et moyennes entreprises. Dot\u00e9 d'une capacit\u00e9 de charge sup\u00e9rieure \u00e0 celle des mod\u00e8les pr\u00e9c\u00e9dents, le <strong>CR5A<\/strong> est id\u00e9al pour une large gamme d'applications telles que l'assemblage, le pick-and-place, le contr\u00f4le de la qualit\u00e9 et les op\u00e9rations de test. Gr\u00e2ce \u00e0 sa s\u00e9curit\u00e9 int\u00e9gr\u00e9e et \u00e0 sa facilit\u00e9 de programmation, le <strong>CR5A<\/strong> est la solution id\u00e9ale pour augmenter l'efficacit\u00e9 de la production tout en maintenant un environnement de travail s\u00fbr et collaboratif.<\/p>\n<h2><strong>Principales caract\u00e9ristiques techniques :<\/strong><\/h2>\n<ul>\n<li data-start=\"575\" data-end=\"592\"><strong data-start=\"577\" data-end=\"586\">Poids :<\/strong> 25 kg<\/li>\n<li data-start=\"593\" data-end=\"619\"><strong data-start=\"595\" data-end=\"614\">Charge maximale :<\/strong> 5 kg<\/li>\n<li data-start=\"620\" data-end=\"650\"><strong data-start=\"622\" data-end=\"643\">Rayon d'action :<\/strong> 900 mm<\/li>\n<li data-start=\"651\" data-end=\"690\"><strong data-start=\"653\" data-end=\"682\">Vitesse lin\u00e9aire maximale :<\/strong>\u00a02 m\/s<\/li>\n<li data-start=\"691\" data-end=\"834\"><strong data-start=\"693\" data-end=\"723\">Randonn\u00e9es communes :\u00a0<\/strong>J3 : \u00b1 160\u00b0 (autres articulations : \u00b1 360\u00b0)<\/li>\n<li><strong data-start=\"837\" data-end=\"873\">Vitesse maximale de l'articulation :\u00a0<\/strong><\/li>\n<\/ul>\n<ol>\n<li>J1\/J2 : 180\u00b0\/s<\/li>\n<li>J3 : 180\u00b0\/s<\/li>\n<li>J4\/J5\/J6 : 223\u00b0\/s<\/li>\n<\/ol>\n<h2><strong>Performance :<\/strong><\/h2>\n<p>Le\u00a0<strong>Dobot CR5A<\/strong> est dot\u00e9 d'un algorithme avanc\u00e9 de contr\u00f4le des mouvements qui garantit la stabilit\u00e9 et la pr\u00e9cision m\u00eame pendant les op\u00e9rations \u00e0 grande vitesse. Avec une capacit\u00e9 de charge de <strong>5 kg<\/strong> et un rayon d'action de <strong>900 mm<\/strong>Il est id\u00e9al pour les t\u00e2ches n\u00e9cessitant une port\u00e9e et une force plus importantes, telles que le chargement\/d\u00e9chargement de composants lourds ou les op\u00e9rations de contr\u00f4le de la qualit\u00e9. La vitesse lin\u00e9aire maximale de <strong>2 m\/s<\/strong> optimise les temps de cycle, ce qui rend la <strong>CR5A<\/strong> convient \u00e9galement pour une production plus rapide.<\/p>\n<h2><strong data-start=\"1513\" data-end=\"1543\">Manoeuvrabilit\u00e9 et stabilit\u00e9 :<\/strong><\/h2>\n<p>Le <strong data-start=\"1547\" data-end=\"1561\">Dobot CR5A<\/strong> se caract\u00e9rise par une grande maniabilit\u00e9 et une construction robuste. Avec un poids de <strong>25 kg<\/strong>est suffisamment compact pour s'int\u00e9grer dans des espaces de travail r\u00e9duits, tout en conservant une excellente stabilit\u00e9 pendant le fonctionnement. Le robot est capable de mouvements pr\u00e9cis et rapides gr\u00e2ce \u00e0 sa vitesse maximale de 1,5 m\/s. <strong>223\u00b0\/s<\/strong>garantissant la fluidit\u00e9, m\u00eame dans les op\u00e9rations exigeant une dynamique et une flexibilit\u00e9 \u00e9lev\u00e9es.<\/p>\n<h2><strong data-start=\"2002\" data-end=\"2029\">Technologie et s\u00e9curit\u00e9 :<\/strong><\/h2>\n<p>Le <strong data-start=\"2033\" data-end=\"2047\">Dobot CR5A<\/strong> int\u00e8gre des capteurs de s\u00e9curit\u00e9 avanc\u00e9s qui lui permettent de travailler c\u00f4te \u00e0 c\u00f4te avec des op\u00e9rateurs sans avoir besoin de barri\u00e8res physiques, tout en offrant un environnement s\u00fbr. La capacit\u00e9 \u00e0 d\u00e9tecter les collisions et \u00e0 adapter automatiquement la vitesse et le mouvement garantit une protection compl\u00e8te. Le robot est facilement programmable via une interface intuitive, ce qui le rend accessible m\u00eame aux utilisateurs n'ayant pas d'exp\u00e9rience dans la programmation de robots, acc\u00e9l\u00e9rant ainsi son int\u00e9gration dans les processus de production.<\/p>\n<h2><strong data-start=\"2814\" data-end=\"2836\">Pourquoi le choisir ?<\/strong><\/h2>\n<p>Choisissez le <strong data-start=\"2850\" data-end=\"2864\">Dobot CR5A<\/strong> Il s'agit d'opter pour un robot collaboratif puissant et polyvalent, capable de manipuler des charges allant jusqu'\u00e0 <strong>5 kg<\/strong>avec une grande pr\u00e9cision dans les op\u00e9rations. Sa facilit\u00e9 de programmation, son adaptabilit\u00e9 et ses fonctions de s\u00e9curit\u00e9 avanc\u00e9es en font un outil id\u00e9al pour les entreprises qui cherchent \u00e0 am\u00e9liorer l'efficacit\u00e9 de leur production et \u00e0 r\u00e9duire leurs co\u00fbts d'exploitation, tout en maintenant un environnement de travail s\u00fbr et collaboratif.<\/div>\n<p><!-- .vgblk-rw-wrapper --><\/p>","protected":false},"excerpt":{"rendered":"<p>Le\u00a0<strong>Dobot CR5A<\/strong>\u00a0repr\u00e9sente l'excellence en mati\u00e8re d'automatisation industrielle. Con\u00e7u pour effectuer des op\u00e9rations lourdes d'emballage, de palettisation et de soudage, ce robot collaboratif associe une conception innovante \u00e0 des technologies avanc\u00e9es afin d'optimiser les performances dans diff\u00e9rents contextes industriels.<\/p>","protected":false},"featured_media":1016013,"template":"","meta":[],"pwb-brand":[579],"product_brand":[],"product_cat":[280],"product_tag":[],"class_list":{"0":"post-1013612","1":"product","2":"type-product","3":"status-publish","4":"has-post-thumbnail","6":"pwb-brand-dobot","7":"product_cat-robot-collaborativi","9":"first","10":"instock","11":"shipping-taxable","12":"product-type-simple"},"brands":[{"id":579,"name":"Dobot","slug":"dobot"}],"_links":{"self":[{"href":"https:\/\/store.todsystem.com\/fr\/wp-json\/wp\/v2\/product\/1013612","targetHints":{"allow":["GET"]}}],"collection":[{"href":"https:\/\/store.todsystem.com\/fr\/wp-json\/wp\/v2\/product"}],"about":[{"href":"https:\/\/store.todsystem.com\/fr\/wp-json\/wp\/v2\/types\/product"}],"version-history":[{"count":6,"href":"https:\/\/store.todsystem.com\/fr\/wp-json\/wp\/v2\/product\/1013612\/revisions"}],"predecessor-version":[{"id":1014742,"href":"https:\/\/store.todsystem.com\/fr\/wp-json\/wp\/v2\/product\/1013612\/revisions\/1014742"}],"wp:featuredmedia":[{"embeddable":true,"href":"https:\/\/store.todsystem.com\/fr\/wp-json\/wp\/v2\/media\/1016013"}],"wp:attachment":[{"href":"https:\/\/store.todsystem.com\/fr\/wp-json\/wp\/v2\/media?parent=1013612"}],"wp:term":[{"taxonomy":"pwb-brand","embeddable":true,"href":"https:\/\/store.todsystem.com\/fr\/wp-json\/wp\/v2\/pwb-brand?post=1013612"},{"taxonomy":"product_brand","embeddable":true,"href":"https:\/\/store.todsystem.com\/fr\/wp-json\/wp\/v2\/product_brand?post=1013612"},{"taxonomy":"product_cat","embeddable":true,"href":"https:\/\/store.todsystem.com\/fr\/wp-json\/wp\/v2\/product_cat?post=1013612"},{"taxonomy":"product_tag","embeddable":true,"href":"https:\/\/store.todsystem.com\/fr\/wp-json\/wp\/v2\/product_tag?post=1013612"}],"curies":[{"name":"wp","href":"https:\/\/api.w.org\/{rel}","templated":true}]}}