{"id":1013563,"date":"2024-10-28T14:36:41","date_gmt":"2024-10-28T14:36:41","guid":{"rendered":"https:\/\/store.todsystem.com\/?post_type=product&#038;p=1013563"},"modified":"2025-09-23T13:31:26","modified_gmt":"2025-09-23T13:31:26","slug":"universal-robot-ur-20","status":"publish","type":"product","link":"https:\/\/store.todsystem.com\/fr\/produit-2\/universal-robot-ur-20\/","title":{"rendered":"Robot universel UR 20"},"content":{"rendered":"<div class=\"vgblk-rw-wrapper limit-wrapper\">\n<h2><em><strong>Universal Robot UR20 di Dobot Robotics: Il Robot Collaborativo per Automazione Industriale<\/strong><\/em><\/h2>\n<p>Le <strong data-start=\"99\" data-end=\"123\">Universal Robot UR20<\/strong> di Dobot Robotics \u00e8 un robot collaborativo altamente versatile, progettato per rispondere alle esigenze di automazione in ambienti produttivi e industriali. Grazie alla sua capacit\u00e0 di interagire con gli operatori e alla sua facilit\u00e0 di programmazione, l&#8217; <strong data-start=\"380\" data-end=\"388\">UR20<\/strong> \u00e8 una soluzione ideale per ottimizzare i processi di lavoro, ridurre i tempi di produzione e migliorare l&#8217;efficienza operativa.<\/p>\n<h2 data-start=\"745\" data-end=\"785\"><strong data-start=\"745\" data-end=\"785\">Principales caract\u00e9ristiques techniques :<\/strong><\/h2>\n<ul data-start=\"786\" data-end=\"1093\">\n<li data-start=\"786\" data-end=\"805\"><strong data-start=\"788\" data-end=\"797\">Poids :<\/strong> 64 kg<\/li>\n<li data-start=\"806\" data-end=\"833\"><strong data-start=\"808\" data-end=\"827\">Charge maximale :<\/strong> 20 kg<\/li>\n<li data-start=\"834\" data-end=\"866\"><strong data-start=\"836\" data-end=\"857\">Rayon d'action :<\/strong> 1750 mm<\/li>\n<li data-start=\"867\" data-end=\"904\"><strong data-start=\"869\" data-end=\"898\">Vitesse lin\u00e9aire maximale :<\/strong>\u00a01 m\/s<\/li>\n<li data-start=\"905\" data-end=\"1047\"><strong data-start=\"907\" data-end=\"937\">Randonn\u00e9es communes :<\/strong>\n<ol data-start=\"940\" data-end=\"1047\">\n<li data-start=\"940\" data-end=\"959\">J 1\/J2: \u00b1120\u00b0<\/li>\n<li data-start=\"940\" data-end=\"959\">J3: \u00b1150\u00b0<\/li>\n<li data-start=\"962\" data-end=\"981\">J4\/J5\/J6: \u00b1210\u00b0<\/li>\n<\/ol>\n<\/li>\n<li data-start=\"1048\" data-end=\"1093\"><strong data-start=\"1050\" data-end=\"1086\">Vitesse maximale de l'articulation :<\/strong> 210\u00b0\/s<\/li>\n<\/ul>\n<p>&nbsp;<\/p>\n<p><span style=\"color: var(--vamtam-widget-text-lighter); letter-spacing: var(--vamtam-primary-font-letter-spacing-desktop,normal); text-transform: var(--vamtam-primary-font-transform,none);\"><img fetchpriority=\"high\" decoding=\"async\" class=\"alignnone size-medium wp-image-1013568\" src=\"https:\/\/store.todsystem.com\/wp-content\/uploads\/2024\/10\/Immagine-2024-10-28-151404-205x300.png\" alt=\"\" width=\"205\" height=\"300\" srcset=\"https:\/\/store.todsystem.com\/wp-content\/uploads\/2024\/10\/Immagine-2024-10-28-151404-205x300.png 205w, https:\/\/store.todsystem.com\/wp-content\/uploads\/2024\/10\/Immagine-2024-10-28-151404-64x94.png 64w, https:\/\/store.todsystem.com\/wp-content\/uploads\/2024\/10\/Immagine-2024-10-28-151404.png 226w\" sizes=\"(max-width: 205px) 100vw, 205px\" \/> <img decoding=\"async\" class=\"alignnone size-medium wp-image-1013567\" src=\"https:\/\/store.todsystem.com\/wp-content\/uploads\/2024\/10\/Immagine-2024-10-28-151530-204x300.png\" alt=\"\" width=\"204\" height=\"300\" srcset=\"https:\/\/store.todsystem.com\/wp-content\/uploads\/2024\/10\/Immagine-2024-10-28-151530-204x300.png 204w, https:\/\/store.todsystem.com\/wp-content\/uploads\/2024\/10\/Immagine-2024-10-28-151530-64x94.png 64w, https:\/\/store.todsystem.com\/wp-content\/uploads\/2024\/10\/Immagine-2024-10-28-151530.png 224w\" sizes=\"(max-width: 204px) 100vw, 204px\" \/> <img decoding=\"async\" class=\"alignnone size-medium wp-image-1013566\" src=\"https:\/\/store.todsystem.com\/wp-content\/uploads\/2024\/10\/Immagine-2024-10-28-151550-205x300.png\" alt=\"\" width=\"205\" height=\"300\" srcset=\"https:\/\/store.todsystem.com\/wp-content\/uploads\/2024\/10\/Immagine-2024-10-28-151550-205x300.png 205w, https:\/\/store.todsystem.com\/wp-content\/uploads\/2024\/10\/Immagine-2024-10-28-151550-64x94.png 64w, https:\/\/store.todsystem.com\/wp-content\/uploads\/2024\/10\/Immagine-2024-10-28-151550.png 233w\" sizes=\"(max-width: 205px) 100vw, 205px\" \/>\u00a0<\/span><\/p>\n<p>&nbsp;<\/p>\n<h2><strong data-start=\"882\" data-end=\"898\">Performance :<\/strong><\/h2>\n<p>L' <strong data-start=\"902\" data-end=\"910\">UR20<\/strong> \u00e8 progettato per eseguire una vasta gamma di operazioni in modo preciso e affidabile. Con una capacit\u00e0 di carico di <strong>20 kg<\/strong> e un ampio raggio di lavoro di <strong>1.750 mm<\/strong>, il robot \u00e8 perfetto per operazioni di assemblaggio, manipolazione, controllo qualit\u00e0 e packaging. La ripetibilit\u00e0 di <strong>\u00b1 0.05 mm<\/strong> consente di eseguire movimenti precisi anche per compiti complessi, migliorando la qualit\u00e0 e riducendo gli errori. Questo lo rende una scelta eccellente per applicazioni industriali che richiedono precisione e adattabilit\u00e0.<\/p>\n<h2><strong data-start=\"1426\" data-end=\"1456\">Manoeuvrabilit\u00e9 et stabilit\u00e9 :<\/strong><\/h2>\n<p>Con un peso di 28 kg, l&#8217; <strong data-start=\"1482\" data-end=\"1490\">UR20<\/strong> \u00e8 progettato per essere facilmente integrato in ambienti di lavoro con spazi ristretti e per essere montato in diverse posizioni. La velocit\u00e0 massima di <strong>1 m\/s<\/strong> consente una rapida esecuzione delle operazioni, mentre la sua stabilit\u00e0 garantisce che il robot mantenga una perfetta precisione anche durante le attivit\u00e0 ad alta velocit\u00e0. Questo modello \u00e8 ideale per aumentare l&#8217;efficienza delle operazioni produttive, riducendo i tempi di ciclo e ottimizzando la produttivit\u00e0.<\/p>\n<h2><strong data-start=\"1966\" data-end=\"1993\">Technologie et s\u00e9curit\u00e9 :<\/strong><\/h2>\n<p>Come tutti i robot della serie UR, l&#8217; <strong data-start=\"2032\" data-end=\"2040\">UR20<\/strong> \u00e8 dotato di avanzati sistemi di sicurezza che consentono la collaborazione sicura con gli operatori, senza la necessit\u00e0 di barriere fisiche. I sensori integrati monitorano continuamente l&#8217;ambiente di lavoro, regolando automaticamente la velocit\u00e0 e i movimenti per evitare incidenti. La programmazione del robot \u00e8 semplice e intuitiva grazie a un&#8217;interfaccia t<strong>ouch-screen user-friendly<\/strong>, che supporta anche linguaggi di programmazione come <strong>Blockly<\/strong> e <strong>URScript<\/strong>, rendendo l&#8217;integrazione con i sistemi aziendali estremamente facile.<\/p>\n<h2><strong data-start=\"2822\" data-end=\"2844\">Pourquoi le choisir ?<\/strong><\/h2>\n<p>Le <strong data-start=\"2848\" data-end=\"2872\">Universal Robot UR20<\/strong> \u00e8 la scelta ideale per le aziende che necessitano di un robot collaborativo compatto, potente e preciso. Grazie alla sua capacit\u00e0 di carico di <strong>20 kg<\/strong> e al raggio di lavoro esteso, \u00e8 perfetto per una vasta gamma di applicazioni industriali. La facilit\u00e0 di programmazione e l\u2019alta sicurezza lo rendono una soluzione efficace per ottimizzare i processi produttivi, migliorare l\u2019efficienza e ridurre i costi operativi, il tutto mantenendo un ambiente di lavoro sicuro e senza barriere.<\/div>\n<p><!-- .vgblk-rw-wrapper --><\/p>","protected":false},"excerpt":{"rendered":"<p>L'<strong data-start=\"2\" data-end=\"26\">Universal Robot UR20<\/strong> \u00e8 un cobot avanzato progettato per offrire versatilit\u00e0 e precisione in ambienti industriali. Con una capacit\u00e0 di carico di 20 kg e un raggio d\u2019azione di 1750 mm, questo robot collaborativo \u00e8 perfetto per applicazioni come assemblaggio, manipolazione di materiali e controllo qualit\u00e0. La sua configurazione user-friendly e i sensori di sicurezza avanzati permettono un&#8217;integrazione facile e sicura negli ambienti di lavoro, migliorando l\u2019efficienza e riducendo i tempi di ciclo senza necessit\u00e0 di barriere fisiche.<\/p>","protected":false},"featured_media":1013564,"template":"","meta":[],"pwb-brand":[577],"product_brand":[],"product_cat":[280],"product_tag":[],"class_list":{"0":"post-1013563","1":"product","2":"type-product","3":"status-publish","4":"has-post-thumbnail","6":"pwb-brand-universal-robots","7":"product_cat-robot-collaborativi","9":"first","10":"instock","11":"shipping-taxable","12":"product-type-simple"},"brands":[{"id":577,"name":"Robots universels","slug":"universal-robots"}],"_links":{"self":[{"href":"https:\/\/store.todsystem.com\/fr\/wp-json\/wp\/v2\/product\/1013563","targetHints":{"allow":["GET"]}}],"collection":[{"href":"https:\/\/store.todsystem.com\/fr\/wp-json\/wp\/v2\/product"}],"about":[{"href":"https:\/\/store.todsystem.com\/fr\/wp-json\/wp\/v2\/types\/product"}],"version-history":[{"count":17,"href":"https:\/\/store.todsystem.com\/fr\/wp-json\/wp\/v2\/product\/1013563\/revisions"}],"predecessor-version":[{"id":1018781,"href":"https:\/\/store.todsystem.com\/fr\/wp-json\/wp\/v2\/product\/1013563\/revisions\/1018781"}],"wp:featuredmedia":[{"embeddable":true,"href":"https:\/\/store.todsystem.com\/fr\/wp-json\/wp\/v2\/media\/1013564"}],"wp:attachment":[{"href":"https:\/\/store.todsystem.com\/fr\/wp-json\/wp\/v2\/media?parent=1013563"}],"wp:term":[{"taxonomy":"pwb-brand","embeddable":true,"href":"https:\/\/store.todsystem.com\/fr\/wp-json\/wp\/v2\/pwb-brand?post=1013563"},{"taxonomy":"product_brand","embeddable":true,"href":"https:\/\/store.todsystem.com\/fr\/wp-json\/wp\/v2\/product_brand?post=1013563"},{"taxonomy":"product_cat","embeddable":true,"href":"https:\/\/store.todsystem.com\/fr\/wp-json\/wp\/v2\/product_cat?post=1013563"},{"taxonomy":"product_tag","embeddable":true,"href":"https:\/\/store.todsystem.com\/fr\/wp-json\/wp\/v2\/product_tag?post=1013563"}],"curies":[{"name":"wp","href":"https:\/\/api.w.org\/{rel}","templated":true}]}}