{"id":1013538,"date":"2025-07-03T07:50:04","date_gmt":"2025-07-03T07:50:04","guid":{"rendered":"https:\/\/store.todsystem.com\/?post_type=product&#038;p=1013538"},"modified":"2025-07-03T07:50:04","modified_gmt":"2025-07-03T07:50:04","slug":"pudu-cc1","status":"publish","type":"product","link":"https:\/\/store.todsystem.com\/fr\/produit-2\/pudu-cc1\/","title":{"rendered":"PUDU CC1"},"content":{"rendered":"<div class=\"vgblk-rw-wrapper limit-wrapper\">Le robot <strong>Pudu CC1<\/strong> offre un service propre <strong>quatre en un<\/strong> qui combine les fonctions de balayage, de r\u00e9curage et d'aspiration, assurant une hygi\u00e8ne compl\u00e8te sur diff\u00e9rents types de sols. Avec une puissance d'aspiration de 17 000 Pa, il permet d'\u00e9liminer les taches les plus tenaces sans laisser de traces. \u00c9quip\u00e9 d'une brosse lat\u00e9rale pour un nettoyage pr\u00e9cis des bords, le Pudu CC1 est con\u00e7u pour assurer une hygi\u00e8ne parfaite, m\u00eame dans les coins les plus difficiles d'acc\u00e8s.<\/p>\n<p>Principales caract\u00e9ristiques techniques :<\/p>\n<ul>\n<li><strong>Modes de nettoyage<\/strong>: Balayer, laver, r\u00e9curer, passer l'aspirateur<\/li>\n<li><strong>Capacit\u00e9s des r\u00e9servoirs<\/strong>:\n<ul>\n<li>R\u00e9servoir d'eau douce : 15 litres<\/li>\n<li>R\u00e9servoir d'eau sale : 15 litres<\/li>\n<\/ul>\n<\/li>\n<li><strong>Temps de recharge<\/strong>&lt; 3 heures<\/li>\n<li><strong>Dur\u00e9e de vie de la batterie<\/strong>:\n<ul>\n<li>Balayage : 5 heures<\/li>\n<li>Aspiration + lavage : 5 heures<\/li>\n<li>Passer l'aspirateur sur les tapis : 4 heures<\/li>\n<li>Lavage silencieux : 9 heures<\/li>\n<\/ul>\n<\/li>\n<li><strong>Bruit<\/strong>&lt; 70 dB<\/li>\n<li><strong>Vitesse de croisi\u00e8re<\/strong>Jusqu'\u00e0 1,2 m\/s<\/li>\n<li><strong>Aspiration<\/strong>10 000 - 15 000 Pa<\/li>\n<li><strong>Efficacit\u00e9 du nettoyage<\/strong>720-1 200 m\u00b2\/h<\/li>\n<\/ul>\n<p>&nbsp;<\/p>\n<p>Fonctionnalit\u00e9 de nettoyage intelligent<\/p>\n<p><strong>Pudu CC1<\/strong> utilise le syst\u00e8me de navigation avanc\u00e9 <strong>PUDU SLAM<\/strong>qui int\u00e8gre les technologies SLAM visuelle et SLAM laser pour permettre une cartographie pr\u00e9cise et une navigation efficace, m\u00eame dans des environnements complexes. Gr\u00e2ce \u00e0 la <strong>reprise \u00e0 partir du point d'interruption<\/strong>le robot est capable de reprendre automatiquement l'activit\u00e9 de nettoyage \u00e0 l'endroit exact o\u00f9 elle a \u00e9t\u00e9 interrompue en cas de batterie faible.<\/p>\n<p>Fonctionnalit\u00e9 d'autonomie<\/p>\n<p>Le robot est \u00e9quip\u00e9 d'un <strong>poste de travail exclusif<\/strong> qui permet l'ajout et la vidange automatiques de l'eau, \u00e9vitant ainsi toute intervention manuelle. La recharge s'effectue automatiquement : lorsque la batterie est d\u00e9charg\u00e9e, <strong>Pudu CC1<\/strong> retourne de mani\u00e8re autonome \u00e0 la station pour se recharger.<\/p>\n<p>Poign\u00e9e extensible<\/p>\n<p>La poign\u00e9e extensible facilite la manipulation des <strong>Pudu CC1<\/strong> plus ergonomique, facilitant \u00e0 la fois la cr\u00e9ation de cartes de nettoyage et la gestion des urgences de nettoyage.<\/p>\n<p>Contr\u00f4le et rapports num\u00e9riques<\/p>\n<p><strong>Pudu CC1<\/strong> est \u00e9quip\u00e9 d'un syst\u00e8me de surveillance num\u00e9rique qui envoie des notifications et des rapports en temps r\u00e9el sur les performances de nettoyage, en indiquant la zone nettoy\u00e9e et le temps pass\u00e9. Cette fonction vous permet de contr\u00f4ler l'efficacit\u00e9 et l'efficience du nettoyage, fournissant ainsi des informations pr\u00e9cieuses pour l'optimisation du processus.<\/p>\n<p>Pourquoi le choisir ?<\/p>\n<p><strong>Pudu CC1<\/strong> est le choix id\u00e9al pour les grands espaces commerciaux qui n\u00e9cessitent un nettoyage fr\u00e9quent et approfondi. Gr\u00e2ce \u00e0 sa capacit\u00e9 \u00e0 g\u00e9rer plusieurs fonctions de nettoyage en une seule fois, \u00e0 sa navigation autonome et \u00e0 sa gestion enti\u00e8rement automatique de l'eau et des recharges, <strong>Pudu CC1<\/strong> offre un fonctionnement continu et une maintenance minimale, ce qui maximise l'efficacit\u00e9 et les r\u00e9sultats.<\/div>\n<p><!-- .vgblk-rw-wrapper --><\/p>","protected":false},"excerpt":{"rendered":"<p><strong>Pudu CC1<\/strong> est un robot de nettoyage commercial intelligent et multifonctionnel con\u00e7u pour offrir une solution de nettoyage compl\u00e8te en un seul appareil. Avec ses capacit\u00e9s de balayage, de lavage, de r\u00e9curage et d'aspiration, le Pudu CC1 est capable de r\u00e9pondre \u00e0 tous les besoins de nettoyage dans des environnements commerciaux complexes, en offrant flexibilit\u00e9, autonomie et grande puissance d'aspiration.<\/p>\n<h3><\/h3>","protected":false},"featured_media":1013916,"template":"","meta":[],"pwb-brand":[],"product_brand":[],"product_cat":[634],"product_tag":[],"class_list":{"0":"post-1013538","1":"product","2":"type-product","3":"status-publish","4":"has-post-thumbnail","6":"product_cat-robot-per-reception-e-hospitality","8":"first","9":"instock","10":"shipping-taxable","11":"product-type-simple"},"brands":[],"_links":{"self":[{"href":"https:\/\/store.todsystem.com\/fr\/wp-json\/wp\/v2\/product\/1013538","targetHints":{"allow":["GET"]}}],"collection":[{"href":"https:\/\/store.todsystem.com\/fr\/wp-json\/wp\/v2\/product"}],"about":[{"href":"https:\/\/store.todsystem.com\/fr\/wp-json\/wp\/v2\/types\/product"}],"version-history":[{"count":3,"href":"https:\/\/store.todsystem.com\/fr\/wp-json\/wp\/v2\/product\/1013538\/revisions"}],"predecessor-version":[{"id":1017068,"href":"https:\/\/store.todsystem.com\/fr\/wp-json\/wp\/v2\/product\/1013538\/revisions\/1017068"}],"wp:featuredmedia":[{"embeddable":true,"href":"https:\/\/store.todsystem.com\/fr\/wp-json\/wp\/v2\/media\/1013916"}],"wp:attachment":[{"href":"https:\/\/store.todsystem.com\/fr\/wp-json\/wp\/v2\/media?parent=1013538"}],"wp:term":[{"taxonomy":"pwb-brand","embeddable":true,"href":"https:\/\/store.todsystem.com\/fr\/wp-json\/wp\/v2\/pwb-brand?post=1013538"},{"taxonomy":"product_brand","embeddable":true,"href":"https:\/\/store.todsystem.com\/fr\/wp-json\/wp\/v2\/product_brand?post=1013538"},{"taxonomy":"product_cat","embeddable":true,"href":"https:\/\/store.todsystem.com\/fr\/wp-json\/wp\/v2\/product_cat?post=1013538"},{"taxonomy":"product_tag","embeddable":true,"href":"https:\/\/store.todsystem.com\/fr\/wp-json\/wp\/v2\/product_tag?post=1013538"}],"curies":[{"name":"wp","href":"https:\/\/api.w.org\/{rel}","templated":true}]}}