{"id":1013523,"date":"2025-07-03T07:50:04","date_gmt":"2025-07-03T07:50:04","guid":{"rendered":"https:\/\/store.todsystem.com\/?post_type=product&#038;p=1013523"},"modified":"2025-07-03T07:50:04","modified_gmt":"2025-07-03T07:50:04","slug":"pudu-sh1","status":"publish","type":"product","link":"https:\/\/store.todsystem.com\/fr\/produit-2\/pudu-sh1\/","title":{"rendered":"PUDU SH1"},"content":{"rendered":"<div class=\"vgblk-rw-wrapper limit-wrapper\">Le robot <strong>Pudu SH1<\/strong> se distingue par son efficacit\u00e9 \u00e0 \u00e9conomiser les ressources et sa rapidit\u00e9 d'ex\u00e9cution. Par rapport \u00e0 une serpilli\u00e8re classique, le SH1 permet d'\u00e9conomiser jusqu'\u00e0 80% d'eau et de d\u00e9tergent, r\u00e9duisant ainsi le temps de nettoyage de 70%. Gr\u00e2ce \u00e0 une brosse rotative de 350 tours\/minute et \u00e0 une pression uniforme, il dissout rapidement les taches les plus tenaces et redonne aux sols un \u00e9tat impeccable.<\/p>\n<p>Principales caract\u00e9ristiques techniques :<\/p>\n<ul>\n<li><strong>Dimensions<\/strong>49 \u00d7 53 \u00d7 120 cm<\/li>\n<li><strong>Poids<\/strong>27 kg<\/li>\n<li><strong>Productivit\u00e9 du nettoyage<\/strong>1100-1600 m\u00b2\/heure<\/li>\n<li><strong>Largeur de travail<\/strong>44 cm<\/li>\n<li><strong>Largeur de la raclette<\/strong>49 cm<\/li>\n<li><strong>Capacit\u00e9 du r\u00e9servoir de solution<\/strong>4 litres<\/li>\n<li><strong>Capacit\u00e9 du r\u00e9servoir de r\u00e9cup\u00e9ration<\/strong>4 litres<\/li>\n<li><strong>Capacit\u00e9 de la batterie<\/strong>: 18 Ah<\/li>\n<li><strong>Temps d'ex\u00e9cution<\/strong>:\n<ul>\n<li>Mode standard : 70 minutes<\/li>\n<li>Mode ECO : 100 minutes<\/li>\n<\/ul>\n<\/li>\n<li><strong>Temps de recharge<\/strong>2,5 heures<\/li>\n<li><strong>Bruit<\/strong>:\n<ul>\n<li>Mode standard : 76 dB (A)<\/li>\n<li>Mode ECO : 71 dB (A)<\/li>\n<\/ul>\n<\/li>\n<\/ul>\n<p>&nbsp;<\/p>\n<p>Efficacit\u00e9 et puissance du nettoyage<\/p>\n<p>Le moteur sans balais de <strong>Pudu SH1<\/strong> offre une puissance d'aspiration de 20 000 Pa, ce qui permet de s\u00e9cher rapidement les sols et d'\u00e9viter le risque de pollution secondaire. Gr\u00e2ce \u00e0 la s\u00e9paration air-liquide-d\u00e9tritique, le SH1 traite facilement les d\u00e9chets solides et liquides, ce qui \u00e9vite le colmatage et facilite l'\u00e9limination.<\/p>\n<p>Polyvalence et accessoires<\/p>\n<p><strong>Pudu SH1<\/strong> est con\u00e7u pour s'attaquer \u00e0 diff\u00e9rents types de surfaces et de situations. \u00c9quip\u00e9 d'accessoires sp\u00e9cialis\u00e9s, il peut nettoyer les surfaces verticales telles que les vitrines, les murs carrel\u00e9s et les fen\u00eatres, et atteindre les zones difficiles, les espaces bas, les bords et les surfaces horizontales. La capacit\u00e9 de nettoyage \u00e0 360\u00b0 garantit que m\u00eame les zones difficiles \u00e0 atteindre sont couvertes. Comprend des brosses de r\u00e9curage, des tampons de polissage et des lames de raclette, disponibles en mat\u00e9riaux souples, moyens et durs, selon les besoins.<\/p>\n<p>Fonctions et rapports intelligents<\/p>\n<p>L'interface de l'\u00e9cran tactile offre des notifications d'\u00e9tat en temps r\u00e9el, telles que les r\u00e9servoirs vides ou pleins, les pannes de moteur et l'entretien de la raclette. En outre, l'\u00e9cran tactile <strong>Rapport sur le nettoyage de Pudu<\/strong> fournit des informations d\u00e9taill\u00e9es sur les s\u00e9ances de nettoyage, y compris des donn\u00e9es sur la surface nettoy\u00e9e, la dur\u00e9e et la consommation d'eau, am\u00e9liorant ainsi la gestion et l'optimisation du processus de nettoyage.<\/p>\n<p>Conception modulaire pour un entretien facile<\/p>\n<p>Le <strong>conception modulaire<\/strong> par <strong>Pudu SH1<\/strong> facilite l'entretien. Les brosses de lavage, les raclettes, les r\u00e9servoirs et les batteries sont con\u00e7us pour \u00eatre facilement d\u00e9mont\u00e9s et remplac\u00e9s, ce qui permet une manipulation sans probl\u00e8me et une rotation rapide.<\/p>\n<p>Pourquoi le choisir ?<\/p>\n<p><strong>Pudu SH1<\/strong> est le choix id\u00e9al pour les entreprises qui ont besoin d'une solution de nettoyage avanc\u00e9e, rapide et optimis\u00e9e pour diverses surfaces. Gr\u00e2ce \u00e0 sa conception ergonomique, \u00e0 ses capacit\u00e9s d'\u00e9conomie des ressources et \u00e0 sa polyvalence d'utilisation, le Pudu SH1 offre une excellente op\u00e9ration de nettoyage tout en maintenant des normes d'hygi\u00e8ne \u00e9lev\u00e9es et en r\u00e9duisant les co\u00fbts d'exploitation.<\/div>\n<p><!-- .vgblk-rw-wrapper --><\/p>","protected":false},"excerpt":{"rendered":"<p><strong>Pudu SH1<\/strong> est un robot de nettoyage avanc\u00e9 con\u00e7u pour offrir de hautes performances en r\u00e9duisant le temps, la consommation d'eau et de d\u00e9tergents par rapport aux m\u00e9thodes traditionnelles. Avec une aspiration puissante, des capacit\u00e9s de nettoyage verticales et horizontales et une conception modulaire, le SH1 est une solution id\u00e9ale pour les environnements n\u00e9cessitant un nettoyage approfondi et fr\u00e9quent, tels que les restaurants, les bureaux et les installations publiques.<\/p>\n<h3><\/h3>","protected":false},"featured_media":1013550,"template":"","meta":[],"pwb-brand":[],"product_brand":[],"product_cat":[634],"product_tag":[],"class_list":{"0":"post-1013523","1":"product","2":"type-product","3":"status-publish","4":"has-post-thumbnail","6":"product_cat-robot-per-reception-e-hospitality","8":"first","9":"instock","10":"shipping-taxable","11":"product-type-simple"},"brands":[],"_links":{"self":[{"href":"https:\/\/store.todsystem.com\/fr\/wp-json\/wp\/v2\/product\/1013523","targetHints":{"allow":["GET"]}}],"collection":[{"href":"https:\/\/store.todsystem.com\/fr\/wp-json\/wp\/v2\/product"}],"about":[{"href":"https:\/\/store.todsystem.com\/fr\/wp-json\/wp\/v2\/types\/product"}],"version-history":[{"count":5,"href":"https:\/\/store.todsystem.com\/fr\/wp-json\/wp\/v2\/product\/1013523\/revisions"}],"predecessor-version":[{"id":1017069,"href":"https:\/\/store.todsystem.com\/fr\/wp-json\/wp\/v2\/product\/1013523\/revisions\/1017069"}],"wp:featuredmedia":[{"embeddable":true,"href":"https:\/\/store.todsystem.com\/fr\/wp-json\/wp\/v2\/media\/1013550"}],"wp:attachment":[{"href":"https:\/\/store.todsystem.com\/fr\/wp-json\/wp\/v2\/media?parent=1013523"}],"wp:term":[{"taxonomy":"pwb-brand","embeddable":true,"href":"https:\/\/store.todsystem.com\/fr\/wp-json\/wp\/v2\/pwb-brand?post=1013523"},{"taxonomy":"product_brand","embeddable":true,"href":"https:\/\/store.todsystem.com\/fr\/wp-json\/wp\/v2\/product_brand?post=1013523"},{"taxonomy":"product_cat","embeddable":true,"href":"https:\/\/store.todsystem.com\/fr\/wp-json\/wp\/v2\/product_cat?post=1013523"},{"taxonomy":"product_tag","embeddable":true,"href":"https:\/\/store.todsystem.com\/fr\/wp-json\/wp\/v2\/product_tag?post=1013523"}],"curies":[{"name":"wp","href":"https:\/\/api.w.org\/{rel}","templated":true}]}}