{"id":1013501,"date":"2025-07-03T07:50:06","date_gmt":"2025-07-03T07:50:06","guid":{"rendered":"https:\/\/store.todsystem.com\/?post_type=product&#038;p=1013501"},"modified":"2025-07-03T07:50:06","modified_gmt":"2025-07-03T07:50:06","slug":"kettybot-pro","status":"publish","type":"product","link":"https:\/\/store.todsystem.com\/fr\/produit-2\/kettybot-pro\/","title":{"rendered":"PUDU Robotics KettyBot Pro"},"content":{"rendered":"<div class=\"vgblk-rw-wrapper limit-wrapper\"><strong>PUDU-KETTYBOT-PRO<\/strong>\u00a0est un robot multifonctionnel de pointe con\u00e7u pour r\u00e9volutionner l'exp\u00e9rience client et am\u00e9liorer les op\u00e9rations de livraison dans les environnements commerciaux. Gr\u00e2ce \u00e0 sa combinaison unique de capacit\u00e9s d'accueil, de marketing et de livraison, il est capable d'attirer l'attention des clients tout en g\u00e9rant efficacement les op\u00e9rations internes.<\/p>\n<p>Principales caract\u00e9ristiques techniques<\/p>\n<ul>\n<li><strong>Capacit\u00e9 de charge :<\/strong>\u00a010 kg (plateau)<\/li>\n<li><strong>Dur\u00e9e de vie de la batterie :<\/strong>\u00a0Jusqu'\u00e0 9 heures<\/li>\n<li><strong>Temps de charge :<\/strong>\u00a03,5 heures<\/li>\n<li><strong>Vitesse maximale :<\/strong>\u00a01,2 m\/s<\/li>\n<li><strong>Dimensions :<\/strong>\u00a0Poids 38 kg<\/li>\n<li><strong>Syst\u00e8me de navigation :<\/strong>\u00a0SLAM visuel, SLAM laser, cam\u00e9ras RGBD pour l'\u00e9vitement des obstacles<\/li>\n<li><strong>\u00c9cran :<\/strong>\u00a0Format vertical de 18,5<\/li>\n<li><strong>Compartiment arri\u00e8re multifonctionnel :<\/strong>\u00a0Comprend 2 plateaux et 1 panier<\/li>\n<li><strong>Angle de mont\u00e9e :<\/strong>\u00a0\u22645\u00ba<\/li>\n<\/ul>\n<p>Performance<\/p>\n<p>Avec une capacit\u00e9 de batterie de 20Ah, le\u00a0<strong>PUDU-KETTYBOT-PRO<\/strong>\u00a0offre une autonomie allant jusqu'\u00e0 9 heures, id\u00e9ale pour une utilisation intensive dans les restaurants et les espaces commerciaux. Le robot retourne de mani\u00e8re autonome \u00e0 la station de charge (vendue s\u00e9par\u00e9ment) en cas de besoin, r\u00e9duisant ainsi le risque d'interruption des op\u00e9rations.<\/p>\n<p>Manoeuvrabilit\u00e9 et stabilit\u00e9<\/p>\n<p>Le\u00a0<strong>KettyBot Pro<\/strong>\u00a0est con\u00e7u pour se d\u00e9placer en douceur dans des espaces restreints et sur des terrains complexes, gr\u00e2ce \u00e0 son syst\u00e8me de suspension ind\u00e9pendant qui assure la stabilit\u00e9 lors des man\u0153uvres rapides. Ses cam\u00e9ras \u00e0 360\u00b0 permettent d'avoir une vue compl\u00e8te de l'environnement, d'\u00e9viter les obstacles et d'assurer une navigation fluide.<\/p>\n<p>Technologie et s\u00e9curit\u00e9<\/p>\n<p>Ce robot est \u00e9quip\u00e9 d'une technologie de navigation avanc\u00e9e, notamment de capteurs infrarouges et de cam\u00e9ras RGBD. Des dispositifs de s\u00e9curit\u00e9 tels que le bouton d'urgence et les syst\u00e8mes anti-collision garantissent un fonctionnement s\u00fbr dans les environnements encombr\u00e9s.<\/p>\n<p>Contenu<\/p>\n<ul>\n<li>1 x Bloc d'alimentation<\/li>\n<li>2 x plateaux de chargement<\/li>\n<li>1 x Panier de chargement<\/li>\n<li>2 x boutons d'alimentation<\/li>\n<li>100 x autocollants de positionnement QR<\/li>\n<li>1 x Manuel de l'utilisateur<\/li>\n<\/ul>\n<p>Pourquoi le choisir ?<\/p>\n<p><strong>PUDU-KETTYBOT-PRO<\/strong>\u00a0est le choix id\u00e9al pour les entreprises qui cherchent \u00e0 am\u00e9liorer l'efficacit\u00e9 op\u00e9rationnelle et l'interaction avec les clients. Sa polyvalence dans les fonctions d'accueil, de livraison et de marketing, associ\u00e9e \u00e0 une gestion intuitive via une application mobile, fait de ce robot un alli\u00e9 pr\u00e9cieux dans l'environnement professionnel.<\/p>\n<p>Application mobile<\/p>\n<ul>\n<li><a href=\"https:\/\/play.google.com\/store\/apps\/details?id=com.pudutech.merchant\" rel=\"nofollow noopener\" target=\"_blank\">Android<\/a><\/li>\n<li><a href=\"https:\/\/apps.apple.com\/us\/app\/pudu-link\/id1598340894\" rel=\"nofollow noopener\" target=\"_blank\">iOS<\/a><\/li>\n<\/ul>\n<p>Pour plus d'informations sur la\u00a0<strong>PUDU-KETTYBOT-PRO<\/strong>N'h\u00e9sitez pas \u00e0 nous contacter pour conna\u00eetre nos disponibilit\u00e9s.<\/div>\n<p><!-- .vgblk-rw-wrapper --><\/p>","protected":false},"excerpt":{"rendered":"<p><strong>PUDU-KETTYBOT-PRO<\/strong>\u00a0est un robot innovant 3-en-1 con\u00e7u pour offrir des fonctions d'accueil, de livraison et de marketing. Avec une capacit\u00e9 de chargement exceptionnelle de 10 kg et une autonomie de 9 heures, il est la solution id\u00e9ale pour les restaurants, les h\u00f4tels et les espaces commerciaux. Avec un temps de charge de seulement 3,5 heures et une vitesse maximale de 1,2 m\/s, le KettyBot Pro optimise l'efficacit\u00e9 op\u00e9rationnelle en assurant un service fluide et automatis\u00e9.<\/p>","protected":false},"featured_media":1013505,"template":"","meta":[],"pwb-brand":[],"product_brand":[],"product_cat":[634],"product_tag":[],"class_list":{"0":"post-1013501","1":"product","2":"type-product","3":"status-publish","4":"has-post-thumbnail","6":"product_cat-robot-per-reception-e-hospitality","8":"first","9":"instock","10":"shipping-taxable","11":"product-type-simple"},"brands":[],"_links":{"self":[{"href":"https:\/\/store.todsystem.com\/fr\/wp-json\/wp\/v2\/product\/1013501","targetHints":{"allow":["GET"]}}],"collection":[{"href":"https:\/\/store.todsystem.com\/fr\/wp-json\/wp\/v2\/product"}],"about":[{"href":"https:\/\/store.todsystem.com\/fr\/wp-json\/wp\/v2\/types\/product"}],"version-history":[{"count":5,"href":"https:\/\/store.todsystem.com\/fr\/wp-json\/wp\/v2\/product\/1013501\/revisions"}],"predecessor-version":[{"id":1017072,"href":"https:\/\/store.todsystem.com\/fr\/wp-json\/wp\/v2\/product\/1013501\/revisions\/1017072"}],"wp:featuredmedia":[{"embeddable":true,"href":"https:\/\/store.todsystem.com\/fr\/wp-json\/wp\/v2\/media\/1013505"}],"wp:attachment":[{"href":"https:\/\/store.todsystem.com\/fr\/wp-json\/wp\/v2\/media?parent=1013501"}],"wp:term":[{"taxonomy":"pwb-brand","embeddable":true,"href":"https:\/\/store.todsystem.com\/fr\/wp-json\/wp\/v2\/pwb-brand?post=1013501"},{"taxonomy":"product_brand","embeddable":true,"href":"https:\/\/store.todsystem.com\/fr\/wp-json\/wp\/v2\/product_brand?post=1013501"},{"taxonomy":"product_cat","embeddable":true,"href":"https:\/\/store.todsystem.com\/fr\/wp-json\/wp\/v2\/product_cat?post=1013501"},{"taxonomy":"product_tag","embeddable":true,"href":"https:\/\/store.todsystem.com\/fr\/wp-json\/wp\/v2\/product_tag?post=1013501"}],"curies":[{"name":"wp","href":"https:\/\/api.w.org\/{rel}","templated":true}]}}