{"id":1013499,"date":"2025-07-03T07:50:06","date_gmt":"2025-07-03T07:50:06","guid":{"rendered":"https:\/\/store.todsystem.com\/?post_type=product&#038;p=1013499"},"modified":"2025-07-03T07:50:06","modified_gmt":"2025-07-03T07:50:06","slug":"pudu-holabot","status":"publish","type":"product","link":"https:\/\/store.todsystem.com\/fr\/produit-2\/pudu-holabot\/","title":{"rendered":"PUDU HolaBot"},"content":{"rendered":"<div class=\"vgblk-rw-wrapper limit-wrapper\">Le <strong>Pudu HolaBot<\/strong> est un robot con\u00e7u pour optimiser la collecte et le transport d'objets dans un large \u00e9ventail d'environnements. Avec un volume de chargement exceptionnel de 120 litres et une capacit\u00e9 maximale de 60 kg, HolaBot est parfait pour les environnements dynamiques tels que les restaurants, les bureaux et les h\u00f4pitaux. Dot\u00e9 de technologies avanc\u00e9es telles que la reconnaissance vocale et gestuelle, le robot rend le service plus rapide et plus hygi\u00e9nique en \u00e9liminant le contact physique avec les boutons.<\/p>\n<p>Principales caract\u00e9ristiques techniques :<\/p>\n<ul>\n<li><strong>Dimensions<\/strong>54,2 x 53,4 x 122,8 cm<\/li>\n<li><strong>Poids<\/strong>55 kg<\/li>\n<li><strong>Mat\u00e9riau<\/strong>ABS et alliage d'aluminium a\u00e9ronautique<\/li>\n<li><strong>Capacit\u00e9 de charge<\/strong>Jusqu'\u00e0 60 kg<\/li>\n<li><strong>Volume de charge<\/strong>: 120 litres<\/li>\n<li><strong>Dur\u00e9e de vie de la batterie<\/strong>Dur\u00e9e de vie de l'appareil : 12 heures (\u00e0 vide)<\/li>\n<li><strong>Temps de recharge<\/strong>4,5 heures<\/li>\n<li><strong>Vitesse de croisi\u00e8re<\/strong>R\u00e9glable de 0,2 \u00e0 1,2 m\/s<\/li>\n<li><strong>Capacit\u00e9 de chaque \u00e9tag\u00e8re<\/strong>15 kg<\/li>\n<li><strong>\u00c9cran LCD<\/strong>1,3 pouce TFT<\/li>\n<\/ul>\n<p>&nbsp;<\/p>\n<p>Performance<\/p>\n<p>Avec une capacit\u00e9 de charge impressionnante de 60 kg et 4 plateaux r\u00e9glables, <strong>HolaBot<\/strong> peut collecter et transporter plusieurs articles en un seul voyage, r\u00e9duisant ainsi le nombre de voyages n\u00e9cessaires et augmentant l'efficacit\u00e9 op\u00e9rationnelle. Il est id\u00e9al pour la collecte multi-sc\u00e9narios, la livraison de plusieurs commandes en un seul voyage et l'optimisation de la rapidit\u00e9 du service.<\/p>\n<p>Technologie et s\u00e9curit\u00e9<\/p>\n<p>HolaBot est \u00e9quip\u00e9 de capteurs avanc\u00e9s et d'un module de reconnaissance gestuelle qui permet d'activer le robot par de simples mouvements, rendant son utilisation intuitive et sans contact. Gr\u00e2ce \u00e0 sa commande vocale \"Hola Hola\" et \u00e0 son microphone omnidirectionnel \u00e0 six rangs, HolaBot peut identifier la direction des sons et y r\u00e9pondre en temps r\u00e9el. Le bo\u00eetier int\u00e9rieur est certifi\u00e9 IPX5 pour r\u00e9sister aux \u00e9claboussures, ce qui garantit une propret\u00e9 et une hygi\u00e8ne irr\u00e9prochables pendant le fonctionnement.<\/p>\n<p>Fonction de radiomessagerie et de connectivit\u00e9<\/p>\n<p>La fonction de pager int\u00e9gr\u00e9e permet aux utilisateurs d'appeler HolaBot \u00e0 tout moment pour lui assigner de nouvelles t\u00e2ches, maximisant ainsi la flexibilit\u00e9 op\u00e9rationnelle. La communication se fait via un r\u00e9seau LoRa ad hoc, ce qui permet au robot de fonctionner dans des espaces allant jusqu'\u00e0 3 000 m2 sans probl\u00e8me de connexion. L'\u00e9cran LCD offre une interface intuitive et permet de g\u00e9rer facilement les commandes op\u00e9rationnelles et les communications.<\/p>\n<p>Pourquoi le choisir ?<\/p>\n<p>Le <strong>Pudu HolaBot<\/strong> est id\u00e9al pour ceux qui recherchent un syst\u00e8me de transport interne polyvalent et performant. Avec des caract\u00e9ristiques telles que la r\u00e9sistance \u00e0 l'eau, la technologie de reconnaissance vocale et gestuelle et une fonction de t\u00e9l\u00e9avertisseur, HolaBot rend les op\u00e9rations de collecte et de transport plus efficaces et plus s\u00fbres. C'est une solution parfaite pour am\u00e9liorer la productivit\u00e9 et la satisfaction des clients dans les secteurs de la restauration, de la sant\u00e9 et de l'industrie.<\/div>\n<p><!-- .vgblk-rw-wrapper --><\/p>","protected":false},"excerpt":{"rendered":"<p>Pudu HolaBot est le premier robot de collecte multi-sc\u00e9narios de Pudu, con\u00e7u pour offrir des solutions efficaces dans les secteurs de la restauration, des bureaux, des h\u00f4pitaux et de l'industrie. Dot\u00e9 d'une grande capacit\u00e9 de charge, de la reconnaissance vocale, d'une r\u00e9sistance \u00e0 l'eau et d'une fonction d'appel, HolaBot est un choix innovant pour optimiser la logistique interne et am\u00e9liorer la rapidit\u00e9 du service.<\/p>\n<p>&nbsp;<\/p>","protected":false},"featured_media":1013544,"template":"","meta":[],"pwb-brand":[],"product_brand":[],"product_cat":[634],"product_tag":[],"class_list":{"0":"post-1013499","1":"product","2":"type-product","3":"status-publish","4":"has-post-thumbnail","6":"product_cat-robot-per-reception-e-hospitality","8":"first","9":"instock","10":"shipping-taxable","11":"product-type-simple"},"brands":[],"_links":{"self":[{"href":"https:\/\/store.todsystem.com\/fr\/wp-json\/wp\/v2\/product\/1013499","targetHints":{"allow":["GET"]}}],"collection":[{"href":"https:\/\/store.todsystem.com\/fr\/wp-json\/wp\/v2\/product"}],"about":[{"href":"https:\/\/store.todsystem.com\/fr\/wp-json\/wp\/v2\/types\/product"}],"version-history":[{"count":3,"href":"https:\/\/store.todsystem.com\/fr\/wp-json\/wp\/v2\/product\/1013499\/revisions"}],"predecessor-version":[{"id":1017073,"href":"https:\/\/store.todsystem.com\/fr\/wp-json\/wp\/v2\/product\/1013499\/revisions\/1017073"}],"wp:featuredmedia":[{"embeddable":true,"href":"https:\/\/store.todsystem.com\/fr\/wp-json\/wp\/v2\/media\/1013544"}],"wp:attachment":[{"href":"https:\/\/store.todsystem.com\/fr\/wp-json\/wp\/v2\/media?parent=1013499"}],"wp:term":[{"taxonomy":"pwb-brand","embeddable":true,"href":"https:\/\/store.todsystem.com\/fr\/wp-json\/wp\/v2\/pwb-brand?post=1013499"},{"taxonomy":"product_brand","embeddable":true,"href":"https:\/\/store.todsystem.com\/fr\/wp-json\/wp\/v2\/product_brand?post=1013499"},{"taxonomy":"product_cat","embeddable":true,"href":"https:\/\/store.todsystem.com\/fr\/wp-json\/wp\/v2\/product_cat?post=1013499"},{"taxonomy":"product_tag","embeddable":true,"href":"https:\/\/store.todsystem.com\/fr\/wp-json\/wp\/v2\/product_tag?post=1013499"}],"curies":[{"name":"wp","href":"https:\/\/api.w.org\/{rel}","templated":true}]}}