{"id":1013490,"date":"2025-07-03T07:50:07","date_gmt":"2025-07-03T07:50:07","guid":{"rendered":"https:\/\/store.todsystem.com\/?post_type=product&#038;p=1013490"},"modified":"2025-07-03T07:50:07","modified_gmt":"2025-07-03T07:50:07","slug":"pudu-swiftbot","status":"publish","type":"product","link":"https:\/\/store.todsystem.com\/fr\/produit-2\/pudu-swiftbot\/","title":{"rendered":"PUDU SwiftBot"},"content":{"rendered":"<div class=\"vgblk-rw-wrapper limit-wrapper\"><strong>SwiftBot<\/strong>\u00a0red\u00e9finit la relation entre l'homme et le robot, devenant un alli\u00e9 indispensable dans les op\u00e9rations de livraison. Gr\u00e2ce \u00e0 une technologie de d\u00e9tection des collisions et \u00e0 un algorithme intelligent d\u00e9velopp\u00e9 par Pudu, ce robot se distingue par sa s\u00e9curit\u00e9 et sa polyvalence, permettant d'effectuer des livraisons en douceur, m\u00eame dans des environnements complexes et encombr\u00e9s.<\/p>\n<p>Principales caract\u00e9ristiques techniques :<\/p>\n<ul>\n<li><strong>Capacit\u00e9 de charge :<\/strong>\u00a035 kg<\/li>\n<li><strong>Dur\u00e9e de vie de la batterie :<\/strong>\u00a09 heures (sans charge)<\/li>\n<li><strong>Temps de charge :<\/strong>\u00a04,5 heures<\/li>\n<li><strong>Nombre de plateaux :<\/strong>\u00a03 (par d\u00e9faut)<\/li>\n<li><strong>Visibilit\u00e9 de l'itin\u00e9raire :<\/strong>\u00a080 cm<\/li>\n<li><strong>Dimensions :<\/strong>\u00a0488 x 593 x 1288 mm<\/li>\n<li><strong>Poids :<\/strong>\u00a059 kg (version standard)<\/li>\n<li><strong>Vitesse maximale :<\/strong>\u00a00,5-1,2 m\/s<\/li>\n<\/ul>\n<p>Performance<\/p>\n<p><strong>SwiftBot<\/strong>\u00a0est con\u00e7u pour offrir une autonomie op\u00e9rationnelle de 9 heures, permettant des op\u00e9rations ininterrompues pendant les heures de pointe. Le robot a la capacit\u00e9 de r\u00e9duire la congestion entre les robots et les humains du 50% et d'augmenter la vitesse de d\u00e9placement du 30% dans les restaurants, en combinant une puissance hybride et des algorithmes de stabilisation pour une gestion optimale de la distribution.<\/p>\n<p>Manoeuvrabilit\u00e9 et stabilit\u00e9<\/p>\n<p>Gr\u00e2ce \u00e0 son alimentation hybride et \u00e0 sa technologie de suspension variable adaptative,\u00a0<strong>SwiftBot<\/strong>\u00a0am\u00e9liore la stabilit\u00e9 de la livraison du 20%. Sa capacit\u00e9 \u00e0 se d\u00e9placer avec agilit\u00e9 dans des espaces restreints et sur des terrains variables en fait un compagnon fiable, m\u00eame dans des environnements difficiles et encombr\u00e9s.<\/p>\n<p>Technologie et s\u00e9curit\u00e9<\/p>\n<p>Le robot est \u00e9quip\u00e9 d'un syst\u00e8me de surveillance omnidirectionnel qui garantit la s\u00e9curit\u00e9 des livraisons gr\u00e2ce \u00e0 un syst\u00e8me de d\u00e9tection humaine qui prot\u00e8ge les groupes vuln\u00e9rables tels que les personnes \u00e2g\u00e9es et les enfants. Son initiative \"sans route\" pour les pi\u00e9tons am\u00e9liore l'efficacit\u00e9 pendant les heures d'affluence, en minimisant le risque de collision.<\/p>\n<p>Pourquoi le choisir ?<\/p>\n<p>Avec un design \u00e9l\u00e9gant et une fonctionnalit\u00e9 multifonctionnelle,\u00a0<strong>SwiftBot<\/strong>\u00a0est la solution id\u00e9ale pour optimiser les op\u00e9rations de livraison dans les environnements commerciaux. Facile \u00e0 utiliser, s\u00e9curis\u00e9 et dot\u00e9 d'une interaction multimodale, il est le partenaire id\u00e9al de toute entreprise souhaitant am\u00e9liorer la qualit\u00e9 de ses services et l'exp\u00e9rience de ses clients.<\/div>\n<p><!-- .vgblk-rw-wrapper --><\/p>","protected":false},"excerpt":{"rendered":"<p><strong>SwiftBot<\/strong>\u00a0est un robot de livraison commercial de pointe con\u00e7u pour am\u00e9liorer l'efficacit\u00e9 des op\u00e9rations quotidiennes. Avec une capacit\u00e9 de charge allant jusqu'\u00e0 35 kg et une autonomie de 9 heures, SwiftBot peut effectuer des t\u00e2ches de livraison dans les environnements les plus dynamiques gr\u00e2ce \u00e0 sa technologie de d\u00e9tection de pointe. Sa vitesse de croisi\u00e8re varie entre 0,5 et 1,2 m\/s, ce qui en fait un compagnon id\u00e9al pour les restaurants, les h\u00f4tels et les environnements commerciaux.<\/p>","protected":false},"featured_media":1013907,"template":"","meta":[],"pwb-brand":[],"product_brand":[],"product_cat":[634],"product_tag":[],"class_list":{"0":"post-1013490","1":"product","2":"type-product","3":"status-publish","4":"has-post-thumbnail","6":"product_cat-robot-per-reception-e-hospitality","8":"first","9":"instock","10":"shipping-taxable","11":"product-type-simple"},"brands":[],"_links":{"self":[{"href":"https:\/\/store.todsystem.com\/fr\/wp-json\/wp\/v2\/product\/1013490","targetHints":{"allow":["GET"]}}],"collection":[{"href":"https:\/\/store.todsystem.com\/fr\/wp-json\/wp\/v2\/product"}],"about":[{"href":"https:\/\/store.todsystem.com\/fr\/wp-json\/wp\/v2\/types\/product"}],"version-history":[{"count":2,"href":"https:\/\/store.todsystem.com\/fr\/wp-json\/wp\/v2\/product\/1013490\/revisions"}],"predecessor-version":[{"id":1017074,"href":"https:\/\/store.todsystem.com\/fr\/wp-json\/wp\/v2\/product\/1013490\/revisions\/1017074"}],"wp:featuredmedia":[{"embeddable":true,"href":"https:\/\/store.todsystem.com\/fr\/wp-json\/wp\/v2\/media\/1013907"}],"wp:attachment":[{"href":"https:\/\/store.todsystem.com\/fr\/wp-json\/wp\/v2\/media?parent=1013490"}],"wp:term":[{"taxonomy":"pwb-brand","embeddable":true,"href":"https:\/\/store.todsystem.com\/fr\/wp-json\/wp\/v2\/pwb-brand?post=1013490"},{"taxonomy":"product_brand","embeddable":true,"href":"https:\/\/store.todsystem.com\/fr\/wp-json\/wp\/v2\/product_brand?post=1013490"},{"taxonomy":"product_cat","embeddable":true,"href":"https:\/\/store.todsystem.com\/fr\/wp-json\/wp\/v2\/product_cat?post=1013490"},{"taxonomy":"product_tag","embeddable":true,"href":"https:\/\/store.todsystem.com\/fr\/wp-json\/wp\/v2\/product_tag?post=1013490"}],"curies":[{"name":"wp","href":"https:\/\/api.w.org\/{rel}","templated":true}]}}