{"id":1013486,"date":"2025-07-03T07:50:07","date_gmt":"2025-07-03T07:50:07","guid":{"rendered":"https:\/\/store.todsystem.com\/?post_type=product&#038;p=1013486"},"modified":"2025-07-03T07:50:07","modified_gmt":"2025-07-03T07:50:07","slug":"pudubot","status":"publish","type":"product","link":"https:\/\/store.todsystem.com\/fr\/produit-2\/pudubot\/","title":{"rendered":"PuduBot"},"content":{"rendered":"<div class=\"vgblk-rw-wrapper limit-wrapper\"><strong>PuduBot<\/strong> est une solution de livraison robotis\u00e9e de pointe d\u00e9velopp\u00e9e pour am\u00e9liorer la logistique interne et rendre les livraisons dans les environnements encombr\u00e9s plus s\u00fbres et plus pr\u00e9cises. Gr\u00e2ce \u00e0 sa technologie SLAM avanc\u00e9e et \u00e0 sa perception de l'environnement en 3D, le PuduBot peut cartographier son environnement en temps r\u00e9el et contourner les obstacles avec une grande pr\u00e9cision. Avec son ch\u00e2ssis en aluminium de qualit\u00e9 a\u00e9ronautique et sa bande lumineuse interactive, le PuduBot est robuste, \u00e9l\u00e9gant et offre une interface utilisateur intuitive.<\/p>\n<p>Principales caract\u00e9ristiques techniques :<\/p>\n<ul>\n<li><strong>Dimensions<\/strong>51,6 x 50 x 128,8 cm<\/li>\n<li><strong>Poids<\/strong>35 kg (PD1) \/ 40 kg (PD6)<\/li>\n<li><strong>Mat\u00e9riau<\/strong>ABS et alliage d'aluminium de qualit\u00e9 a\u00e9ronautique<\/li>\n<li><strong>Capacit\u00e9 de charge<\/strong>Jusqu'\u00e0 30 kg (PD1 : 13 kg\/plateau ; PD6 : 10 kg\/plateau)<\/li>\n<li><strong>Dur\u00e9e de vie de la batterie<\/strong>Dur\u00e9e de vie de l'appareil : 10 heures (\u00e0 vide)<\/li>\n<li><strong>Temps de recharge<\/strong>4 heures<\/li>\n<li><strong>Vitesse de croisi\u00e8re<\/strong>R\u00e9glable de 0,5 \u00e0 1,2 m\/s<\/li>\n<\/ul>\n<p>&nbsp;<\/p>\n<p>Performance<\/p>\n<p><strong>PuduBot<\/strong> est \u00e9quip\u00e9 de plateaux en acier de diff\u00e9rentes tailles, qui peuvent \u00eatre adapt\u00e9s pour transporter diff\u00e9rentes charges et optimiser les op\u00e9rations de livraison. La technologie de d\u00e9tection environnementale en 3D lui permet de d\u00e9tecter et de contourner les obstacles \u00e0 diff\u00e9rentes hauteurs, ce qui r\u00e9duit consid\u00e9rablement le risque de collision. Avec une autonomie de 10 heures, il peut couvrir de longues p\u00e9riodes de travail sans interruption, assurant ainsi des livraisons efficaces tout au long de la journ\u00e9e.<\/p>\n<p>Technologie et s\u00e9curit\u00e9<\/p>\n<p>PuduBot int\u00e8gre une solution SLAM (Simultaneous Localisation and Mapping) bas\u00e9e sur des capteurs Lidar, cam\u00e9ra, UWB, RGBD et IMU, lui permettant de s'adapter parfaitement \u00e0 des sc\u00e9narios mixtes. Gr\u00e2ce \u00e0 ses capteurs 3D, il peut d\u00e9tecter les obstacles suspendus et naviguer en toute s\u00e9curit\u00e9, m\u00eame dans des espaces complexes. La structure robuste en alliage d'aluminium et le syst\u00e8me de suspension am\u00e9lior\u00e9 garantissent la stabilit\u00e9 m\u00eame sur des sols irr\u00e9guliers.<\/p>\n<p>Interaction et connectivit\u00e9<\/p>\n<p><strong>PuduBot<\/strong> offre une exp\u00e9rience interactive avanc\u00e9e gr\u00e2ce \u00e0 la bande lumineuse qui communique l'\u00e9tat de fonctionnement du robot de mani\u00e8re intuitive. L'audio haute-fid\u00e9lit\u00e9 2\u00d730 W am\u00e9liore l'exp\u00e9rience de l'utilisateur, rendant les communications claires et agr\u00e9ables. Gr\u00e2ce \u00e0 la plateforme cloud Pudu, le robot peut \u00eatre g\u00e9r\u00e9 de mani\u00e8re centralis\u00e9e, en surveillant les op\u00e9rations en temps r\u00e9el et en collectant des donn\u00e9es pour l'optimisation des t\u00e2ches.<\/p>\n<p>Pourquoi le choisir ?<\/p>\n<p><strong>PuduBot<\/strong> est le choix id\u00e9al pour les \u00e9tablissements tels que les restaurants, les centres commerciaux, les h\u00f4pitaux et les bureaux, qui ont besoin d'un service de livraison interne rapide et s\u00fbr. Gr\u00e2ce \u00e0 sa technologie de cartographie avanc\u00e9e, \u00e0 sa robustesse structurelle et \u00e0 sa capacit\u00e9 d'interaction, PuduBot rationalise les op\u00e9rations quotidiennes et offre une exp\u00e9rience unique, am\u00e9liorant ainsi l'efficacit\u00e9 et la qualit\u00e9 du service.<\/div>\n<p><!-- .vgblk-rw-wrapper --><\/p>","protected":false},"excerpt":{"rendered":"<p><strong>PuduBot<\/strong> est un robot de livraison intelligent con\u00e7u pour fonctionner dans des environnements commerciaux et de restauration, assurant un service rapide, s\u00fbr et pr\u00e9cis. \u00c9quip\u00e9 d'une solution de cartographie SLAM avanc\u00e9e et de capteurs 3D pour \u00e9viter les obstacles, le PuduBot est un choix innovant pour optimiser l'efficacit\u00e9 op\u00e9rationnelle et am\u00e9liorer l'exp\u00e9rience client.<\/p>\n<h3><\/h3>","protected":false},"featured_media":1013912,"template":"","meta":[],"pwb-brand":[],"product_brand":[],"product_cat":[634],"product_tag":[],"class_list":{"0":"post-1013486","1":"product","2":"type-product","3":"status-publish","4":"has-post-thumbnail","6":"product_cat-robot-per-reception-e-hospitality","8":"first","9":"instock","10":"shipping-taxable","11":"product-type-simple"},"brands":[],"_links":{"self":[{"href":"https:\/\/store.todsystem.com\/fr\/wp-json\/wp\/v2\/product\/1013486","targetHints":{"allow":["GET"]}}],"collection":[{"href":"https:\/\/store.todsystem.com\/fr\/wp-json\/wp\/v2\/product"}],"about":[{"href":"https:\/\/store.todsystem.com\/fr\/wp-json\/wp\/v2\/types\/product"}],"version-history":[{"count":3,"href":"https:\/\/store.todsystem.com\/fr\/wp-json\/wp\/v2\/product\/1013486\/revisions"}],"predecessor-version":[{"id":1017075,"href":"https:\/\/store.todsystem.com\/fr\/wp-json\/wp\/v2\/product\/1013486\/revisions\/1017075"}],"wp:featuredmedia":[{"embeddable":true,"href":"https:\/\/store.todsystem.com\/fr\/wp-json\/wp\/v2\/media\/1013912"}],"wp:attachment":[{"href":"https:\/\/store.todsystem.com\/fr\/wp-json\/wp\/v2\/media?parent=1013486"}],"wp:term":[{"taxonomy":"pwb-brand","embeddable":true,"href":"https:\/\/store.todsystem.com\/fr\/wp-json\/wp\/v2\/pwb-brand?post=1013486"},{"taxonomy":"product_brand","embeddable":true,"href":"https:\/\/store.todsystem.com\/fr\/wp-json\/wp\/v2\/product_brand?post=1013486"},{"taxonomy":"product_cat","embeddable":true,"href":"https:\/\/store.todsystem.com\/fr\/wp-json\/wp\/v2\/product_cat?post=1013486"},{"taxonomy":"product_tag","embeddable":true,"href":"https:\/\/store.todsystem.com\/fr\/wp-json\/wp\/v2\/product_tag?post=1013486"}],"curies":[{"name":"wp","href":"https:\/\/api.w.org\/{rel}","templated":true}]}}