{"id":1013446,"date":"2024-10-28T09:22:56","date_gmt":"2024-10-28T09:22:56","guid":{"rendered":"https:\/\/store.todsystem.com\/?post_type=product&#038;p=1013446"},"modified":"2025-07-11T08:17:01","modified_gmt":"2025-07-11T08:17:01","slug":"keenon-dinerbot-t5-pro","status":"publish","type":"product","link":"https:\/\/store.todsystem.com\/fr\/produit-2\/keenon-dinerbot-t5-pro\/","title":{"rendered":"Keenon Dinerbot T5 Pro"},"content":{"rendered":"<div class=\"vgblk-rw-wrapper limit-wrapper\"><strong>Keenon Dinerbot T5 Pro : le robot serveur de service\u00a0<\/strong><\/p>\n<p>Le <strong>Keenon Dinerbot T5 Pro<\/strong>\u00a0est un robot de service avanc\u00e9 con\u00e7u pour optimiser les op\u00e9rations de livraison dans des environnements tels que les restaurants, les h\u00f4tels et les cantines. Dot\u00e9 d'une technologie de pointe, il offre une exp\u00e9rience client sup\u00e9rieure gr\u00e2ce \u00e0 son autonomie, sa pr\u00e9cision et ses capacit\u00e9s d'interaction.<\/p>\n<p><strong>Principales caract\u00e9ristiques techniques :<\/strong><\/p>\n<ul>\n<li><strong>Dimensions<\/strong>506 x 502 x 1205 mm<\/li>\n<li><strong>Poids<\/strong>: <em>\u00a055 Kg<\/em><\/li>\n<li><strong>Nombre d'\u00e9tag\u00e8res<\/strong>: 4, ajustable<\/li>\n<li><strong>Capacit\u00e9 de charge<\/strong>40 kg<\/li>\n<li><strong>Autonomie de la batterie<\/strong>12-15 heures<\/li>\n<li><strong>Recharge intelligente<\/strong>Dur\u00e9e de la charge : Oui, programmable en fonction de la dur\u00e9e ou de la quantit\u00e9 de la charge<\/li>\n<li><strong>Vitesse r\u00e9glable<\/strong>Oui, en fonction des conditions environnementales<\/li>\n<li><strong>Soutien linguistique<\/strong>15 langues, avec 9 expressions faciales diff\u00e9rentes<\/li>\n<li><strong>Collaboration robotique<\/strong>: Oui, gr\u00e2ce \u00e0 un syst\u00e8me de communication int\u00e9gr\u00e9<\/li>\n<\/ul>\n<p>&nbsp;<\/p>\n<p><strong>Performance :<\/strong><\/p>\n<p>Le <strong>Keenon Dinerbot T5 Pro<\/strong> offre des performances exceptionnelles avec une autonomie de 12 \u00e0 15 heures, permettant au robot de fonctionner sans interruption tout au long de la journ\u00e9e. Gr\u00e2ce \u00e0 la charge intelligente, le robot peut g\u00e9rer de mani\u00e8re autonome le cycle de charge en fonction du temps ou de la quantit\u00e9 d'\u00e9nergie n\u00e9cessaire. Avec une capacit\u00e9 de charge de 40 kg r\u00e9partie sur 4 \u00e9tag\u00e8res r\u00e9glables, le <strong>Dinerbot T5 Pro<\/strong> est id\u00e9al pour les op\u00e9rations de livraison multiple et continue.<\/p>\n<p><strong>Manoeuvrabilit\u00e9 et stabilit\u00e9 :<\/strong><\/p>\n<p>\u00c9quip\u00e9 de capteurs avanc\u00e9s, le <strong>Keenon Dinerbot T5 Pro<\/strong>\u00a0est capable de d\u00e9tecter et de contourner les obstacles sous tous les angles, en adaptant sa vitesse \u00e0 son environnement. Cela lui permet d'op\u00e9rer en toute s\u00e9curit\u00e9 et en douceur dans des espaces encombr\u00e9s ou complexes. Le robot s'adapte facilement \u00e0 tout type de sc\u00e9nario op\u00e9rationnel, en garantissant toujours une pr\u00e9cision et une stabilit\u00e9 maximales pendant les mouvements.<\/p>\n<p><strong>Technologie et s\u00e9curit\u00e9 :<\/strong><\/p>\n<p>Le <strong>Keenon Dinerbot T5 Pro<\/strong>\u00a0utilise des capteurs avanc\u00e9s pour naviguer de mani\u00e8re autonome dans n'importe quel environnement. Gr\u00e2ce \u00e0 sa capacit\u00e9 \u00e0 d\u00e9tecter les obstacles et \u00e0 ajuster sa vitesse, il fonctionne en toute s\u00e9curit\u00e9 dans les espaces partag\u00e9s avec les clients et le personnel. En outre, la possibilit\u00e9 de personnaliser l'interaction gr\u00e2ce \u00e0 9 expressions faciales et la prise en charge de 15 langues rendent le robot adapt\u00e9 aux environnements internationaux et multiculturels.<\/p>\n<p data-start=\"1010\" data-end=\"1262\"><strong>Pourquoi le choisir ?<\/strong><\/p>\n<p>Choisissez le <strong>Keenon Dinerbot T5 Pro<\/strong> signifie investir dans une technologie de pointe qui optimise les op\u00e9rations de livraison et am\u00e9liore l'exp\u00e9rience du client. Gr\u00e2ce \u00e0 sa capacit\u00e9 \u00e0 collaborer avec d'autres robots, \u00e0 s'adapter \u00e0 diff\u00e9rentes conditions environnementales et \u00e0 interagir dans plusieurs langues, le <strong>Dinerbot T5 Pro <\/strong>offre une solution polyvalente et innovante pour toute entreprise souhaitant automatiser ses services.<\/p>\n<p>&nbsp;<\/p><\/div>\n<p><!-- .vgblk-rw-wrapper --><\/p>","protected":false},"excerpt":{"rendered":"<p>Le <strong>Keenon Dinerbot T5 Pro<\/strong> est un robot collaboratif mobile, robuste et polyvalent, con\u00e7u pour effectuer diff\u00e9rentes t\u00e2ches dans des environnements vari\u00e9s. Parfait pour le secteur de la restauration, les h\u00f4tels, les cantines et les caf\u00e9t\u00e9rias, le <strong>Dinerbot T5 Pro <\/strong>peuvent prendre des commandes et servir les tables.<\/p>","protected":false},"featured_media":1011687,"template":"","meta":[],"pwb-brand":[581],"product_brand":[],"product_cat":[634],"product_tag":[],"class_list":{"0":"post-1013446","1":"product","2":"type-product","3":"status-publish","4":"has-post-thumbnail","6":"pwb-brand-keenon","7":"product_cat-robot-per-reception-e-hospitality","9":"first","10":"instock","11":"shipping-taxable","12":"purchasable","13":"product-type-simple"},"brands":[{"id":581,"name":"Keenon","slug":"keenon"}],"_links":{"self":[{"href":"https:\/\/store.todsystem.com\/fr\/wp-json\/wp\/v2\/product\/1013446","targetHints":{"allow":["GET"]}}],"collection":[{"href":"https:\/\/store.todsystem.com\/fr\/wp-json\/wp\/v2\/product"}],"about":[{"href":"https:\/\/store.todsystem.com\/fr\/wp-json\/wp\/v2\/types\/product"}],"version-history":[{"count":12,"href":"https:\/\/store.todsystem.com\/fr\/wp-json\/wp\/v2\/product\/1013446\/revisions"}],"predecessor-version":[{"id":1018330,"href":"https:\/\/store.todsystem.com\/fr\/wp-json\/wp\/v2\/product\/1013446\/revisions\/1018330"}],"wp:featuredmedia":[{"embeddable":true,"href":"https:\/\/store.todsystem.com\/fr\/wp-json\/wp\/v2\/media\/1011687"}],"wp:attachment":[{"href":"https:\/\/store.todsystem.com\/fr\/wp-json\/wp\/v2\/media?parent=1013446"}],"wp:term":[{"taxonomy":"pwb-brand","embeddable":true,"href":"https:\/\/store.todsystem.com\/fr\/wp-json\/wp\/v2\/pwb-brand?post=1013446"},{"taxonomy":"product_brand","embeddable":true,"href":"https:\/\/store.todsystem.com\/fr\/wp-json\/wp\/v2\/product_brand?post=1013446"},{"taxonomy":"product_cat","embeddable":true,"href":"https:\/\/store.todsystem.com\/fr\/wp-json\/wp\/v2\/product_cat?post=1013446"},{"taxonomy":"product_tag","embeddable":true,"href":"https:\/\/store.todsystem.com\/fr\/wp-json\/wp\/v2\/product_tag?post=1013446"}],"curies":[{"name":"wp","href":"https:\/\/api.w.org\/{rel}","templated":true}]}}