{"id":1013441,"date":"2025-07-03T07:50:09","date_gmt":"2025-07-03T07:50:09","guid":{"rendered":"https:\/\/store.todsystem.com\/?post_type=product&#038;p=1013441"},"modified":"2025-07-03T07:50:09","modified_gmt":"2025-07-03T07:50:09","slug":"pudu-flashbot-new","status":"publish","type":"product","link":"https:\/\/store.todsystem.com\/fr\/produit-2\/pudu-flashbot-new\/","title":{"rendered":"PUDU FlashBot Nouveau"},"content":{"rendered":"<div class=\"vgblk-rw-wrapper limit-wrapper\">Le\u00a0<strong>FlashBot Nouveau<\/strong>\u00a0repr\u00e9sente l'innovation en mati\u00e8re de robotique de livraison, avec un design \u00e9l\u00e9gant et une interaction homme-robot exceptionnelle. Parfait pour les h\u00f4tels, les spas et les environnements commerciaux, il est \u00e9quip\u00e9 d'une technologie avanc\u00e9e pour naviguer dans les espaces semi-ouverts, ce qui en fait un alli\u00e9 pr\u00e9cieux pour am\u00e9liorer l'efficacit\u00e9 op\u00e9rationnelle.<\/p>\n<p>Principales caract\u00e9ristiques techniques<\/p>\n<ul>\n<li><strong>Capacit\u00e9 de charge :<\/strong>\u00a010 kg par couche<\/li>\n<li><strong>Dur\u00e9e de vie de la batterie :<\/strong>\u00a08 heures<\/li>\n<li><strong>Temps de charge :<\/strong>\u00a04 heures<\/li>\n<li><strong>Vitesse maximale :<\/strong>\u00a0jusqu'\u00e0 1,2 m\/s (3,94 ft\/s)<\/li>\n<li><strong>Dimensions :<\/strong>\u00a0538 mm \u00d7 534 mm \u00d7 1 052 mm<\/li>\n<li><strong>Poids :<\/strong>\u00a060 kg<\/li>\n<li><strong>Compartiments :<\/strong>\u00a02-4 compartiments modulaires et ajustables<\/li>\n<\/ul>\n<p>Performance<\/p>\n<p>Le\u00a0<strong>FlashBot<\/strong>\u00a0offre une autonomie de 8 heures, suffisante pour des op\u00e9rations continues pendant la journ\u00e9e. Le syst\u00e8me de charge rapide en 4 heures minimise les temps d'arr\u00eat. Gr\u00e2ce aux compartiments modulaires r\u00e9glables, l'agencement peut \u00eatre adapt\u00e9 aux diff\u00e9rents besoins op\u00e9rationnels, ce qui rend ce robot polyvalent pour de multiples utilisations.<\/p>\n<p>Manoeuvrabilit\u00e9 et stabilit\u00e9<\/p>\n<p>\u00c9quip\u00e9 de la technologie de navigation VSLAM+, le\u00a0<strong>FlashBot<\/strong>\u00a0peut se d\u00e9placer en douceur dans des environnements complexes, en \u00e9vitant les obstacles gr\u00e2ce \u00e0 des capteurs 3D avanc\u00e9s. Que ce soit dans des all\u00e9es \u00e9troites ou \u00e0 l'ext\u00e9rieur, le robot maintient sa stabilit\u00e9 et sa pr\u00e9cision lors des man\u0153uvres, garantissant ainsi des livraisons s\u00fbres et sans interf\u00e9rences.<\/p>\n<p>Technologie et s\u00e9curit\u00e9<\/p>\n<p>Le\u00a0<strong>FlashBot<\/strong>\u00a0int\u00e8gre un syst\u00e8me de navigation hybride qui combine le VSLAM, le marker et le Lidar SLAM, permettant une navigation autonome m\u00eame dans des situations complexes. Les capteurs 3D offrent une perception d\u00e9taill\u00e9e de l'environnement, tandis que les dispositifs de s\u00e9curit\u00e9 tels que les boutons d'urgence et les syst\u00e8mes anticollision garantissent un fonctionnement fiable et s\u00fbr.<\/p>\n<p>Pourquoi le choisir ?<\/p>\n<p>Choisissez le\u00a0<strong>FlashBot<\/strong>\u00a0signifie l'adoption d'une solution de livraison innovante et tr\u00e8s efficace, id\u00e9ale pour am\u00e9liorer l'exp\u00e9rience client. Alliant technologie de pointe et design attrayant, ce robot facilite non seulement les op\u00e9rations quotidiennes, mais am\u00e9liore \u00e9galement l'image de l'entreprise, en rendant les interactions avec les clients plus rapides et plus professionnelles.<\/div>\n<p><!-- .vgblk-rw-wrapper --><\/p>","protected":false},"excerpt":{"rendered":"<p>Le\u00a0<strong>FlashBot Nouveau<\/strong>\u00a0est un robot de livraison semi-autonome con\u00e7u pour optimiser les op\u00e9rations dans les environnements h\u00f4teliers et semi-ext\u00e9rieurs. Gr\u00e2ce au syst\u00e8me de navigation PUDU VSLAM+, ce robot est capable de se d\u00e9placer en douceur dans des couloirs complexes, des jardins et des zones de piscine. Avec une charge utile allant jusqu'\u00e0 10 kg par couche et une autonomie de 8 heures, le robot de livraison PUDU VSLAM+ est capable de se d\u00e9placer en douceur dans les couloirs complexes, les jardins et les piscines.\u00a0<strong>FlashBot<\/strong>\u00a0offre une solution innovante pour am\u00e9liorer le service \u00e0 la client\u00e8le, en garantissant des livraisons rapides et efficaces.<\/p>","protected":false},"featured_media":1013551,"template":"","meta":[],"pwb-brand":[],"product_brand":[],"product_cat":[634],"product_tag":[],"class_list":{"0":"post-1013441","1":"product","2":"type-product","3":"status-publish","4":"has-post-thumbnail","6":"product_cat-robot-per-reception-e-hospitality","8":"first","9":"instock","10":"shipping-taxable","11":"product-type-simple"},"brands":[],"_links":{"self":[{"href":"https:\/\/store.todsystem.com\/fr\/wp-json\/wp\/v2\/product\/1013441","targetHints":{"allow":["GET"]}}],"collection":[{"href":"https:\/\/store.todsystem.com\/fr\/wp-json\/wp\/v2\/product"}],"about":[{"href":"https:\/\/store.todsystem.com\/fr\/wp-json\/wp\/v2\/types\/product"}],"version-history":[{"count":7,"href":"https:\/\/store.todsystem.com\/fr\/wp-json\/wp\/v2\/product\/1013441\/revisions"}],"predecessor-version":[{"id":1017081,"href":"https:\/\/store.todsystem.com\/fr\/wp-json\/wp\/v2\/product\/1013441\/revisions\/1017081"}],"wp:featuredmedia":[{"embeddable":true,"href":"https:\/\/store.todsystem.com\/fr\/wp-json\/wp\/v2\/media\/1013551"}],"wp:attachment":[{"href":"https:\/\/store.todsystem.com\/fr\/wp-json\/wp\/v2\/media?parent=1013441"}],"wp:term":[{"taxonomy":"pwb-brand","embeddable":true,"href":"https:\/\/store.todsystem.com\/fr\/wp-json\/wp\/v2\/pwb-brand?post=1013441"},{"taxonomy":"product_brand","embeddable":true,"href":"https:\/\/store.todsystem.com\/fr\/wp-json\/wp\/v2\/product_brand?post=1013441"},{"taxonomy":"product_cat","embeddable":true,"href":"https:\/\/store.todsystem.com\/fr\/wp-json\/wp\/v2\/product_cat?post=1013441"},{"taxonomy":"product_tag","embeddable":true,"href":"https:\/\/store.todsystem.com\/fr\/wp-json\/wp\/v2\/product_tag?post=1013441"}],"curies":[{"name":"wp","href":"https:\/\/api.w.org\/{rel}","templated":true}]}}