{"id":1013435,"date":"2025-07-03T07:50:09","date_gmt":"2025-07-03T07:50:09","guid":{"rendered":"https:\/\/store.todsystem.com\/?post_type=product&#038;p=1013435"},"modified":"2025-10-17T06:18:21","modified_gmt":"2025-10-17T06:18:21","slug":"pudu-t300","status":"publish","type":"product","link":"https:\/\/store.todsystem.com\/fr\/produit-2\/pudu-t300\/","title":{"rendered":"PUDU T300 \u2013 Robot Autonomo di Consegna Industriale"},"content":{"rendered":"<div class=\"vgblk-rw-wrapper limit-wrapper\">\n<p data-start=\"348\" data-end=\"732\">Le <strong data-start=\"351\" data-end=\"364\">PUDU T300<\/strong> \u00e8 un robot di consegna innovativo e autonomo, progettato per <strong data-start=\"426\" data-end=\"478\">ottimizzare i processi di movimentazione interna<\/strong> in ambienti industriali, logistici e produttivi.<br data-start=\"527\" data-end=\"530\" \/>Dotato di <strong data-start=\"540\" data-end=\"594\">sistemi di navigazione avanzati VSLAM e LiDAR SLAM<\/strong>, questo robot \u00e8 in grado di muoversi con precisione, evitare ostacoli e adattarsi dinamicamente ai cambiamenti dell\u2019ambiente di lavoro.<\/p>\n<p data-start=\"734\" data-end=\"955\">Grazie alle sue <strong data-start=\"750\" data-end=\"803\">modalit\u00e0 di consegna automatica e semi-automatica<\/strong>, il T300 offre una versatilit\u00e0 unica, rendendolo ideale per applicazioni di logistica interna, movimentazione di componenti e supporto alla produzione.<\/p>\n<div class=\"spec-table-wrap\">\n<table class=\"spec-table\" aria-describedby=\"pudu-t300-specs\">\n<thead>\n<tr>\n<th>Caratteristica<\/th>\n<th>Dettaglio<\/th>\n<\/tr>\n<\/thead>\n<tbody id=\"pudu-t300-specs\">\n<tr>\n<td class=\"k\">Fabricant<\/td>\n<td class=\"v\">PUDU Robotics<\/td>\n<\/tr>\n<tr>\n<td class=\"k\">Mod\u00e8le<\/td>\n<td class=\"v\">T300<\/td>\n<\/tr>\n<tr>\n<td class=\"k\">Type<\/td>\n<td class=\"v\">Robot di consegna industriale autonomo<\/td>\n<\/tr>\n<tr>\n<td class=\"k\">Dimensions<\/td>\n<td class=\"v\">835 mm \u00d7 500 mm \u00d7 1350 mm<\/td>\n<\/tr>\n<tr>\n<td class=\"k\">Peso (modalit\u00e0 standard)<\/td>\n<td class=\"v\">65 kg<\/td>\n<\/tr>\n<tr>\n<td class=\"k\">Charge maximale<\/td>\n<td class=\"v\">300 kg<\/td>\n<\/tr>\n<tr>\n<td class=\"k\">Capacit\u00e9 de la batterie<\/td>\n<td class=\"v\">30 Ah<\/td>\n<\/tr>\n<tr>\n<td class=\"k\">L'autonomie<\/td>\n<td class=\"v\">12 h (senza carico) \/ 6 h (a pieno carico)<\/td>\n<\/tr>\n<tr>\n<td class=\"k\">Temps de recharge<\/td>\n<td class=\"v\">2 ore (0 \u2192 90 %)<\/td>\n<\/tr>\n<tr>\n<td class=\"k\">Vitesse maximale<\/td>\n<td class=\"v\">1,2 m\/s<\/td>\n<\/tr>\n<tr>\n<td class=\"k\">Metodi di navigazione<\/td>\n<td class=\"v\">VSLAM + LiDAR SLAM<\/td>\n<\/tr>\n<tr>\n<td class=\"k\">Clearance minima<\/td>\n<td class=\"v\">60 cm<\/td>\n<\/tr>\n<tr>\n<td class=\"k\">Superamento soglie<\/td>\n<td class=\"v\">Fino a 20 mm<\/td>\n<\/tr>\n<tr>\n<td class=\"k\">Ampiezza scanalature<\/td>\n<td class=\"v\">Fino a 35 mm<\/td>\n<\/tr>\n<tr>\n<td class=\"k\">Temp\u00e9rature de fonctionnement<\/td>\n<td class=\"v\">0 \u00b0C \u2013 40 \u00b0C<\/td>\n<\/tr>\n<tr>\n<td class=\"k\">Ambiente operativo<\/td>\n<td class=\"v\">Interno \/ pavimenti piani<\/td>\n<\/tr>\n<tr>\n<td class=\"k\">Certificazione sicurezza<\/td>\n<td class=\"v\">ISO 3691-4<\/td>\n<\/tr>\n<tr>\n<td class=\"k\">Modalit\u00e0 di consegna<\/td>\n<td class=\"v\">Automatica \/ Follow \/ Power-assist<\/td>\n<\/tr>\n<tr>\n<td class=\"k\">Funzionalit\u00e0 extra<\/td>\n<td class=\"v\">Controllo ascensori, integrazione app Pudu Link, sistema pager, API IoT<\/td>\n<\/tr>\n<tr>\n<td class=\"k\">Indicatori di stato<\/td>\n<td class=\"v\">Luci ad alta luminosit\u00e0 e segnalazione a semaforo<\/td>\n<\/tr>\n<\/tbody>\n<\/table>\n<\/div>\n<h2 data-start=\"1817\" data-end=\"1848\">Modalit\u00e0<strong data-start=\"1824\" data-end=\"1848\"> di consegna<\/strong><\/h2>\n<ul data-start=\"1850\" data-end=\"2490\">\n<li data-start=\"1850\" data-end=\"2084\">\n<p data-start=\"1852\" data-end=\"2084\"><strong data-start=\"1852\" data-end=\"1876\">Modalit\u00e0 automatica:<\/strong> il T300 utilizza la sua navigazione autonoma per consegnare materiali verso destinazioni preimpostate. Le mappe possono essere aggiornate rapidamente per adattarsi ai cambiamenti nella linea di produzione.<\/p>\n<\/li>\n<li data-start=\"2085\" data-end=\"2273\">\n<p data-start=\"2087\" data-end=\"2273\"><strong data-start=\"2087\" data-end=\"2109\">Modalit\u00e0 \u201cFollow\u201d:<\/strong> grazie alla tecnologia di riconoscimento visivo, il robot pu\u00f2 seguire operatori o altri robot, utile per la preparazione di materiali o il trasporto in sequenza.<\/p>\n<\/li>\n<li data-start=\"2274\" data-end=\"2490\">\n<p data-start=\"2276\" data-end=\"2490\"><strong data-start=\"2276\" data-end=\"2304\">Modalit\u00e0 \u201cPower-assist\u201d:<\/strong> consente all\u2019operatore di spingere manualmente il robot con un supporto elettrico assistito, migliorando la flessibilit\u00e0 operativa in aree non mappate o durante manovre di precisione.<\/p>\n<\/li>\n<\/ul>\n<h2 data-start=\"2497\" data-end=\"2533\">Sicurezza e affidabilit\u00e0<\/h2>\n<p data-start=\"2535\" data-end=\"2884\">Le <strong data-start=\"2538\" data-end=\"2551\">PUDU T300<\/strong> rispetta gli <strong data-start=\"2565\" data-end=\"2588\">standard ISO 3691-4<\/strong> e integra <strong data-start=\"2599\" data-end=\"2667\">sensori LiDAR, telecamere di profondit\u00e0 e sensori anticollisione<\/strong>, garantendo una navigazione sicura anche in presenza di operatori.<br data-start=\"2734\" data-end=\"2737\" \/>\u00c8 in grado di riconoscere linee di sicurezza a pavimento e di operare in spazi ristretti, mantenendo una distanza minima di sicurezza di <strong data-start=\"2874\" data-end=\"2883\">60 cm<\/strong>.<\/p>\n<h2 data-start=\"2891\" data-end=\"2925\">Operazioni continuative<\/h2>\n<p data-start=\"2927\" data-end=\"3287\">Grazie alla batteria da <strong data-start=\"2951\" data-end=\"2960\">30 Ah<\/strong>, il T300 offre <strong data-start=\"2976\" data-end=\"3006\">fino a 12 ore di autonomia<\/strong> senza carico e <strong data-start=\"3022\" data-end=\"3046\">6 ore a pieno carico<\/strong>.<br data-start=\"3047\" data-end=\"3050\" \/>La <strong data-start=\"3053\" data-end=\"3072\">ricarica rapida<\/strong> consente di raggiungere il 90 % della capacit\u00e0 in sole <strong data-start=\"3128\" data-end=\"3137\">2 ore<\/strong>, mentre le opzioni di <strong data-start=\"3160\" data-end=\"3183\">ricarica automatica<\/strong> e <strong data-start=\"3186\" data-end=\"3224\">remplacement rapide de la batterie<\/strong> garantiscono continuit\u00e0 operativa per turni prolungati o 24\/7.<\/p>\n<h2 data-start=\"3294\" data-end=\"3327\">Design e manovrabilit\u00e0<\/h2>\n<p data-start=\"3329\" data-end=\"3796\">Con le sue dimensioni compatte (<strong data-start=\"3361\" data-end=\"3384\">835 \u00d7 500 \u00d7 1350 mm<\/strong>) e un peso contenuto (<strong data-start=\"3407\" data-end=\"3416\">65 kg<\/strong>), il T300 si muove con agilit\u00e0 in spazi ridotti.<br data-start=\"3465\" data-end=\"3468\" \/>Pu\u00f2 <strong data-start=\"3472\" data-end=\"3504\">superare soglie fino a 20 mm<\/strong> e attraversare <strong data-start=\"3520\" data-end=\"3548\">scanalature fino a 35 mm<\/strong>, assicurando la massima stabilit\u00e0 su pavimentazioni industriali.<br data-start=\"3613\" data-end=\"3616\" \/>Dispone inoltre di <strong data-start=\"3635\" data-end=\"3677\">indicatori luminosi ad alta visibilit\u00e0<\/strong> et un <strong data-start=\"3683\" data-end=\"3721\">sistema di segnalazione a semaforo<\/strong>, che comunicano lo stato operativo e le intenzioni di movimento del robot.<\/p>\n<h2 data-start=\"3803\" data-end=\"3842\">Compatibilit\u00e0 e integrazione<\/h2>\n<p data-start=\"3844\" data-end=\"4167\">Le <strong data-start=\"3847\" data-end=\"3860\">PUDU T300<\/strong> si integra facilmente nei processi di produzione esistenti senza richiedere modifiche infrastrutturali.<br data-start=\"3964\" data-end=\"3967\" \/>Supporta il <strong data-start=\"3979\" data-end=\"4005\">controllo di ascensori<\/strong>, l\u2019interazione tramite l\u2019app <strong data-start=\"4035\" data-end=\"4048\">Pudu Link<\/strong> e la <strong data-start=\"4054\" data-end=\"4096\">gestione con sistema di chiamata pager<\/strong>, permettendo la sincronizzazione con altre piattaforme di automazione.<\/p>\n<h2 data-start=\"4174\" data-end=\"4202\">Pourquoi le choisir ?<\/h2>\n<p data-start=\"4204\" data-end=\"4587\">Le <strong data-start=\"4207\" data-end=\"4220\">PUDU T300<\/strong> rappresenta una soluzione <strong data-start=\"4247\" data-end=\"4280\">avanzata, sicura e flessibile<\/strong> per la consegna e la logistica interna.<br data-start=\"4320\" data-end=\"4323\" \/>Combinando <strong data-start=\"4334\" data-end=\"4376\">tecnologia di navigazione intelligente<\/strong>, <strong data-start=\"4378\" data-end=\"4402\">robustezza meccanica<\/strong> e <strong data-start=\"4405\" data-end=\"4432\">facilit\u00e0 d\u2019integrazione<\/strong>, migliora la produttivit\u00e0 e riduce i tempi di movimentazione, diventando un alleato fondamentale per le <strong data-start=\"4537\" data-end=\"4584\">industrie moderne orientate all\u2019automazione<\/strong>.<\/p>\n<\/div>\n<p><!-- .vgblk-rw-wrapper --><\/p>","protected":false},"excerpt":{"rendered":"<p><strong>Le PUDU T300<\/strong> est un robot de livraison industriel avanc\u00e9 con\u00e7u pour transporter des charges allant jusqu'\u00e0 300 kg avec une navigation autonome et des syst\u00e8mes de s\u00e9curit\u00e9 intelligents. Avec son mode d'assistance \u00e9lectrique et sa compatibilit\u00e9 IoT, le T300 est id\u00e9al pour optimiser la logistique dans les cha\u00eenes de production. Avec 8 heures d'autonomie et une charge rapide de 2 heures, il assure des op\u00e9rations continues 24 heures sur 24 et 7 jours sur 7 tout en conservant une grande efficacit\u00e9 et une grande polyvalence dans des environnements industriels complexes.<\/p>","protected":false},"featured_media":1013516,"template":"","meta":[],"pwb-brand":[684],"product_brand":[],"product_cat":[634],"product_tag":[],"class_list":{"0":"post-1013435","1":"product","2":"type-product","3":"status-publish","4":"has-post-thumbnail","6":"pwb-brand-pudu","7":"product_cat-robot-per-reception-e-hospitality","9":"first","10":"instock","11":"shipping-taxable","12":"product-type-simple"},"brands":[{"id":684,"name":"PUDU","slug":"pudu"}],"_links":{"self":[{"href":"https:\/\/store.todsystem.com\/fr\/wp-json\/wp\/v2\/product\/1013435","targetHints":{"allow":["GET"]}}],"collection":[{"href":"https:\/\/store.todsystem.com\/fr\/wp-json\/wp\/v2\/product"}],"about":[{"href":"https:\/\/store.todsystem.com\/fr\/wp-json\/wp\/v2\/types\/product"}],"version-history":[{"count":6,"href":"https:\/\/store.todsystem.com\/fr\/wp-json\/wp\/v2\/product\/1013435\/revisions"}],"predecessor-version":[{"id":1019594,"href":"https:\/\/store.todsystem.com\/fr\/wp-json\/wp\/v2\/product\/1013435\/revisions\/1019594"}],"wp:featuredmedia":[{"embeddable":true,"href":"https:\/\/store.todsystem.com\/fr\/wp-json\/wp\/v2\/media\/1013516"}],"wp:attachment":[{"href":"https:\/\/store.todsystem.com\/fr\/wp-json\/wp\/v2\/media?parent=1013435"}],"wp:term":[{"taxonomy":"pwb-brand","embeddable":true,"href":"https:\/\/store.todsystem.com\/fr\/wp-json\/wp\/v2\/pwb-brand?post=1013435"},{"taxonomy":"product_brand","embeddable":true,"href":"https:\/\/store.todsystem.com\/fr\/wp-json\/wp\/v2\/product_brand?post=1013435"},{"taxonomy":"product_cat","embeddable":true,"href":"https:\/\/store.todsystem.com\/fr\/wp-json\/wp\/v2\/product_cat?post=1013435"},{"taxonomy":"product_tag","embeddable":true,"href":"https:\/\/store.todsystem.com\/fr\/wp-json\/wp\/v2\/product_tag?post=1013435"}],"curies":[{"name":"wp","href":"https:\/\/api.w.org\/{rel}","templated":true}]}}