{"id":1013371,"date":"2024-10-24T14:01:12","date_gmt":"2024-10-24T14:01:12","guid":{"rendered":"https:\/\/store.todsystem.com\/?post_type=product&#038;p=1013371"},"modified":"2025-07-11T08:13:45","modified_gmt":"2025-07-11T08:13:45","slug":"keenon-dinerbot-t9-pro","status":"publish","type":"product","link":"https:\/\/store.todsystem.com\/fr\/produit-2\/keenon-dinerbot-t9-pro\/","title":{"rendered":"Keenon Dinerbot T9 Pro"},"content":{"rendered":"<div class=\"vgblk-rw-wrapper limit-wrapper\"><strong data-start=\"3\" data-end=\"25\">Keenon Dinerbot T9 Pro: Il Robot Service Cameriere<\/strong><\/p>\n<p>Le <strong>Keenon Dinerbot T9 Pro<\/strong>\u00a0\u00e8 un robot autonomo progettato per l\u2019assistenza in ambienti commerciali e di ristorazione. Grazie alla sua tecnologia di navigazione intelligente <strong>VSLAM<\/strong>(Vision-Based Simultaneous Localization and Mapping),\u00a0non richiede marker per il dispiegamento, offrendo un\u2019installazione rapida e flessibile. La combinazione di sensori di visione stereo e una struttura rinforzata lo rende ideale per un servizio sicuro e preciso in ambienti complessi. \u00c8 ottimizzato per il trasporto di vassoi e la consegna autonoma, migliorando l\u2019efficienza operativa in ristoranti, hotel e uffici.<\/p>\n<p data-start=\"488\" data-end=\"519\"><strong data-start=\"488\" data-end=\"519\">Caract\u00e9ristiques principales :<\/strong><\/p>\n<ul data-start=\"521\" data-end=\"995\">\n<li data-start=\"521\" data-end=\"558\"><strong data-start=\"523\" data-end=\"538\">Dimensions :<\/strong> 500 x 527 x 1266 mm<\/li>\n<li data-start=\"559\" data-end=\"578\"><strong data-start=\"561\" data-end=\"570\">Poids :<\/strong> 45,2 kg<\/li>\n<li data-start=\"579\" data-end=\"617\"><strong data-start=\"581\" data-end=\"603\">Nombre d'\u00e9tag\u00e8res :<\/strong> 3, regolabili<\/li>\n<li data-start=\"618\" data-end=\"649\"><strong data-start=\"620\" data-end=\"643\">Capacit\u00e9 de charge :<\/strong> 40 kg<\/li>\n<li data-start=\"650\" data-end=\"695\"><strong data-start=\"652\" data-end=\"681\">Autonomie de la batterie :<\/strong> fino a 15 ore<\/li>\n<li data-start=\"696\" data-end=\"773\"><strong data-start=\"698\" data-end=\"724\">Recharge intelligente :<\/strong> Oui, programmable en fonction de la dur\u00e9e ou de la quantit\u00e9 de charge<\/li>\n<li data-start=\"774\" data-end=\"839\"><strong data-start=\"776\" data-end=\"800\">Vitesse r\u00e9glable :<\/strong> Oui, en fonction des conditions environnementales<\/li>\n<li data-start=\"840\" data-end=\"913\"><strong data-start=\"842\" data-end=\"867\">Soutien linguistique :<\/strong> 15 langues, avec 9 expressions faciales diff\u00e9rentes<\/li>\n<li data-start=\"914\" data-end=\"995\"><strong data-start=\"916\" data-end=\"944\">Collaboration robotique :<\/strong> Oui, gr\u00e2ce \u00e0 un syst\u00e8me de communication int\u00e9gr\u00e9<\/li>\n<\/ul>\n<p>&nbsp;<\/p>\n<p data-start=\"997\" data-end=\"1013\"><strong data-start=\"997\" data-end=\"1013\">Performance :<\/strong><\/p>\n<p data-start=\"1015\" data-end=\"1433\">Le <strong>Keenon Dinerbot T9 Pro<\/strong> offre un&#8217;autonomia della batteria che varia fino a 15 ore, consentendo operazioni continue durante l&#8217;intera giornata. La ricarica intelligente permette al robot di gestire autonomamente il ciclo di ricarica in base al tempo o alla quantit\u00e0 di energia necessaria. Con una capacit\u00e0 di carico di 40 kg distribuiti su 3 ripiani regolabili, \u00e8 ideale per operazioni di consegna multiple e continue.<\/p>\n<p data-start=\"1435\" data-end=\"1465\"><strong data-start=\"1435\" data-end=\"1465\">Manoeuvrabilit\u00e9 et stabilit\u00e9 :<\/strong><\/p>\n<p data-start=\"1467\" data-end=\"1767\">Dotato di sensori di visione stereo, il <strong>Dinerbot T9 Pro<\/strong> d\u00e9tecte et contourne les obstacles sous tous les angles, en adaptant sa vitesse \u00e0 son environnement. Cela lui permet de fonctionner en toute s\u00e9curit\u00e9 et en douceur dans des espaces encombr\u00e9s ou complexes, en garantissant la pr\u00e9cision et la stabilit\u00e9 de ses d\u00e9placements.<\/p>\n<p data-start=\"1769\" data-end=\"1796\"><strong data-start=\"1769\" data-end=\"1796\">Technologie et s\u00e9curit\u00e9 :<\/strong><\/p>\n<p data-start=\"1798\" data-end=\"2208\">Gr\u00e2ce \u00e0 des capteurs avanc\u00e9s, le <strong>Keenon Dinerbot T9 Pro<\/strong> navigue de mani\u00e8re autonome dans n'importe quel environnement. La capacit\u00e9 de d\u00e9tecter les obstacles et d'ajuster la vitesse garantit un fonctionnement s\u00fbr dans les espaces partag\u00e9s avec les clients et le personnel. En outre, la possibilit\u00e9 de personnaliser l'interaction gr\u00e2ce \u00e0 9 expressions faciales et la prise en charge de 15 langues en font un outil adapt\u00e9 aux contextes internationaux et multiculturels.<\/p>\n<p data-start=\"2431\" data-end=\"2453\"><strong data-start=\"2431\" data-end=\"2453\">Pourquoi le choisir ?<\/strong><\/p>\n<p data-start=\"2455\" data-end=\"2851\">Investir dans la <strong>Keenon Dinerbot T9 Pro<\/strong> significa adottare una tecnologia avanzata che ottimizza le operazioni di consegna e migliora l&#8217;esperienza del cliente. La sua capacit\u00e0 di collaborare con altri robot, adattarsi a diverse condizioni ambientali e interagire in pi\u00f9 lingue offre una soluzione versatile e innovativa per qualsiasi attivit\u00e0 commerciale che desideri automatizzare i propri servizi.<\/p>\n<\/div>\n<p><!-- .vgblk-rw-wrapper --><\/p>","protected":false},"excerpt":{"rendered":"<p>Le <strong>Keenon DINERBOT T9 Pro<\/strong> \u00e8 un robot autonomo avanzato progettato per ottimizzare le operazioni di consegna in ambienti commerciali. Grazie alla sua tecnologia di navigazione con sensori di visione 3D, garantisce un servizio sicuro, efficiente e completamente automatizzato. Ideale per ristoranti, hotel e uffici, il T9 Pro offre una soluzione innovativa per migliorare la qualit\u00e0 del servizio e ridurre i tempi di attesa.<\/p>\n<p><!--more--><\/p>","protected":false},"featured_media":1013374,"template":"","meta":[],"pwb-brand":[581],"product_brand":[],"product_cat":[634],"product_tag":[],"class_list":{"0":"post-1013371","1":"product","2":"type-product","3":"status-publish","4":"has-post-thumbnail","6":"pwb-brand-keenon","7":"product_cat-robot-per-reception-e-hospitality","9":"first","10":"instock","11":"shipping-taxable","12":"purchasable","13":"product-type-simple"},"brands":[{"id":581,"name":"Keenon","slug":"keenon"}],"_links":{"self":[{"href":"https:\/\/store.todsystem.com\/fr\/wp-json\/wp\/v2\/product\/1013371","targetHints":{"allow":["GET"]}}],"collection":[{"href":"https:\/\/store.todsystem.com\/fr\/wp-json\/wp\/v2\/product"}],"about":[{"href":"https:\/\/store.todsystem.com\/fr\/wp-json\/wp\/v2\/types\/product"}],"version-history":[{"count":27,"href":"https:\/\/store.todsystem.com\/fr\/wp-json\/wp\/v2\/product\/1013371\/revisions"}],"predecessor-version":[{"id":1018326,"href":"https:\/\/store.todsystem.com\/fr\/wp-json\/wp\/v2\/product\/1013371\/revisions\/1018326"}],"wp:featuredmedia":[{"embeddable":true,"href":"https:\/\/store.todsystem.com\/fr\/wp-json\/wp\/v2\/media\/1013374"}],"wp:attachment":[{"href":"https:\/\/store.todsystem.com\/fr\/wp-json\/wp\/v2\/media?parent=1013371"}],"wp:term":[{"taxonomy":"pwb-brand","embeddable":true,"href":"https:\/\/store.todsystem.com\/fr\/wp-json\/wp\/v2\/pwb-brand?post=1013371"},{"taxonomy":"product_brand","embeddable":true,"href":"https:\/\/store.todsystem.com\/fr\/wp-json\/wp\/v2\/product_brand?post=1013371"},{"taxonomy":"product_cat","embeddable":true,"href":"https:\/\/store.todsystem.com\/fr\/wp-json\/wp\/v2\/product_cat?post=1013371"},{"taxonomy":"product_tag","embeddable":true,"href":"https:\/\/store.todsystem.com\/fr\/wp-json\/wp\/v2\/product_tag?post=1013371"}],"curies":[{"name":"wp","href":"https:\/\/api.w.org\/{rel}","templated":true}]}}