{"id":1013343,"date":"2024-10-24T09:54:18","date_gmt":"2024-10-24T09:54:18","guid":{"rendered":"https:\/\/store.todsystem.com\/?post_type=product&#038;p=1013343"},"modified":"2025-07-11T08:12:12","modified_gmt":"2025-07-11T08:12:12","slug":"keenon-s100","status":"publish","type":"product","link":"https:\/\/store.todsystem.com\/fr\/produit-2\/keenon-s100\/","title":{"rendered":"Keenon S100"},"content":{"rendered":"<div class=\"vgblk-rw-wrapper limit-wrapper\">\n<p data-start=\"0\" data-end=\"71\"><strong data-start=\"0\" data-end=\"71\">Keenon S100 : Robot de service autonome pour un transport efficace<\/strong><\/p>\n<p data-start=\"73\" data-end=\"383\">Le <strong data-start=\"76\" data-end=\"91\">Keenon S100<\/strong> est un robot de service autonome con\u00e7u pour fonctionner en continu et en toute s\u00e9curit\u00e9 dans des environnements industriels et commerciaux. Optimis\u00e9 pour la manutention de charges l\u00e9g\u00e8res jusqu'\u00e0 100 kg, il permet le transport stable de marchandises dans des espaces o\u00f9 les passages sont \u00e9troits jusqu'\u00e0 90 cm de large.<\/p>\n<p data-start=\"385\" data-end=\"425\"><strong data-start=\"385\" data-end=\"425\">Principales caract\u00e9ristiques techniques :<\/strong><\/p>\n<ul data-start=\"426\" data-end=\"631\">\n<li data-start=\"426\" data-end=\"465\"><strong data-start=\"428\" data-end=\"451\">Capacit\u00e9 de charge :<\/strong> jusqu'\u00e0 100 kg<\/li>\n<li data-start=\"466\" data-end=\"507\"><strong data-start=\"468\" data-end=\"494\">Dur\u00e9e de vie de la batterie :<\/strong> jusqu'\u00e0 8 heures<\/li>\n<li data-start=\"508\" data-end=\"540\"><strong data-start=\"510\" data-end=\"532\">Temps de recharge :<\/strong> 2,5 heures<\/li>\n<li data-start=\"541\" data-end=\"570\"><strong data-start=\"543\" data-end=\"564\">Vitesse maximale :<\/strong> 1 m\/s<\/li>\n<li data-start=\"571\" data-end=\"611\"><strong data-start=\"573\" data-end=\"588\">Dimensions :<\/strong> 92,5 x 62,0 x 128,2 cm<\/li>\n<li data-start=\"612\" data-end=\"631\"><strong data-start=\"614\" data-end=\"623\">Poids :<\/strong> 87,5 kg<\/li>\n<\/ul>\n<p data-start=\"633\" data-end=\"648\"><strong data-start=\"633\" data-end=\"648\">Performance<\/strong><\/p>\n<p data-start=\"650\" data-end=\"1115\">\u00c9quip\u00e9e d'une batterie haute performance, la Keenon S100 offre jusqu'\u00e0 8 heures d'autonomie, ce qui est id\u00e9al pour des op\u00e9rations ininterrompues. Le remplacement rapide de la batterie en seulement 15 secondes permet une livraison continue 24 heures sur 24 et 7 jours sur 7, ce qui est essentiel pour les entreprises dont les flux de travail sont constants. Le temps de recharge complet est de 2,5 heures, et le syst\u00e8me prend en charge \u00e0 la fois la recharge automatique via une station d\u00e9di\u00e9e et la recharge manuelle, s'adaptant ainsi aux diff\u00e9rents besoins op\u00e9rationnels.<\/p>\n<p data-start=\"1117\" data-end=\"1146\"><strong data-start=\"1117\" data-end=\"1146\">Manoeuvrabilit\u00e9 et stabilit\u00e9<\/strong><\/p>\n<p data-start=\"1148\" data-end=\"1458\">Con\u00e7ue pour la stabilit\u00e9 et la maniabilit\u00e9, la Keenon S100 utilise un syst\u00e8me de contr\u00f4le avanc\u00e9 bas\u00e9 sur des algorithmes PID, qui maintient un \u00e9quilibre optimal pendant l'acc\u00e9l\u00e9ration, le freinage et les virages. Il est capable de s'attaquer \u00e0 des terrains complexes et \u00e0 des surfaces in\u00e9gales, garantissant des mouvements coh\u00e9rents et s\u00fbrs.<\/p>\n<p data-start=\"1460\" data-end=\"1486\"><strong data-start=\"1460\" data-end=\"1486\">Technologie et s\u00e9curit\u00e9<\/strong><\/p>\n<p data-start=\"1488\" data-end=\"1892\">\u00c9quip\u00e9 de capteurs LiDAR, de modules de vision st\u00e9r\u00e9o et d'imagerie, le robot d\u00e9tecte avec pr\u00e9cision les obstacles au sol et en suspension. La technologie multimodale SLAM lui permet de naviguer et de se localiser avec pr\u00e9cision dans des environnements complexes partag\u00e9s avec des personnes. Pour plus de s\u00e9curit\u00e9, il dispose de trois boutons d'urgence et d'une bande anticollision \u00e0 360\u00b0, ce qui permet d'\u00e9viter les accidents en cours de fonctionnement.<\/p>\n<p data-start=\"1894\" data-end=\"1924\"><strong data-start=\"1894\" data-end=\"1924\">Caract\u00e9ristiques suppl\u00e9mentaires<\/strong><\/p>\n<p data-start=\"1926\" data-end=\"2174\">La conception modulaire du Keenon S100 permet de le personnaliser en fonction des exigences sp\u00e9cifiques du site. Le rack est adaptable \u00e0 diff\u00e9rentes tailles de charge, et le syst\u00e8me de verrouillage de la batterie permet des remplacements rapides en quelques secondes.<\/p>\n<p data-start=\"2176\" data-end=\"2197\"><strong data-start=\"2176\" data-end=\"2197\">Pourquoi le choisir ?<\/strong><\/p>\n<p data-start=\"2199\" data-end=\"2515\">Le Keenon S100 repr\u00e9sente une solution de transport robotis\u00e9 qui allie efficacit\u00e9, s\u00e9curit\u00e9 et flexibilit\u00e9. Avec une capacit\u00e9 de charge importante, une longue dur\u00e9e de vie de la batterie et une man\u0153uvrabilit\u00e9 avanc\u00e9e, c'est le choix id\u00e9al pour les entreprises qui visent l'automatisation et la continuit\u00e9 des activit\u00e9s.<\/p>\n<p>&nbsp;<\/p>\n<p>&nbsp;<\/p><\/div>\n<p><!-- .vgblk-rw-wrapper --><\/p>","protected":false},"excerpt":{"rendered":"<p><strong>Keenon S100KG<\/strong> est un robot autonome pour le transport de charges jusqu'\u00e0 <strong>100 kg<\/strong>con\u00e7u pour un fonctionnement ininterrompu gr\u00e2ce \u00e0 une batterie d'une capacit\u00e9 de <strong>8 heures<\/strong> et rempla\u00e7able en <strong>15 secondes<\/strong>. \u00c9quip\u00e9 de capteurs avanc\u00e9s pour \u00e9viter les obstacles et garantir une s\u00e9curit\u00e9 maximale, il est parfait pour les environnements complexes. Id\u00e9al pour l'automatisation des environnements industriels et commerciaux, avec une conception modulaire et flexible pour s'adapter aux diff\u00e9rents besoins op\u00e9rationnels.<\/p>","protected":false},"featured_media":1013936,"template":"","meta":[],"pwb-brand":[581],"product_brand":[],"product_cat":[634],"product_tag":[],"class_list":{"0":"post-1013343","1":"product","2":"type-product","3":"status-publish","4":"has-post-thumbnail","6":"pwb-brand-keenon","7":"product_cat-robot-per-reception-e-hospitality","9":"first","10":"instock","11":"shipping-taxable","12":"product-type-simple"},"brands":[{"id":581,"name":"Keenon","slug":"keenon"}],"_links":{"self":[{"href":"https:\/\/store.todsystem.com\/fr\/wp-json\/wp\/v2\/product\/1013343","targetHints":{"allow":["GET"]}}],"collection":[{"href":"https:\/\/store.todsystem.com\/fr\/wp-json\/wp\/v2\/product"}],"about":[{"href":"https:\/\/store.todsystem.com\/fr\/wp-json\/wp\/v2\/types\/product"}],"version-history":[{"count":21,"href":"https:\/\/store.todsystem.com\/fr\/wp-json\/wp\/v2\/product\/1013343\/revisions"}],"predecessor-version":[{"id":1018325,"href":"https:\/\/store.todsystem.com\/fr\/wp-json\/wp\/v2\/product\/1013343\/revisions\/1018325"}],"wp:featuredmedia":[{"embeddable":true,"href":"https:\/\/store.todsystem.com\/fr\/wp-json\/wp\/v2\/media\/1013936"}],"wp:attachment":[{"href":"https:\/\/store.todsystem.com\/fr\/wp-json\/wp\/v2\/media?parent=1013343"}],"wp:term":[{"taxonomy":"pwb-brand","embeddable":true,"href":"https:\/\/store.todsystem.com\/fr\/wp-json\/wp\/v2\/pwb-brand?post=1013343"},{"taxonomy":"product_brand","embeddable":true,"href":"https:\/\/store.todsystem.com\/fr\/wp-json\/wp\/v2\/product_brand?post=1013343"},{"taxonomy":"product_cat","embeddable":true,"href":"https:\/\/store.todsystem.com\/fr\/wp-json\/wp\/v2\/product_cat?post=1013343"},{"taxonomy":"product_tag","embeddable":true,"href":"https:\/\/store.todsystem.com\/fr\/wp-json\/wp\/v2\/product_tag?post=1013343"}],"curies":[{"name":"wp","href":"https:\/\/api.w.org\/{rel}","templated":true}]}}