{"id":1010857,"date":"2024-09-05T09:51:54","date_gmt":"2024-09-05T09:51:54","guid":{"rendered":"https:\/\/store.todsystem.com\/prodotto\/robotis-dream%e2%85%b1-level-2-kit-en\/"},"modified":"2025-06-11T08:38:50","modified_gmt":"2025-06-11T08:38:50","slug":"robotis-dream%e2%85%b1-level-2-kit-en","status":"publish","type":"product","link":"https:\/\/store.todsystem.com\/fr\/produit-2\/robotis-dream\u2171-level-2-kit-en\/","title":{"rendered":"Kit ROBOTIS DREAM\u2161 Niveau 2 [EN]."},"content":{"rendered":"<div class=\"vgblk-rw-wrapper limit-wrapper\">\n<p data-sourcepos=\"5:1-5:300\">ROBOTIS Dream II est la s\u00e9rie id\u00e9ale pour initier les jeunes enfants au monde fantastique de la robotique.<\/p>\n<p data-sourcepos=\"5:1-5:300\">Avec une approche \u00e0 la fois ludique et rigoureuse, ces kits de construction permettent aux enfants d'apprendre les bases de l'\u00e9lectronique, de la m\u00e9canique et de la programmation d'une mani\u00e8re amusante et interactive.<\/p>\n<p data-sourcepos=\"7:1-7:329\">Chaque kit de la s\u00e9rie pr\u00e9sente un niveau de complexit\u00e9 croissant, offrant des d\u00e9fis de plus en plus stimulants et permettant aux enfants de progresser graduellement dans leurs comp\u00e9tences.<\/p>\n<p data-sourcepos=\"7:1-7:329\">Des simples robots \u00e0 deux jambes aux mod\u00e8les plus complexes, les kits ROBOTIS Dream II sont con\u00e7us pour fasciner et impliquer les jeunes ing\u00e9nieurs.<\/p>\n<p data-sourcepos=\"9:1-9:392\">\n<\/div>\n<p><!-- .vgblk-rw-wrapper --><\/p>","protected":false},"excerpt":{"rendered":"<p>ROBOTIS Dream II : la fa\u00e7on la plus amusante d'apprendre la robotique !<\/p>\n<p>Avec les kits ROBOTIS Dream II, les enfants construisent leurs propres robots, apprennent l'\u00e9lectronique et d\u00e9veloppent leurs comp\u00e9tences.<\/p>\n<p>Chaque kit repr\u00e9sente un nouveau niveau de d\u00e9fi, pour une exp\u00e9rience d'apprentissage toujours stimulante.<\/p>","protected":false},"featured_media":1013072,"template":"","meta":[],"pwb-brand":[],"product_brand":[],"product_cat":[651],"product_tag":[],"class_list":{"0":"post-1010857","1":"product","2":"type-product","3":"status-publish","4":"has-post-thumbnail","6":"product_cat-kit-robotici-educativi","8":"first","9":"instock","10":"shipping-taxable","11":"product-type-simple"},"brands":[],"_links":{"self":[{"href":"https:\/\/store.todsystem.com\/fr\/wp-json\/wp\/v2\/product\/1010857","targetHints":{"allow":["GET"]}}],"collection":[{"href":"https:\/\/store.todsystem.com\/fr\/wp-json\/wp\/v2\/product"}],"about":[{"href":"https:\/\/store.todsystem.com\/fr\/wp-json\/wp\/v2\/types\/product"}],"version-history":[{"count":3,"href":"https:\/\/store.todsystem.com\/fr\/wp-json\/wp\/v2\/product\/1010857\/revisions"}],"predecessor-version":[{"id":1013077,"href":"https:\/\/store.todsystem.com\/fr\/wp-json\/wp\/v2\/product\/1010857\/revisions\/1013077"}],"wp:featuredmedia":[{"embeddable":true,"href":"https:\/\/store.todsystem.com\/fr\/wp-json\/wp\/v2\/media\/1013072"}],"wp:attachment":[{"href":"https:\/\/store.todsystem.com\/fr\/wp-json\/wp\/v2\/media?parent=1010857"}],"wp:term":[{"taxonomy":"pwb-brand","embeddable":true,"href":"https:\/\/store.todsystem.com\/fr\/wp-json\/wp\/v2\/pwb-brand?post=1010857"},{"taxonomy":"product_brand","embeddable":true,"href":"https:\/\/store.todsystem.com\/fr\/wp-json\/wp\/v2\/product_brand?post=1010857"},{"taxonomy":"product_cat","embeddable":true,"href":"https:\/\/store.todsystem.com\/fr\/wp-json\/wp\/v2\/product_cat?post=1010857"},{"taxonomy":"product_tag","embeddable":true,"href":"https:\/\/store.todsystem.com\/fr\/wp-json\/wp\/v2\/product_tag?post=1010857"}],"curies":[{"name":"wp","href":"https:\/\/api.w.org\/{rel}","templated":true}]}}