{"id":1010856,"date":"2024-09-05T09:51:54","date_gmt":"2024-09-05T09:51:54","guid":{"rendered":"https:\/\/store.todsystem.com\/prodotto\/robotis-dream%e2%85%b1-level-1-kit-en\/"},"modified":"2025-06-11T08:38:50","modified_gmt":"2025-06-11T08:38:50","slug":"robotis-dream%e2%85%b1-kit-livello-1-it","status":"publish","type":"product","link":"https:\/\/store.todsystem.com\/fr\/produit-2\/robotis-dream\u2171-kit-livello-1-it\/","title":{"rendered":"ROBOTIS DREAM\u2161 Kit Niveau 1 [EN]."},"content":{"rendered":"<div class=\"vgblk-rw-wrapper limit-wrapper\">\n<p data-sourcepos=\"12:1-12:261\">La s\u00e9rie ROBOTIS Dream II est le choix id\u00e9al ! Con\u00e7ue pour les jeunes enfants, cette gamme de kits \u00e9ducatifs offre une approche ludique et structur\u00e9e de l'apprentissage des bases de la robotique.<\/p>\n<p data-sourcepos=\"14:1-14:286\">Gr\u00e2ce \u00e0 des manuels illustr\u00e9s et d\u00e9taill\u00e9s, les enfants apprendront \u00e0 construire des robots de plus en plus complexes, en exp\u00e9rimentant l'\u00e9lectricit\u00e9, les capteurs et les diff\u00e9rents modes de d\u00e9placement.<\/p>\n<p data-sourcepos=\"14:1-14:286\">Chaque kit est une \u00e9tape vers une compr\u00e9hension plus approfondie des principes scientifiques qui r\u00e9gissent la robotique.<\/p>\n<p data-sourcepos=\"16:1-16:38\"><strong>Pourquoi choisir ROBOTIS Dream II ?<\/strong><\/p>\n<ul data-sourcepos=\"18:1-22:0\">\n<li data-sourcepos=\"18:1-18:167\"><strong>Apprentissage progressif :<\/strong> Les kits sont structur\u00e9s de mani\u00e8re \u00e0 suivre une progression de la difficult\u00e9, ce qui permet aux enfants d'acqu\u00e9rir de nouvelles comp\u00e9tences \u00e9tape par \u00e9tape.<\/li>\n<li data-sourcepos=\"19:1-19:170\"><strong>Manuels intuitifs :<\/strong> Des instructions claires et illustr\u00e9es guident les enfants dans la construction et la programmation de leurs robots, encourageant l'autonomie et la d\u00e9couverte.<\/li>\n<li data-sourcepos=\"20:1-20:157\"><strong>Stimuler la cr\u00e9ativit\u00e9 :<\/strong> En plus des mod\u00e8les propos\u00e9s, les enfants sont encourag\u00e9s \u00e0 cr\u00e9er leurs propres robots, laissant ainsi libre cours \u00e0 leur imagination.<\/li>\n<li data-sourcepos=\"21:1-22:0\"><strong>Qualit\u00e9 et s\u00e9curit\u00e9 :<\/strong> Les mat\u00e9riaux utilis\u00e9s sont de haute qualit\u00e9 et les kits sont con\u00e7us pour garantir une s\u00e9curit\u00e9 maximale pendant l'utilisation.<\/li>\n<\/ul>\n<p data-sourcepos=\"23:1-23:31\"><strong>Que vont apprendre les enfants ?<\/strong><\/p>\n<ul data-sourcepos=\"25:1-29:0\">\n<li data-sourcepos=\"25:1-25:78\"><strong>Concepts de base de la robotique :<\/strong> M\u00e9canique, \u00e9lectronique, programmation.<\/li>\n<li data-sourcepos=\"26:1-26:107\"><strong>D\u00e9pannage :<\/strong> Relever et r\u00e9soudre les d\u00e9fis pendant la construction et la programmation.<\/li>\n<li data-sourcepos=\"27:1-27:95\"><strong>Travailler en \u00e9quipe :<\/strong> Collaborer avec d'autres enfants pour r\u00e9aliser des projets plus complexes.<\/li>\n<li data-sourcepos=\"28:1-29:0\"><strong>Penser de mani\u00e8re critique :<\/strong> Analyser les r\u00e9sultats des exp\u00e9riences et am\u00e9liorer ses propres cr\u00e9ations.<\/li>\n<\/ul>\n<\/div>\n<p><!-- .vgblk-rw-wrapper --><\/p>","protected":false},"excerpt":{"rendered":"<p>ROBOTIS Dream II : la s\u00e9rie id\u00e9ale pour stimuler la cr\u00e9ativit\u00e9 et la curiosit\u00e9 des enfants.<\/p>\n<p>Construisez, exp\u00e9rimentez et apprenez les bases de la robotique !<\/p>","protected":false},"featured_media":1013078,"template":"","meta":[],"pwb-brand":[],"product_brand":[],"product_cat":[651],"product_tag":[],"class_list":{"0":"post-1010856","1":"product","2":"type-product","3":"status-publish","4":"has-post-thumbnail","6":"product_cat-kit-robotici-educativi","8":"first","9":"instock","10":"shipping-taxable","11":"product-type-simple"},"brands":[],"_links":{"self":[{"href":"https:\/\/store.todsystem.com\/fr\/wp-json\/wp\/v2\/product\/1010856","targetHints":{"allow":["GET"]}}],"collection":[{"href":"https:\/\/store.todsystem.com\/fr\/wp-json\/wp\/v2\/product"}],"about":[{"href":"https:\/\/store.todsystem.com\/fr\/wp-json\/wp\/v2\/types\/product"}],"version-history":[{"count":5,"href":"https:\/\/store.todsystem.com\/fr\/wp-json\/wp\/v2\/product\/1010856\/revisions"}],"predecessor-version":[{"id":1013271,"href":"https:\/\/store.todsystem.com\/fr\/wp-json\/wp\/v2\/product\/1010856\/revisions\/1013271"}],"wp:featuredmedia":[{"embeddable":true,"href":"https:\/\/store.todsystem.com\/fr\/wp-json\/wp\/v2\/media\/1013078"}],"wp:attachment":[{"href":"https:\/\/store.todsystem.com\/fr\/wp-json\/wp\/v2\/media?parent=1010856"}],"wp:term":[{"taxonomy":"pwb-brand","embeddable":true,"href":"https:\/\/store.todsystem.com\/fr\/wp-json\/wp\/v2\/pwb-brand?post=1010856"},{"taxonomy":"product_brand","embeddable":true,"href":"https:\/\/store.todsystem.com\/fr\/wp-json\/wp\/v2\/product_brand?post=1010856"},{"taxonomy":"product_cat","embeddable":true,"href":"https:\/\/store.todsystem.com\/fr\/wp-json\/wp\/v2\/product_cat?post=1010856"},{"taxonomy":"product_tag","embeddable":true,"href":"https:\/\/store.todsystem.com\/fr\/wp-json\/wp\/v2\/product_tag?post=1010856"}],"curies":[{"name":"wp","href":"https:\/\/api.w.org\/{rel}","templated":true}]}}