{"id":1010853,"date":"2024-09-05T09:51:54","date_gmt":"2024-09-05T09:51:54","guid":{"rendered":"https:\/\/store.todsystem.com\/prodotto\/robotis-gp-intl\/"},"modified":"2025-06-11T08:38:50","modified_gmt":"2025-06-11T08:38:50","slug":"robotis-gp-intl","status":"publish","type":"product","link":"https:\/\/store.todsystem.com\/fr\/produit-2\/robotis-gp-intl\/","title":{"rendered":"ROBOTIS GP [INTL]."},"content":{"rendered":"<div class=\"vgblk-rw-wrapper limit-wrapper\">Il ROBOTIS GP (Grand-Prix) \u00e8 un robot umanoide di alta qualit\u00e0, progettato specificamente per affrontare diverse competizioni nel campo della robotica. Grazie all&#8217;uso dell&#8217;attuatore ad alte prestazioni AX-18A e a un telaio in alluminio ultra leggero ma altamente resistente, questo robot \u00e8 in grado di completare una variet\u00e0 di compiti assegnati durante le sfide.<\/p>\n<p>Scopri le emozioni dei diversi sport robotici con il ROBOTIS GP, caratterizzato da versatilit\u00e0 nelle prestazioni e mobilit\u00e0 eccezionale.<\/p><\/div>\n<p><!-- .vgblk-rw-wrapper --><\/p>","protected":false},"excerpt":{"rendered":"<p>Le ROBOTIS GP (Grand-Prix) est un robot humano\u00efde de haute qualit\u00e9, sp\u00e9cialement con\u00e7u pour exceller dans un large \u00e9ventail de comp\u00e9titions robotiques. Ce mod\u00e8le a \u00e9t\u00e9 optimis\u00e9 pour des performances \u00e9lev\u00e9es, ce qui le rend id\u00e9al pour les d\u00e9fis et les comp\u00e9titions de robotique.<\/p>","protected":false},"featured_media":1013132,"template":"","meta":[],"pwb-brand":[],"product_brand":[],"product_cat":[651],"product_tag":[],"class_list":{"0":"post-1010853","1":"product","2":"type-product","3":"status-publish","4":"has-post-thumbnail","6":"product_cat-kit-robotici-educativi","8":"first","9":"instock","10":"shipping-taxable","11":"product-type-simple"},"brands":[],"_links":{"self":[{"href":"https:\/\/store.todsystem.com\/fr\/wp-json\/wp\/v2\/product\/1010853","targetHints":{"allow":["GET"]}}],"collection":[{"href":"https:\/\/store.todsystem.com\/fr\/wp-json\/wp\/v2\/product"}],"about":[{"href":"https:\/\/store.todsystem.com\/fr\/wp-json\/wp\/v2\/types\/product"}],"version-history":[{"count":3,"href":"https:\/\/store.todsystem.com\/fr\/wp-json\/wp\/v2\/product\/1010853\/revisions"}],"predecessor-version":[{"id":1013295,"href":"https:\/\/store.todsystem.com\/fr\/wp-json\/wp\/v2\/product\/1010853\/revisions\/1013295"}],"wp:featuredmedia":[{"embeddable":true,"href":"https:\/\/store.todsystem.com\/fr\/wp-json\/wp\/v2\/media\/1013132"}],"wp:attachment":[{"href":"https:\/\/store.todsystem.com\/fr\/wp-json\/wp\/v2\/media?parent=1010853"}],"wp:term":[{"taxonomy":"pwb-brand","embeddable":true,"href":"https:\/\/store.todsystem.com\/fr\/wp-json\/wp\/v2\/pwb-brand?post=1010853"},{"taxonomy":"product_brand","embeddable":true,"href":"https:\/\/store.todsystem.com\/fr\/wp-json\/wp\/v2\/product_brand?post=1010853"},{"taxonomy":"product_cat","embeddable":true,"href":"https:\/\/store.todsystem.com\/fr\/wp-json\/wp\/v2\/product_cat?post=1010853"},{"taxonomy":"product_tag","embeddable":true,"href":"https:\/\/store.todsystem.com\/fr\/wp-json\/wp\/v2\/product_tag?post=1010853"}],"curies":[{"name":"wp","href":"https:\/\/api.w.org\/{rel}","templated":true}]}}