{"id":1010851,"date":"2024-09-05T09:51:54","date_gmt":"2024-09-05T09:51:54","guid":{"rendered":"https:\/\/store.todsystem.com\/prodotto\/robotis-play-700-ollobot\/"},"modified":"2025-06-11T08:38:50","modified_gmt":"2025-06-11T08:38:50","slug":"robotis-play-700-ollobot","status":"publish","type":"product","link":"https:\/\/store.todsystem.com\/fr\/produit-2\/robotis-play-700-ollobot\/","title":{"rendered":"ROBOTIS PLAY 700 OLLOBOT"},"content":{"rendered":"<div class=\"vgblk-rw-wrapper limit-wrapper\"><span>ROBOTIS PLAY 700 OLLOBOT est un kit robotique reconfigurable et programmable qui initie les enfants aux concepts STEAM. <\/span><\/p>\n<p><span>Bas\u00e9 sur le PLAY 600 PET, le PLAY 700 met l'accent sur le design cr\u00e9atif en utilisant le syst\u00e8me de rivets brevet\u00e9 de ROBOTIS et ajoute deux \u00e9l\u00e9ments : la programmation et la connectivit\u00e9 avec les appareils intelligents. <\/span><\/p>\n<p><span>Le contr\u00f4leur fourni avec le PLAY 700, le CM-50, est une bo\u00eete de vitesses motoris\u00e9e qui donne vie \u00e0 la cr\u00e9ation de votre enfant. <\/span><\/p>\n<p><span>Il comprend \u00e9galement des capteurs int\u00e9gr\u00e9s permettant aux enfants d'apprendre la programmation via SCRATCH ou ROBOTIS R+TASK.\u00a0<\/span><\/p>\n<p><span>Vous pouvez construire jusqu'\u00e0 6 figures de robots diff\u00e9rentes avec ROBOTIS PLAY 700. <\/span><\/p>\n<p><span>Le chiot, la voiture de course, le moulin \u00e0 vent, le scorpion, l'oiseau et l'ours peuvent \u00eatre construits \u00e0 l'aide du manuel d'assemblage inclus ou de l'application GRATUITE R+DESIGN qui fournit des instructions de construction en 3D. Ils peuvent \u00eatre contr\u00f4l\u00e9s via un appareil intelligent gr\u00e2ce \u00e0 notre application GRATUITE ROBOTIS R+PLAY700.<\/span><\/p>\n<ul>\n<li class=\"is-root\" dir=\"ltr\"><span>Kit de robot motoris\u00e9, reconfigurable et programmable !<\/span><\/li>\n<li class=\"is-root\" dir=\"ltr\"><span>Comprend un manuel d'instructions simple pour l'assemblage !<\/span><\/li>\n<li class=\"is-root\" dir=\"ltr\"><span>Comprend 1 contr\u00f4leur (CM-50) avec sortie bidirectionnelle + capteur IR et son.\u00a0<\/span><\/li>\n<li class=\"is-root\" dir=\"ltr\"><span>Application R+PLAY700 GRATUITE pour l'application du capteur via le suivi des lignes, la fonction d'\u00e9vitement des lignes + la fonction de commande \u00e0 distance via un appareil intelligent.\u00a0<\/span><\/li>\n<li class=\"is-root\" dir=\"ltr\"><span>*N\u00e9cessite 3 piles AA (non incluses)<\/span><\/li>\n<\/ul>\n<p><span>Le module Bluetooth inclus dans ce kit est le <\/span><a href=\"https:\/\/www.robotis.us\/bt-410\/\" target=\"_blank\" rel=\"noopener nofollow\"><span>BT-410<\/span><\/a><span>\u00a0.\u00a0\u00a0<\/span><\/p>\n<p><span>Ce module est compatible avec les appareils Android et Apple.\u00a0<\/span><span>Pour utiliser le BT-410 avec un PC, achetez le logiciel\u00a0\u00a0<\/span><a href=\"https:\/\/www.robotis.us\/bt-410-dongle\/\" target=\"_blank\" rel=\"noopener nofollow\"><span>Dongle BT-410<\/span><\/a><span>\u00a0.<\/span><\/p>\n<p><span>Si vous avez besoin de pi\u00e8ces de rechange, veuillez acheter la r\u00e9f\u00e9rence 903-0195-001 pour le c\u00e2ble BT-410 ( <\/span><a href=\"https:\/\/www.robotis.us\/robot-cable-4p-120mm-wireless-module-4-pcs\/\" rel=\"nofollow noopener\" target=\"_blank\"><span>4P 120MM (module sans fil) 4 pi\u00e8ces)<\/span><\/a><\/div>\n<p><!-- .vgblk-rw-wrapper --><\/p>","protected":false},"excerpt":{"rendered":"<p data-sourcepos=\"17:1-17:80\">ROBOTIS PLAY 700 : Construire, programmer, apprendre. La robotique \u00e9ducative pour tous.<\/p>\n<p data-sourcepos=\"19:1-19:84\">","protected":false},"featured_media":1013137,"template":"","meta":[],"pwb-brand":[],"product_brand":[],"product_cat":[651],"product_tag":[],"class_list":{"0":"post-1010851","1":"product","2":"type-product","3":"status-publish","4":"has-post-thumbnail","6":"product_cat-kit-robotici-educativi","8":"first","9":"instock","10":"shipping-taxable","11":"product-type-simple"},"brands":[],"_links":{"self":[{"href":"https:\/\/store.todsystem.com\/fr\/wp-json\/wp\/v2\/product\/1010851","targetHints":{"allow":["GET"]}}],"collection":[{"href":"https:\/\/store.todsystem.com\/fr\/wp-json\/wp\/v2\/product"}],"about":[{"href":"https:\/\/store.todsystem.com\/fr\/wp-json\/wp\/v2\/types\/product"}],"version-history":[{"count":3,"href":"https:\/\/store.todsystem.com\/fr\/wp-json\/wp\/v2\/product\/1010851\/revisions"}],"predecessor-version":[{"id":1013286,"href":"https:\/\/store.todsystem.com\/fr\/wp-json\/wp\/v2\/product\/1010851\/revisions\/1013286"}],"wp:featuredmedia":[{"embeddable":true,"href":"https:\/\/store.todsystem.com\/fr\/wp-json\/wp\/v2\/media\/1013137"}],"wp:attachment":[{"href":"https:\/\/store.todsystem.com\/fr\/wp-json\/wp\/v2\/media?parent=1010851"}],"wp:term":[{"taxonomy":"pwb-brand","embeddable":true,"href":"https:\/\/store.todsystem.com\/fr\/wp-json\/wp\/v2\/pwb-brand?post=1010851"},{"taxonomy":"product_brand","embeddable":true,"href":"https:\/\/store.todsystem.com\/fr\/wp-json\/wp\/v2\/product_brand?post=1010851"},{"taxonomy":"product_cat","embeddable":true,"href":"https:\/\/store.todsystem.com\/fr\/wp-json\/wp\/v2\/product_cat?post=1010851"},{"taxonomy":"product_tag","embeddable":true,"href":"https:\/\/store.todsystem.com\/fr\/wp-json\/wp\/v2\/product_tag?post=1010851"}],"curies":[{"name":"wp","href":"https:\/\/api.w.org\/{rel}","templated":true}]}}