{"id":1010850,"date":"2024-09-05T09:51:54","date_gmt":"2024-09-05T09:51:54","guid":{"rendered":"https:\/\/store.todsystem.com\/prodotto\/robotis-dream%e2%85%b1-level-4-kit-en\/"},"modified":"2025-06-11T08:38:50","modified_gmt":"2025-06-11T08:38:50","slug":"robotis-dream%e2%85%b1-level-4-kit-en","status":"publish","type":"product","link":"https:\/\/store.todsystem.com\/fr\/produit-2\/robotis-dream\u2171-level-4-kit-en\/","title":{"rendered":"Kit ROBOTIS DREAM\u2161 Niveau 4 [EN]."},"content":{"rendered":"<div class=\"vgblk-rw-wrapper limit-wrapper\">ROBOTIS DREAM II NIVEAU 4 approfondit les comp\u00e9tences dans le domaine de la robotique. Il propose une introduction aux principes des poulies, des diff\u00e9rents \u00e9quipements et de la programmation. Il fournit \u00e9galement des instructions d\u00e9taill\u00e9es sur l'utilisation de tous les p\u00e9riph\u00e9riques du robot.<\/p>\n<p>Ce kit ROBOTIS DREAM II NIVEAU 4 est structur\u00e9 en 12 chapitres, chacun d\u00e9di\u00e9 \u00e0 l'assemblage, \u00e0 l'application des principes appris et \u00e0 la r\u00e9solution de probl\u00e8mes pratiques.<\/p><\/div>\n<p><!-- .vgblk-rw-wrapper --><\/p>","protected":false},"excerpt":{"rendered":"<p>ROBOTIS DREAM II LEVEL 4 enrichit l'apprentissage de la robotique en apportant une compr\u00e9hension approfondie des principes des poulies et autres \u00e9quipements m\u00e9caniques, ainsi qu'une introduction \u00e0 la programmation. Ce kit stimule la cr\u00e9ativit\u00e9 et la capacit\u00e9 \u00e0 r\u00e9soudre des probl\u00e8mes, permettant aux utilisateurs d'explorer des concepts avanc\u00e9s d'une mani\u00e8re pratique et engageante.<\/p>","protected":false},"featured_media":1013142,"template":"","meta":[],"pwb-brand":[],"product_brand":[],"product_cat":[651],"product_tag":[],"class_list":{"0":"post-1010850","1":"product","2":"type-product","3":"status-publish","4":"has-post-thumbnail","6":"product_cat-kit-robotici-educativi","8":"first","9":"instock","10":"shipping-taxable","11":"product-type-simple"},"brands":[],"_links":{"self":[{"href":"https:\/\/store.todsystem.com\/fr\/wp-json\/wp\/v2\/product\/1010850","targetHints":{"allow":["GET"]}}],"collection":[{"href":"https:\/\/store.todsystem.com\/fr\/wp-json\/wp\/v2\/product"}],"about":[{"href":"https:\/\/store.todsystem.com\/fr\/wp-json\/wp\/v2\/types\/product"}],"version-history":[{"count":2,"href":"https:\/\/store.todsystem.com\/fr\/wp-json\/wp\/v2\/product\/1010850\/revisions"}],"predecessor-version":[{"id":1013296,"href":"https:\/\/store.todsystem.com\/fr\/wp-json\/wp\/v2\/product\/1010850\/revisions\/1013296"}],"wp:featuredmedia":[{"embeddable":true,"href":"https:\/\/store.todsystem.com\/fr\/wp-json\/wp\/v2\/media\/1013142"}],"wp:attachment":[{"href":"https:\/\/store.todsystem.com\/fr\/wp-json\/wp\/v2\/media?parent=1010850"}],"wp:term":[{"taxonomy":"pwb-brand","embeddable":true,"href":"https:\/\/store.todsystem.com\/fr\/wp-json\/wp\/v2\/pwb-brand?post=1010850"},{"taxonomy":"product_brand","embeddable":true,"href":"https:\/\/store.todsystem.com\/fr\/wp-json\/wp\/v2\/product_brand?post=1010850"},{"taxonomy":"product_cat","embeddable":true,"href":"https:\/\/store.todsystem.com\/fr\/wp-json\/wp\/v2\/product_cat?post=1010850"},{"taxonomy":"product_tag","embeddable":true,"href":"https:\/\/store.todsystem.com\/fr\/wp-json\/wp\/v2\/product_tag?post=1010850"}],"curies":[{"name":"wp","href":"https:\/\/api.w.org\/{rel}","templated":true}]}}