{"id":1010848,"date":"2024-09-05T09:51:54","date_gmt":"2024-09-05T09:51:54","guid":{"rendered":"https:\/\/store.todsystem.com\/prodotto\/robotis-play-300-dinos-int\/"},"modified":"2025-06-11T08:38:50","modified_gmt":"2025-06-11T08:38:50","slug":"robotis-play-300-dinos-int","status":"publish","type":"product","link":"https:\/\/store.todsystem.com\/fr\/produit-2\/robotis-play-300-dinos-int\/","title":{"rendered":"Les ROBOTIS jouent avec 300 DINOs [INT]."},"content":{"rendered":"<div class=\"vgblk-rw-wrapper limit-wrapper\">&nbsp;<\/p>\n<p>Set educativo ideale per ragazzi a partire dagli 8 anni, che consente di assemblare fino a 7 diverse tipologie di robot, tutti dotati di motori che consentono il movimento. Questo kit stimola in modo ludico la creativit\u00e0 e la percezione spaziale, offrendo un&#8217;esperienza educativa divertente e coinvolgente.<\/p>\n<p>Prezzo: 160,80 \u20ac (IVA inclusa)<br \/>\nPrezzo di listino: 165,90 \u20ac<br \/>\nRisparmio: 5,10 \u20ac (3%)<br \/>\nDisponibilit\u00e0: In stock<\/p>\n<p>Il Kit Robotis PLAY 300 DINOs offre la possibilit\u00e0 di costruire fino a 7 diversi tipi di robot, tutti progettati per muoversi grazie al motoriduttore GM, dotato di un&#8217;uscita a due vie. Questo kit permette ai bambini di immergersi nel mondo della robotica, fornendo loro le basi fondamentali per apprendere questa affascinante disciplina. Ogni robot \u00e8 unico e presenta funzioni specifiche che stimoleranno la curiosit\u00e0 e la creativit\u00e0 dei pi\u00f9 piccoli. Si ricorda che il kit richiede due batterie AA per l&#8217;alimentazione, le quali non sono incluse nella confezione.<\/p>\n<p>L&#8217;assemblaggio dei robot \u00e8 un processo semplice e intuitivo, facilitato dal manuale di istruzioni fornito e dall&#8217;app R+ Design, disponibile per i sistemi operativi Windows, Android e iOS. La particolare tecnologia di assemblaggio a rivetti utilizzata nel kit garantisce giunture sicure e permette un movimento fluido delle creazioni. Questo significa che i bambini possono divertirsi a costruire i loro robot in totale sicurezza, senza bisogno di saldature o strumenti potenzialmente pericolosi, poich\u00e9 tutte le parti elettriche sono protette.<\/p>\n<p><strong>Contenu du paquet<\/strong>\u00a0Il kit comprende tutto il necessario per assemblare fino a 7 robot, come riportato nelle illustrazioni incluse. All\u2019interno troverete anche il manuale di istruzioni, che offre indicazioni dettagliate per la costruzione dei robot Brachio, Triceratops e Tyranno.<\/p>\n<p><strong>Specifiche:<\/strong><\/p>\n<ul>\n<li>Microcontrollore: GM<\/li>\n<li>Alimentazione: 2 batterie AA (NON incluse)<\/li>\n<li>Et\u00e0 consigliata: da 8 anni in su<\/li>\n<\/ul>\n<p>Esplora il mondo della robotica con il Kit Robotis PLAY 300 DINOs, un&#8217;opportunit\u00e0 educativa e divertente per i bambini!<\/p>\n<p>&nbsp;<\/p>\n<p>&nbsp;<\/p>\n<p>&nbsp;<\/p>\n<p>&nbsp;<\/p><\/div>\n<p><!-- .vgblk-rw-wrapper --><\/p>","protected":false},"excerpt":{"rendered":"<p>Robotis PLAY 300 DINOs \u00e8 un kit educativo progettato per bambini a partire dagli 8 anni, che consente di assemblare fino a 7 diverse tipologie di robot. Questo kit stimola in modo divertente la creativit\u00e0 e la capacit\u00e0 di orientamento spaziale, sfruttando appieno questo periodo cruciale per l&#8217;apprendimento infantile.<\/p>","protected":false},"featured_media":1013183,"template":"","meta":[],"pwb-brand":[],"product_brand":[],"product_cat":[651],"product_tag":[],"class_list":{"0":"post-1010848","1":"product","2":"type-product","3":"status-publish","4":"has-post-thumbnail","6":"product_cat-kit-robotici-educativi","8":"first","9":"instock","10":"shipping-taxable","11":"product-type-simple"},"brands":[],"_links":{"self":[{"href":"https:\/\/store.todsystem.com\/fr\/wp-json\/wp\/v2\/product\/1010848","targetHints":{"allow":["GET"]}}],"collection":[{"href":"https:\/\/store.todsystem.com\/fr\/wp-json\/wp\/v2\/product"}],"about":[{"href":"https:\/\/store.todsystem.com\/fr\/wp-json\/wp\/v2\/types\/product"}],"version-history":[{"count":3,"href":"https:\/\/store.todsystem.com\/fr\/wp-json\/wp\/v2\/product\/1010848\/revisions"}],"predecessor-version":[{"id":1013299,"href":"https:\/\/store.todsystem.com\/fr\/wp-json\/wp\/v2\/product\/1010848\/revisions\/1013299"}],"wp:featuredmedia":[{"embeddable":true,"href":"https:\/\/store.todsystem.com\/fr\/wp-json\/wp\/v2\/media\/1013183"}],"wp:attachment":[{"href":"https:\/\/store.todsystem.com\/fr\/wp-json\/wp\/v2\/media?parent=1010848"}],"wp:term":[{"taxonomy":"pwb-brand","embeddable":true,"href":"https:\/\/store.todsystem.com\/fr\/wp-json\/wp\/v2\/pwb-brand?post=1010848"},{"taxonomy":"product_brand","embeddable":true,"href":"https:\/\/store.todsystem.com\/fr\/wp-json\/wp\/v2\/product_brand?post=1010848"},{"taxonomy":"product_cat","embeddable":true,"href":"https:\/\/store.todsystem.com\/fr\/wp-json\/wp\/v2\/product_cat?post=1010848"},{"taxonomy":"product_tag","embeddable":true,"href":"https:\/\/store.todsystem.com\/fr\/wp-json\/wp\/v2\/product_tag?post=1010848"}],"curies":[{"name":"wp","href":"https:\/\/api.w.org\/{rel}","templated":true}]}}