{"id":1010844,"date":"2024-09-05T09:51:54","date_gmt":"2024-09-05T09:51:54","guid":{"rendered":"https:\/\/store.todsystem.com\/prodotto\/robotis-dream-ii-school-set\/"},"modified":"2025-06-11T08:38:51","modified_gmt":"2025-06-11T08:38:51","slug":"robotis-dream-ii-school-set","status":"publish","type":"product","link":"https:\/\/store.todsystem.com\/fr\/produit-2\/robotis-dream-ii-school-set\/","title":{"rendered":"Ensemble scolaire ROBOTIS DREAM II"},"content":{"rendered":"<div class=\"vgblk-rw-wrapper limit-wrapper\">.<\/p>\n<p>Il Set Scolastico ROBOTIS DREAM II comprende il DREAM II Jump Kit e i kit di parti di Livello 2 e Livello 3, insieme a un manuale di assemblaggio in formato PDF che guida attraverso oltre 20 configurazioni diverse di robot. Le istruzioni per l&#8217;assemblaggio, disponibili tramite l&#8217;app gratuita R+Design scaricabile sia su iOS che sul Google Play Store, possono essere facilmente visualizzate su dispositivi Windows, Mac OS, Android e iOS.<\/p>\n<p>\u00c8 possibile acquistare separatamente il quaderno di lavoro del DREAM II School Set, che include attivit\u00e0 esemplificative per i Livelli 2 e 3. Il curriculum si compone di 24 piani di lezione progettati in conformit\u00e0 con gli standard nazionali e statali (NGSS). Grazie al curriculum del DREAM II School Set, gli studenti acquisiranno una comprensione dei fondamenti della robotica, esplorando i principi scientifici del movimento dei robot e le nozioni tecniche e meccaniche legate all\u2019ingegneria robotica. I piani di lezione si concentrano sull&#8217;uso di sensori a infrarossi, microfoni e batterie per vari progetti, trattando concetti scientifici come velocit\u00e0, forza elastica, inerzia e accelerazione, oltre a principi di ingegneria meccanica quali i sistemi di trazione integrale e il funzionamento dei motori.<\/p>\n<p>Livello scolastico consigliato: dalla 2\u00aa alla 12\u00aa classe.<\/p>\n<p>Ore di lezione previste: oltre 20 ore.<\/p>\n<p>Numero di lezioni: 12.<\/p>\n<p>Rapporto studenti\/set: raccomandato 1:1 (massimo 2:1).<\/p>\n<p>Nota: il curriculum deve essere acquistato separatamente.<\/p>\n<p>Supporto e guida utile: Manuale elettronico ROBOTIS.<\/p>\n<p>Software incluso: R+Design, R+Task (compatibile con iOS, Android, macOS e Windows).<\/p>\n<p>Et\u00e0 suggerita: 8 anni e oltre.<\/p><\/div>\n<p><!-- .vgblk-rw-wrapper --><\/p>","protected":false},"excerpt":{"rendered":"<p>La serie DREAM II rappresenta l&#8217;evoluzione della serie DREAM originale.<\/p>\n<p>Il set scolastico DREAM II non comprende i quaderni di lavoro. I quaderni di lavoro per i livelli 2 e 3 di DREAM II devono essere acquistati separatamente.<\/p>\n<p>Questo set \u00e8 stato progettato per consentire l&#8217;accesso diretto ai livelli 2 e 3 di DREAM II, eludendo il livello 1. Il &#8220;Jump Set&#8221; include solo gli elementi necessari per i livelli avanzati. Se desideri completare il livello 1, dovrai acquistarlo separatamente.<\/p>","protected":false},"featured_media":1013219,"template":"","meta":[],"pwb-brand":[],"product_brand":[],"product_cat":[651],"product_tag":[],"class_list":{"0":"post-1010844","1":"product","2":"type-product","3":"status-publish","4":"has-post-thumbnail","6":"product_cat-kit-robotici-educativi","8":"first","9":"instock","10":"shipping-taxable","11":"product-type-simple"},"brands":[],"_links":{"self":[{"href":"https:\/\/store.todsystem.com\/fr\/wp-json\/wp\/v2\/product\/1010844","targetHints":{"allow":["GET"]}}],"collection":[{"href":"https:\/\/store.todsystem.com\/fr\/wp-json\/wp\/v2\/product"}],"about":[{"href":"https:\/\/store.todsystem.com\/fr\/wp-json\/wp\/v2\/types\/product"}],"version-history":[{"count":3,"href":"https:\/\/store.todsystem.com\/fr\/wp-json\/wp\/v2\/product\/1010844\/revisions"}],"predecessor-version":[{"id":1013306,"href":"https:\/\/store.todsystem.com\/fr\/wp-json\/wp\/v2\/product\/1010844\/revisions\/1013306"}],"wp:featuredmedia":[{"embeddable":true,"href":"https:\/\/store.todsystem.com\/fr\/wp-json\/wp\/v2\/media\/1013219"}],"wp:attachment":[{"href":"https:\/\/store.todsystem.com\/fr\/wp-json\/wp\/v2\/media?parent=1010844"}],"wp:term":[{"taxonomy":"pwb-brand","embeddable":true,"href":"https:\/\/store.todsystem.com\/fr\/wp-json\/wp\/v2\/pwb-brand?post=1010844"},{"taxonomy":"product_brand","embeddable":true,"href":"https:\/\/store.todsystem.com\/fr\/wp-json\/wp\/v2\/product_brand?post=1010844"},{"taxonomy":"product_cat","embeddable":true,"href":"https:\/\/store.todsystem.com\/fr\/wp-json\/wp\/v2\/product_cat?post=1010844"},{"taxonomy":"product_tag","embeddable":true,"href":"https:\/\/store.todsystem.com\/fr\/wp-json\/wp\/v2\/product_tag?post=1010844"}],"curies":[{"name":"wp","href":"https:\/\/api.w.org\/{rel}","templated":true}]}}