{"id":1010843,"date":"2024-09-05T09:51:54","date_gmt":"2024-09-05T09:51:54","guid":{"rendered":"https:\/\/store.todsystem.com\/prodotto\/robotis-dream%e2%85%b1-level-5-kit-en\/"},"modified":"2025-06-11T08:38:51","modified_gmt":"2025-06-11T08:38:51","slug":"robotis-dream%e2%85%b1-level-5-kit-en","status":"publish","type":"product","link":"https:\/\/store.todsystem.com\/fr\/produit-2\/robotis-dream\u2171-level-5-kit-en\/","title":{"rendered":"Kit ROBOTIS DREAM\u2161 Niveau 5 [EN]."},"content":{"rendered":"<div class=\"vgblk-rw-wrapper limit-wrapper\">L'introduction d'\u00e9quipements m\u00e9caniques tels que les DEL et les roues de piste permet d'apprendre des principes scientifiques importants tels que les transitions \u00e9nerg\u00e9tiques. Ce produit fournit de nombreux exemples pratiques pour vous pr\u00e9parer efficacement aux comp\u00e9titions de robotique.<\/p>\n<p>ROBOTIS DREAM II Niveau 5 comprend 12 chapitres sur l'assemblage, l'application des principes et le d\u00e9pannage. Il comprend \u00e9galement 12 mod\u00e8les de robots permettant d'exp\u00e9rimenter diff\u00e9rentes configurations.<\/p>\n<p>En outre, le kit est \u00e9quip\u00e9 d'un module Bluetooth et d'une t\u00e9l\u00e9commande pour un contr\u00f4le sans fil, permettant une interaction pratique et innovante avec vos robots.<\/p><\/div>\n<p><!-- .vgblk-rw-wrapper --><\/p>","protected":false},"excerpt":{"rendered":"<p>ROBOTIS DREAM II NIVEAU 5 pr\u00e9sente une approche plus sophistiqu\u00e9e de l'\u00e9tude de la robotique. Ce cours avanc\u00e9 offre aux utilisateurs la possibilit\u00e9 d'approfondir leurs connaissances et leurs comp\u00e9tences, en explorant les concepts et les technologies de la robotique d'une mani\u00e8re d\u00e9taill\u00e9e et innovante.<\/p>","protected":false},"featured_media":1013223,"template":"","meta":[],"pwb-brand":[],"product_brand":[],"product_cat":[651],"product_tag":[],"class_list":{"0":"post-1010843","1":"product","2":"type-product","3":"status-publish","4":"has-post-thumbnail","6":"product_cat-kit-robotici-educativi","8":"first","9":"instock","10":"shipping-taxable","11":"product-type-simple"},"brands":[],"_links":{"self":[{"href":"https:\/\/store.todsystem.com\/fr\/wp-json\/wp\/v2\/product\/1010843","targetHints":{"allow":["GET"]}}],"collection":[{"href":"https:\/\/store.todsystem.com\/fr\/wp-json\/wp\/v2\/product"}],"about":[{"href":"https:\/\/store.todsystem.com\/fr\/wp-json\/wp\/v2\/types\/product"}],"version-history":[{"count":3,"href":"https:\/\/store.todsystem.com\/fr\/wp-json\/wp\/v2\/product\/1010843\/revisions"}],"predecessor-version":[{"id":1013311,"href":"https:\/\/store.todsystem.com\/fr\/wp-json\/wp\/v2\/product\/1010843\/revisions\/1013311"}],"wp:featuredmedia":[{"embeddable":true,"href":"https:\/\/store.todsystem.com\/fr\/wp-json\/wp\/v2\/media\/1013223"}],"wp:attachment":[{"href":"https:\/\/store.todsystem.com\/fr\/wp-json\/wp\/v2\/media?parent=1010843"}],"wp:term":[{"taxonomy":"pwb-brand","embeddable":true,"href":"https:\/\/store.todsystem.com\/fr\/wp-json\/wp\/v2\/pwb-brand?post=1010843"},{"taxonomy":"product_brand","embeddable":true,"href":"https:\/\/store.todsystem.com\/fr\/wp-json\/wp\/v2\/product_brand?post=1010843"},{"taxonomy":"product_cat","embeddable":true,"href":"https:\/\/store.todsystem.com\/fr\/wp-json\/wp\/v2\/product_cat?post=1010843"},{"taxonomy":"product_tag","embeddable":true,"href":"https:\/\/store.todsystem.com\/fr\/wp-json\/wp\/v2\/product_tag?post=1010843"}],"curies":[{"name":"wp","href":"https:\/\/api.w.org\/{rel}","templated":true}]}}