{"id":1010839,"date":"2024-09-05T09:51:53","date_gmt":"2024-09-05T09:51:53","guid":{"rendered":"https:\/\/store.todsystem.com\/prodotto\/xl330-m288-t\/"},"modified":"2025-06-11T12:04:03","modified_gmt":"2025-06-11T12:04:03","slug":"servomotore-dynamixel-xl330-m288-t","status":"publish","type":"product","link":"https:\/\/store.todsystem.com\/fr\/produit-2\/servomotore-dynamixel-xl330-m288-t\/","title":{"rendered":"Servomoteur Dynamixel XL330-M288-T"},"content":{"rendered":"<div class=\"vgblk-rw-wrapper limit-wrapper\">\n<h2>Servomotore XL330-M288-T: ideale per progetti compatti<\/h2>\n<p>Con i suoi 3,4 cm di altezza e il peso ridotto, il\u00a0<b>servomotore Dynamixel XL330-M288-T\u00a0<\/b>apre la strada a una\u00a0<b>serie di <\/b><\/p>\n<p><b>servomotori economici e compatti\u00a0<\/b>, adatti a piccole applicazioni.<\/p>\n<p>Forse non hai una coppia sufficiente per lanciare la tua creazione in un percorso a ostacoli o in un fuoristrada, ma \u00e8 uno dei pi\u00f9 veloci dell&#8217;intera gamma di produzione\u00a0<a class=\"catalogue\" title=\"Robotis\" href=\"https:\/\/www.generationrobots.com\/it\/81_robotis\" rel=\"nofollow noopener\" target=\"_blank\">Robotis\u00a0<\/a>, con una velocit\u00e0 a vuoto di oltre 100 giri\/min.<\/p>\n<h2>Una modalit\u00e0 di funzionamento degna dei pi\u00f9 grandi<\/h2>\n<p>Il servo XL330 non sar\u00e0 il pi\u00f9 potente della sua generazione, ma si fa perdonare in termini di funzionalit\u00e0.<\/p>\n<p>In particolare, offre una variet\u00e0 di modalit\u00e0 di controllo, tra cui il controllo della corrente, il controllo della posizione in base alla corrente e il controllo PWM.<\/p>\n<p>Inoltre, si adatta al protocollo RC senza alcuna modifica, semplificando l&#8217;equipaggiamento dei piccoli veicoli telecomandati.<\/p>\n<h2>Specifiche tecniche del servo Dynamixel XL330-M288-T<\/h2>\n<p><b>Il comprend<\/b><\/p>\n<ul>\n<li>1 servomotore XL330-M288-T<\/li>\n<li>1 c\u00e2ble robotique X3P 180 mm<\/li>\n<li>6 bulloni TAP M2x6<\/li>\n<li>10 bulloni TAP M2x8<\/li>\n<\/ul>\n<p><b>Caract\u00e9ristiques techniques :<\/b><\/p>\n<ul>\n<li>Tensione di funzionamento [V] : 3,7 &#8211; 6 V (raccomandata 5V)<\/li>\n<li>Coppia di stallo [N-m] : 0,52<\/li>\n<li>Corrente di stallo [A] : 1.5<\/li>\n<li>Velocit\u00e0 a vuoto [giri\/min]: 104 giri\/min<\/li>\n<li>Protocollo di comunicazione: TTL<\/li>\n<li>Configurazione predefinita: ID1, 57 600 Bps<\/li>\n<li>Prodotti compatibili: Shiel Arduino MKR,\u00a0<a class=\"catalogue\" title=\"Connecteur U2D2 Dynamixel\/PC\" href=\"https:\/\/www.generationrobots.com\/it\/402820-connettore-u2d2-dynamixelpc.html\" rel=\"nofollow noopener\" target=\"_blank\">USB2Dynamixel\u00a0<\/a>,\u00a0<a class=\"catalogue\" title=\"Connecteur U2D2 Dynamixel\/PC\" href=\"https:\/\/www.generationrobots.com\/it\/402820-connettore-u2d2-dynamixelpc.html\" rel=\"nofollow noopener\" target=\"_blank\">U2D2<\/a><\/li>\n<li>Tension d'alimentation : 3,7~6 V (5 V recommand\u00e9)<\/li>\n<li>Modalit\u00e0 operative: controllo della velocit\u00e0, controllo della posizione, controllo della posizione estesa, controllo PWM, controllo della corrente, controllo della posizione basato sulla corrente.<\/li>\n<li>Dimensioni: 20 x 34 x 25 mm<\/li>\n<li>Poids : 18 g<\/li>\n<\/ul>\n<\/div>\n<p><!-- .vgblk-rw-wrapper --><\/p>","protected":false},"excerpt":{"rendered":"<p>Un servomotore compatto e potente, perfetto per i progetti robotici di livello intermedio.<\/p>\n<p>Coniuga la semplicit\u00e0 d&#8217;uso tipica dei modelli entry-level con funzionalit\u00e0 avanzate, ereditate dai prodotti di punta Robotis.<\/p>\n<p>Ideale per chi desidera realizzare robot dinamici e personalizzati senza rinunciare a prestazioni elevate.<\/p>","protected":false},"featured_media":1012951,"template":"","meta":[],"pwb-brand":[],"product_brand":[],"product_cat":[622],"product_tag":[],"class_list":{"0":"post-1010839","1":"product","2":"type-product","3":"status-publish","4":"has-post-thumbnail","6":"product_cat-servomotori","8":"first","9":"instock","10":"shipping-taxable","11":"product-type-simple"},"brands":[],"_links":{"self":[{"href":"https:\/\/store.todsystem.com\/fr\/wp-json\/wp\/v2\/product\/1010839","targetHints":{"allow":["GET"]}}],"collection":[{"href":"https:\/\/store.todsystem.com\/fr\/wp-json\/wp\/v2\/product"}],"about":[{"href":"https:\/\/store.todsystem.com\/fr\/wp-json\/wp\/v2\/types\/product"}],"version-history":[{"count":4,"href":"https:\/\/store.todsystem.com\/fr\/wp-json\/wp\/v2\/product\/1010839\/revisions"}],"predecessor-version":[{"id":1013056,"href":"https:\/\/store.todsystem.com\/fr\/wp-json\/wp\/v2\/product\/1010839\/revisions\/1013056"}],"wp:featuredmedia":[{"embeddable":true,"href":"https:\/\/store.todsystem.com\/fr\/wp-json\/wp\/v2\/media\/1012951"}],"wp:attachment":[{"href":"https:\/\/store.todsystem.com\/fr\/wp-json\/wp\/v2\/media?parent=1010839"}],"wp:term":[{"taxonomy":"pwb-brand","embeddable":true,"href":"https:\/\/store.todsystem.com\/fr\/wp-json\/wp\/v2\/pwb-brand?post=1010839"},{"taxonomy":"product_brand","embeddable":true,"href":"https:\/\/store.todsystem.com\/fr\/wp-json\/wp\/v2\/product_brand?post=1010839"},{"taxonomy":"product_cat","embeddable":true,"href":"https:\/\/store.todsystem.com\/fr\/wp-json\/wp\/v2\/product_cat?post=1010839"},{"taxonomy":"product_tag","embeddable":true,"href":"https:\/\/store.todsystem.com\/fr\/wp-json\/wp\/v2\/product_tag?post=1010839"}],"curies":[{"name":"wp","href":"https:\/\/api.w.org\/{rel}","templated":true}]}}