{"id":1010834,"date":"2024-09-05T09:51:52","date_gmt":"2024-09-05T09:51:52","guid":{"rendered":"https:\/\/store.todsystem.com\/prodotto\/cm-550\/"},"modified":"2025-06-11T12:04:05","modified_gmt":"2025-06-11T12:04:05","slug":"controller-cm-550-per-servomotori-dynamixel","status":"publish","type":"product","link":"https:\/\/store.todsystem.com\/fr\/produit-2\/controller-cm-550-per-servomotori-dynamixel\/","title":{"rendered":"Contr\u00f4leur CM-550 pour servomoteurs Dynamixel"},"content":{"rendered":"<div class=\"vgblk-rw-wrapper limit-wrapper\">\n<h2>Contr\u00f4leur CM-550 : communiquez avec vos servomoteurs Dynamixel<\/h2>\n<p>Programmable sur RoboPlus,\u00a0<b>le contr\u00f4leur CM-550 permet de communiquer avec tous les servos Dynamixel connect\u00e9s en TTL\u00a0<\/b>(serviteurs de la\u00a0<a class=\"catalogue\" title=\"S\u00e9rie Dynamixel X\" href=\"https:\/\/www.generationrobots.com\/it\/355-dynamixel-serie-x\" rel=\"nofollow noopener\" target=\"_blank\">S\u00e9rie X\u00a0<\/a>), gr\u00e2ce \u00e0 6 ports compatibles Dynamixel. Un module Bluetooth Low Energy permet \u00e9galement la communication sans fil.<\/p>\n<p>Le CM-550 offre une gamme compl\u00e8te de capteurs : son, temp\u00e9rature, tension.<\/p>\n<p>Il int\u00e8gre \u00e9galement un IMU avec acc\u00e9l\u00e9rom\u00e8tre et gyroscope pour un contr\u00f4le pr\u00e9cis de votre projet de robotique.<\/p>\n<h2>CM-550 : de nouvelles perspectives pour votre robot<\/h2>\n<p>Le contr\u00f4leur CM-550 comprend \u00e9galement 5 ports d'E\/S externes, chacun dot\u00e9 de 5 broches.<\/p>\n<p>Les p\u00e9riph\u00e9riques tels que les capteurs de temp\u00e9rature, d'humidit\u00e9, de luminosit\u00e9 et les capteurs infrarouges sont compatibles.<\/p>\n<p>Vous pouvez \u00e9galement pr\u00e9voir de connecter des modules LED pour parfaire votre invention.<\/p>\n<p><b>Veuillez noter que ce mod\u00e8le de contr\u00f4leur n'est pas compatible avec les servomoteurs dot\u00e9s d'une connexion RS-485.<\/b><\/p>\n<h2>Caract\u00e9ristiques techniques du contr\u00f4leur CM-550 pour servomoteurs Dynamixel<\/h2>\n<ul>\n<li>Microcontr\u00f4leur ArM Cortex-M4<\/li>\n<li>Tension de fonctionnement : 6,5-15 V (11,1 V recommand\u00e9)<\/li>\n<li>Consommation d'\u00e9nergie :\n<ul>\n<li>En veille : 50 mA<\/li>\n<li>Port 1-2 IO max. 0,5 A<\/li>\n<li>Port 3-5 IO max. 0,02 A<\/li>\n<li>Puissance totale maximale : 10 A (fusible)<\/li>\n<\/ul>\n<\/li>\n<li>Temp\u00e9rature de fonctionnement : -5 \u00e0 70\u00b0C<\/li>\n<li>Module de communication : module esclave BLE<\/li>\n<li>E\/S internes :\n<ul>\n<li>2 boutons (MODE, START)<\/li>\n<li>1 capteur de son<\/li>\n<li>1 buzzer<\/li>\n<li>1 capteur de tension<\/li>\n<li>1 acc\u00e9l\u00e9rom\u00e8tre\/gyroscope<\/li>\n<li>1 capteur de temp\u00e9rature<\/li>\n<li>3 LED RGB AUX<\/li>\n<\/ul>\n<\/li>\n<li>E\/S externes :\n<ul>\n<li>5 ports IO (5 broches)<\/li>\n<li>6 ports Dynamixel X-series (3 pin)<\/li>\n<\/ul>\n<\/li>\n<li>Poids : 58,8 g<\/li>\n<li>Produits compatibles :\n<ul>\n<li>Servomoteurs Dynamixel s\u00e9rie X<\/li>\n<li>Capteurs IR, DMS, tactiles, magn\u00e9tiques, de couleur, de luminosit\u00e9, de temp\u00e9rature et d'humidit\u00e9<\/li>\n<li>Modules LED<\/li>\n<\/ul>\n<\/li>\n<\/ul>\n<\/div>\n<p><!-- .vgblk-rw-wrapper --><\/p>","protected":false},"excerpt":{"rendered":"<p>Notre contr\u00f4leur Dynamixel est un concentr\u00e9 de technologie, con\u00e7u pour offrir un contr\u00f4le pr\u00e9cis et polyvalent de vos robots.<\/p>\n<p>\u00c9quip\u00e9 d'une large gamme de capteurs int\u00e9gr\u00e9s et de nombreux ports d'extension, il vous permet de personnaliser chaque aspect du mouvement de votre robot, de la navigation autonome \u00e0 la manipulation d'objets.<\/p>","protected":false},"featured_media":1012935,"template":"","meta":[],"pwb-brand":[],"product_brand":[],"product_cat":[622],"product_tag":[],"class_list":{"0":"post-1010834","1":"product","2":"type-product","3":"status-publish","4":"has-post-thumbnail","6":"product_cat-servomotori","8":"first","9":"instock","10":"shipping-taxable","11":"product-type-simple"},"brands":[],"_links":{"self":[{"href":"https:\/\/store.todsystem.com\/fr\/wp-json\/wp\/v2\/product\/1010834","targetHints":{"allow":["GET"]}}],"collection":[{"href":"https:\/\/store.todsystem.com\/fr\/wp-json\/wp\/v2\/product"}],"about":[{"href":"https:\/\/store.todsystem.com\/fr\/wp-json\/wp\/v2\/types\/product"}],"version-history":[{"count":4,"href":"https:\/\/store.todsystem.com\/fr\/wp-json\/wp\/v2\/product\/1010834\/revisions"}],"predecessor-version":[{"id":1013047,"href":"https:\/\/store.todsystem.com\/fr\/wp-json\/wp\/v2\/product\/1010834\/revisions\/1013047"}],"wp:featuredmedia":[{"embeddable":true,"href":"https:\/\/store.todsystem.com\/fr\/wp-json\/wp\/v2\/media\/1012935"}],"wp:attachment":[{"href":"https:\/\/store.todsystem.com\/fr\/wp-json\/wp\/v2\/media?parent=1010834"}],"wp:term":[{"taxonomy":"pwb-brand","embeddable":true,"href":"https:\/\/store.todsystem.com\/fr\/wp-json\/wp\/v2\/pwb-brand?post=1010834"},{"taxonomy":"product_brand","embeddable":true,"href":"https:\/\/store.todsystem.com\/fr\/wp-json\/wp\/v2\/product_brand?post=1010834"},{"taxonomy":"product_cat","embeddable":true,"href":"https:\/\/store.todsystem.com\/fr\/wp-json\/wp\/v2\/product_cat?post=1010834"},{"taxonomy":"product_tag","embeddable":true,"href":"https:\/\/store.todsystem.com\/fr\/wp-json\/wp\/v2\/product_tag?post=1010834"}],"curies":[{"name":"wp","href":"https:\/\/api.w.org\/{rel}","templated":true}]}}