{"id":1010833,"date":"2024-09-05T09:51:52","date_gmt":"2024-09-05T09:51:52","guid":{"rendered":"https:\/\/store.todsystem.com\/prodotto\/2xc430-w250-t\/"},"modified":"2025-06-11T12:04:04","modified_gmt":"2025-06-11T12:04:04","slug":"servomotore-dynamixel-a-doppio-asse-2xc430-w250-t","status":"publish","type":"product","link":"https:\/\/store.todsystem.com\/fr\/produit-2\/servomotore-dynamixel-a-doppio-asse-2xc430-w250-t\/","title":{"rendered":"Servomoteur Dynamixel \u00e0 deux axes 2XC430-W250-T"},"content":{"rendered":"<div class=\"vgblk-rw-wrapper limit-wrapper\">La s\u00e9rie Dynamixel X est actuellement la ligne de servomoteurs r\u00e9seau la plus avanc\u00e9e propos\u00e9e par ROBOTIS. Le mod\u00e8le 2XC430-W250-T est \u00e9quip\u00e9 d'un encodeur magn\u00e9tique sans contact qui permet une rotation compl\u00e8te de 360\u00b0 \u00e0 une vitesse maximale de 64 tours par minute. Ce servomoteur offre un couple de 1,8 Nm avec une alimentation de 12 V. Ses caract\u00e9ristiques techniques de haut niveau, associ\u00e9es \u00e0 un poids r\u00e9duit de seulement 102 g, en font une solution puissante et polyvalente adapt\u00e9e \u00e0 une grande vari\u00e9t\u00e9 d'applications.<\/p>\n<p><strong>Gestion des c\u00e2bles<\/strong><\/p>\n<p>Le syst\u00e8me d'acheminement des c\u00e2bles de la s\u00e9rie Dynamixel X a \u00e9t\u00e9 enti\u00e8rement repens\u00e9 pour une fiabilit\u00e9 maximale. Contrairement aux s\u00e9ries AX\/MX pr\u00e9c\u00e9dentes, les c\u00e2bles ne sont plus connect\u00e9s \u00e0 l'arri\u00e8re du servomoteur, mais passent par les points de pivotement. Cette conception r\u00e9duit la tension sur les c\u00e2bles et limite l'exposition des connexions.<\/p>\n<p><strong>Fixation<\/strong><\/p>\n<p>Le vissage du servomoteur Dynamixel X peut \u00eatre effectu\u00e9 de diff\u00e9rentes mani\u00e8res. Cependant, pour un montage correct sur les profils de support, il est indispensable d'utiliser les anneaux d'\u00e9cartement fournis dans le kit.<\/p>\n<p><strong>Sp\u00e9cifications techniques<\/strong><\/p>\n<ul>\n<li><strong>Mod\u00e8le de servomoteur<\/strong>2XC430-W250-T<\/li>\n<li><strong>Poids<\/strong>: 102 g<\/li>\n<li><strong>Dimensions<\/strong>36 x 46,5 x 36 mm<\/li>\n<li><strong>Taux de r\u00e9duction<\/strong>: 257,4:1<\/li>\n<li><strong>Couple de d\u00e9crochage<\/strong>1,8 Nm (12 V)<\/li>\n<li><strong>Vitesse<\/strong>64 tr\/min (12 V)<\/li>\n<li><strong>Microcontr\u00f4leur interne<\/strong>STM32F103C8 72MHz Cortex M3<\/li>\n<li><strong>Encodeur<\/strong>Magn\u00e9tique sans contact<\/li>\n<li><strong>R\u00e9solution<\/strong>0,088\u00b0 x 4069 positions<\/li>\n<li><strong>Tension de fonctionnement<\/strong>: 6,5 - 12 V<\/li>\n<li><strong>Protocole<\/strong>TTL \/ Half Duplex UART<\/li>\n<li><strong>ID<\/strong>: 0 &#8211; 253<\/li>\n<li><strong>D\u00e9bit en bauds<\/strong>9600 bps - 4,5 Mbps<\/li>\n<\/ul>\n<p><strong>Contenu du paquet<\/strong><\/p>\n<ul>\n<li>1 x Servomoteur Dynamixel 2XC430-W250-T<\/li>\n<li>2 x supports (HN11-N101)<\/li>\n<li>1 x c\u00e2ble de connexion X3P<\/li>\n<li>Jeu de vis et manuel d'assemblage<\/li>\n<\/ul>\n<\/div>\n<p><!-- .vgblk-rw-wrapper --><\/p>","protected":false},"excerpt":{"rendered":"<p>Dynamixel marque une \u00e9tape importante dans l'industrie des servomoteurs avec le 2XC430-W250-T. Un servomoteur Dynamixel peut contr\u00f4ler deux axes, offrant ainsi deux degr\u00e9s de libert\u00e9 en une seule solution !<\/p>","protected":false},"featured_media":1010930,"template":"","meta":[],"pwb-brand":[],"product_brand":[],"product_cat":[622],"product_tag":[],"class_list":{"0":"post-1010833","1":"product","2":"type-product","3":"status-publish","4":"has-post-thumbnail","6":"product_cat-servomotori","8":"first","9":"instock","10":"shipping-taxable","11":"product-type-simple"},"brands":[],"_links":{"self":[{"href":"https:\/\/store.todsystem.com\/fr\/wp-json\/wp\/v2\/product\/1010833","targetHints":{"allow":["GET"]}}],"collection":[{"href":"https:\/\/store.todsystem.com\/fr\/wp-json\/wp\/v2\/product"}],"about":[{"href":"https:\/\/store.todsystem.com\/fr\/wp-json\/wp\/v2\/types\/product"}],"version-history":[{"count":1,"href":"https:\/\/store.todsystem.com\/fr\/wp-json\/wp\/v2\/product\/1010833\/revisions"}],"predecessor-version":[{"id":1016582,"href":"https:\/\/store.todsystem.com\/fr\/wp-json\/wp\/v2\/product\/1010833\/revisions\/1016582"}],"wp:featuredmedia":[{"embeddable":true,"href":"https:\/\/store.todsystem.com\/fr\/wp-json\/wp\/v2\/media\/1010930"}],"wp:attachment":[{"href":"https:\/\/store.todsystem.com\/fr\/wp-json\/wp\/v2\/media?parent=1010833"}],"wp:term":[{"taxonomy":"pwb-brand","embeddable":true,"href":"https:\/\/store.todsystem.com\/fr\/wp-json\/wp\/v2\/pwb-brand?post=1010833"},{"taxonomy":"product_brand","embeddable":true,"href":"https:\/\/store.todsystem.com\/fr\/wp-json\/wp\/v2\/product_brand?post=1010833"},{"taxonomy":"product_cat","embeddable":true,"href":"https:\/\/store.todsystem.com\/fr\/wp-json\/wp\/v2\/product_cat?post=1010833"},{"taxonomy":"product_tag","embeddable":true,"href":"https:\/\/store.todsystem.com\/fr\/wp-json\/wp\/v2\/product_tag?post=1010833"}],"curies":[{"name":"wp","href":"https:\/\/api.w.org\/{rel}","templated":true}]}}