{"id":1010831,"date":"2024-09-05T09:51:52","date_gmt":"2024-09-05T09:51:52","guid":{"rendered":"https:\/\/store.todsystem.com\/prodotto\/xc430-w150-t\/"},"modified":"2025-06-11T12:04:04","modified_gmt":"2025-06-11T12:04:04","slug":"servomotore-dynamixel-xc430-w150-t","status":"publish","type":"product","link":"https:\/\/store.todsystem.com\/fr\/produit-2\/servomotore-dynamixel-xc430-w150-t\/","title":{"rendered":"Servomoteur Dynamixel XC430-W150-T"},"content":{"rendered":"<div class=\"vgblk-rw-wrapper limit-wrapper\">\n<h2>Servomotore Robotis XC430-W150-T: controllo in sicurezza<\/h2>\n<p><b>Il servomotore Dynamixel XC430-W150-T\u00a0<\/b>par\u00a0<a class=\"catalogue\" title=\"Robotis\" href=\"https:\/\/www.generationrobots.com\/it\/81_robotis\" rel=\"nofollow noopener\" target=\"_blank\">Robotis\u00a0<\/a>combina un motore elettrico CC, una testa di riduzione, un microcontrollore, un driver e un encoder magnetico assoluto senza contatto.<\/p>\n<p>Si tratta di un servomotore intelligente con una propria rete, che offre numerose modalit\u00e0 di controllo per pilotare il tuo progetto di robotica in base alle tue esigenze.<\/p>\n<p>Queste diverse modalit\u00e0 di controllo consentono di controllare la velocit\u00e0, la potenza o la PWM del servomotore.<\/p>\n<p>L&#8217;elevato grado di risoluzione e l&#8217;efficienza energetica ne fanno uno dei migliori servomotori della\u00a0<a class=\"catalogue\" title=\"Dynamixel - Serie XC\" href=\"https:\/\/www.generationrobots.com\/it\/481-dynamixel-serie-xc\" rel=\"nofollow noopener\" target=\"_blank\">serie XC\u00a0<\/a>.<\/p>\n<p>Consente 3 diverse posizioni del cavo nella parte posteriore: la sua custodia cava riduce l&#8217;effetto dell&#8217;attrito.<\/p>\n<p>Realizzato in metallo prezioso e plastica ingegnerizzata, \u00e8 un servomotore durevole con un&#8217;eccellente dissipazione del calore.<\/p>\n<h2>Specifiche del modello XC430-W150-T<\/h2>\n<p>Questo servomotore impermeabile \u00e8 particolarmente efficace per la creazione di robot mobili ultraveloci.<\/p>\n<p>Grazie alla coppia pi\u00f9 potente rispetto al\u00a0<a class=\"catalogue\" title=\"Servomoteur Dynamixel XL430-W250-T\" href=\"https:\/\/www.generationrobots.com\/it\/402823-servomotore-dynamixel-xl430-w250-t.html\" rel=\"nofollow noopener\" target=\"_blank\">modello XL430\u00a0<\/a>, pu\u00f2 essere integrato in progetti leggermente pi\u00f9 potenti.<\/p>\n<p>Ciascun servomotore viene fornito con una barra di diffusione compatibile (assemblata), un cavo robotico X3P da 18 cm e tutte le viti e i bulloni necessari per montare il servomotore.<\/p>\n<p>Non sai quale servomotore Dynamixel acquistare?<\/p>\n<p>Dai un&#8217;occhiata alla guida alla selezione inclusa nelle nostre risorse.<\/p>\n<p>Ti aiuter\u00e0 a trovare il servomotore pi\u00f9 adatto a te, in base alla coppia o alla velocit\u00e0 di cui hai bisogno.<\/p>\n<h2>Caratteristiche tecniche del servomotore XC430-W150-T<\/h2>\n<ul>\n<li>Microcontrollore: Cortex M3, 72 MHz, 32 bit<\/li>\n<li>Tensione di alimentazione: da 10 a 14,8 V (12 V consigliati)<\/li>\n<li>Coppia di spunto: 1,6 Nm<\/li>\n<li>Corrente di spunto: 1,4 A<\/li>\n<li>Vitesse \u00e0 vide :<\/li>\n<li>106 giri\/min<\/li>\n<li>Corrente a vuoto: 0,06 A<\/li>\n<li>Risoluzione: 4,096 impulsi\/giro<\/li>\n<li>R\u00e9solution angulaire : 360\u00b0.<\/li>\n<li>Capteur de position : encodeur absolu sans contact (12 bits, 360\u00b0)<\/li>\n<li>Temp\u00e9rature de fonctionnement : de<\/li>\n<li>De -5 \u00e0 80\u00b0C<\/li>\n<li>Moteur sans noyau<\/li>\n<li>Velocit\u00e0 di trasmissione: 9600 bps a 4,5 Mbps<\/li>\n<li>Algorithme de contr\u00f4le : PID<\/li>\n<li>Type d'engrenage : cylindrique<\/li>\n<li>Mat\u00e9riau de l'engrenage : m\u00e9tal pr\u00e9cieux<\/li>\n<li>Materiale della scocca: tecnopolimero<\/li>\n<li>Dimensions : 28,5 x 46,5 x 34 mm<\/li>\n<li>Peso: 65 g<\/li>\n<li>Rapporto di riduzione: 159,5:1<\/li>\n<li>Signal de contr\u00f4le num\u00e9rique du paquet<\/li>\n<li>Tipo di protocollo: comunicazione seriale asincrona half-duplex (8 bit, 1 stop, nessuna parit\u00e0)<\/li>\n<li>Connessione: bus multi-drop TTL<\/li>\n<li>ID: 0-252<\/li>\n<li>Feedback: posizione, velocit\u00e0, carico, tempo reale, traiettoria, temperatura, tensione di alimentazione, ecc.<\/li>\n<li>Versione del protocollo: 1.0; 2.0 (default)<\/li>\n<li>Modalit\u00e0 operative\/angoli:\n<ul>\n<li>Contr\u00f4le de la vitesse : rotation continue<\/li>\n<li>Contr\u00f4le de la position : 360<\/li>\n<li>Controllo della posizione estesa: \u00b1 256 giri<\/li>\n<li>Contr\u00f4le PWM : rotation continue<\/li>\n<\/ul>\n<\/li>\n<li>Corrente di standby: 46 mA<\/li>\n<\/ul>\n<\/div>\n<p><!-- .vgblk-rw-wrapper --><\/p>","protected":false},"excerpt":{"rendered":"<p>Dynamixel XC430-W150-T \u00e8 la scelta ideale.<\/p>\n<p>Grazie alla sua coppia elevata di 1,6 Nm e alla velocit\u00e0 di 106 giri\/minuto, questo servomotore \u00e8 in grado di movimentare carichi importanti e di eseguire movimenti fluidi.<\/p>","protected":false},"featured_media":1012926,"template":"","meta":[],"pwb-brand":[],"product_brand":[],"product_cat":[622],"product_tag":[],"class_list":{"0":"post-1010831","1":"product","2":"type-product","3":"status-publish","4":"has-post-thumbnail","6":"product_cat-servomotori","8":"first","9":"instock","10":"shipping-taxable","11":"product-type-simple"},"brands":[],"_links":{"self":[{"href":"https:\/\/store.todsystem.com\/fr\/wp-json\/wp\/v2\/product\/1010831","targetHints":{"allow":["GET"]}}],"collection":[{"href":"https:\/\/store.todsystem.com\/fr\/wp-json\/wp\/v2\/product"}],"about":[{"href":"https:\/\/store.todsystem.com\/fr\/wp-json\/wp\/v2\/types\/product"}],"version-history":[{"count":4,"href":"https:\/\/store.todsystem.com\/fr\/wp-json\/wp\/v2\/product\/1010831\/revisions"}],"predecessor-version":[{"id":1013043,"href":"https:\/\/store.todsystem.com\/fr\/wp-json\/wp\/v2\/product\/1010831\/revisions\/1013043"}],"wp:featuredmedia":[{"embeddable":true,"href":"https:\/\/store.todsystem.com\/fr\/wp-json\/wp\/v2\/media\/1012926"}],"wp:attachment":[{"href":"https:\/\/store.todsystem.com\/fr\/wp-json\/wp\/v2\/media?parent=1010831"}],"wp:term":[{"taxonomy":"pwb-brand","embeddable":true,"href":"https:\/\/store.todsystem.com\/fr\/wp-json\/wp\/v2\/pwb-brand?post=1010831"},{"taxonomy":"product_brand","embeddable":true,"href":"https:\/\/store.todsystem.com\/fr\/wp-json\/wp\/v2\/product_brand?post=1010831"},{"taxonomy":"product_cat","embeddable":true,"href":"https:\/\/store.todsystem.com\/fr\/wp-json\/wp\/v2\/product_cat?post=1010831"},{"taxonomy":"product_tag","embeddable":true,"href":"https:\/\/store.todsystem.com\/fr\/wp-json\/wp\/v2\/product_tag?post=1010831"}],"curies":[{"name":"wp","href":"https:\/\/api.w.org\/{rel}","templated":true}]}}