{"id":1010830,"date":"2024-09-05T09:51:52","date_gmt":"2024-09-05T09:51:52","guid":{"rendered":"https:\/\/store.todsystem.com\/prodotto\/xc430-w240-t\/"},"modified":"2025-06-11T12:04:04","modified_gmt":"2025-06-11T12:04:04","slug":"servomotore-dynamixel-xc430-w240-t","status":"publish","type":"product","link":"https:\/\/store.todsystem.com\/fr\/produit-2\/servomotore-dynamixel-xc430-w240-t\/","title":{"rendered":"Servomoteur Dynamixel XC430-W240-T"},"content":{"rendered":"<div class=\"vgblk-rw-wrapper limit-wrapper\">\n<h2>Prestazioni del servomotore Dynamixel XC430-W240-T<\/h2>\n<p><b>L&#8217;XC430-W240-T\u00a0<\/b>\u00e8 un servomotore collegato in TTL con un rapporto di riduzione di 245,2:1 e una velocit\u00e0 a vuoto di 70 giri\/min.<\/p>\n<p>Questo servomotore si posiziona al di sopra del\u00a0<a class=\"catalogue\" title=\"Servomoteur Dynamixel XL430-W250-T\" href=\"https:\/\/www.generationrobots.com\/it\/402823-servomotore-dynamixel-xl430-w250-t.html\" rel=\"nofollow noopener\" target=\"_blank\">servo XL 430\u00a0<\/a>grazie alla sua coppia elevata e al consumo energetico ridotto.<\/p>\n<p>Le sue caratteristiche lo rendono ideale per i robot pi\u00f9 potenti o per le macchine mobili progettate per i terreni accidentati.<\/p>\n<p>Il servomotore Dynamixel XC430-W240-T viene fornito con una barra distanziatrice compatibile pronta per l&#8217;installazione e con un set completo di viti per il montaggio.<\/p>\n<p>Viene inoltre fornito con un cavo robotico X3P da 18 cm per il collegamento al microcontrollore.<\/p>\n<h2>Motoriduttore + controllore + driver + rete = Dynamixel<\/h2>\n<p>Dynamixel di Robotis \u00e8 una gamma completa di servomotori che incorpora tutti gli elementi essenziali per un servo intelligente,<\/p>\n<p>autonomo e ultra-adattabile.<\/p>\n<p>Con connessione RS232 o TTL, i servomotori Dynamixel possono essere adattati alle creazioni robotiche pi\u00f9 complesse.<\/p>\n<p>Offrono diversi livelli di potenza e velocit\u00e0, a seconda delle esigenze del progetto.<\/p>\n<p>Scegliete un rapporto di riduzione elevato per un veicolo fuoristrada o un robot progettato per trasportare carichi pesanti.<\/p>\n<p>Scegli un servomotore veloce per i dispositivi pi\u00f9 agili.<\/p>\n<p>Un servomotore Robotis Dynamixel \u00e8 programmabile dalla A alla Z con un microcontrollore come\u00a0<a class=\"catalogue\" title=\"Microcontroller e schede singole\" href=\"https:\/\/www.generationrobots.com\/it\/326-microcontroller-e-schede-singole\" rel=\"nofollow noopener\" target=\"_blank\">Arduino\u00a0<\/a>o\u00a0<a class=\"catalogue\" title=\"Schede Raspberry Pi per la robotica\" href=\"https:\/\/www.generationrobots.com\/it\/214-schede-raspberry-pi\" rel=\"nofollow noopener\" target=\"_blank\">Raspberry Pi\u00a0<\/a>.<\/p>\n<p>Collegalo con un cavo robotico X3P: puoi concatenare pi\u00f9 servomotori allo stesso modo.<\/p>\n<p>I servomotori Dynamixel sono caratterizzati da un innovativo design a guscio che riduce la dissipazione del calore e consente diverse configurazioni di montaggio.<\/p>\n<p>Questo riduce anche le sollecitazioni sui cavi di collegamento.<\/p>\n<h2>Specifiche tecniche di Dynamixel XC430-W240-T<\/h2>\n<ul>\n<li>Microcontrollore Cortex-M3, 72 MHz, 32 bit<\/li>\n<li>Tension d'entr\u00e9e : 10 \u00e0 14,8 V (12 V recommand\u00e9)<\/li>\n<li>Tension : 12 V<\/li>\n<li>Coppia di spunto: 1,9 Nm<\/li>\n<li>Corrente di spunto: 1,4 A<\/li>\n<li>Vitesse \u00e0 vide :<\/li>\n<li>70 rpm<\/li>\n<li>Corrente a vuoto: 0,06 A<\/li>\n<li>Risoluzione: 0,0879\u00b0\/impulso<\/li>\n<li>Angle : 360<\/li>\n<li>Sensore di posizione assoluta senza contatto (12 bit, 360\u00b0)<\/li>\n<li>Temp\u00e9rature de fonctionnement : de<\/li>\n<li>De -5 \u00e0 80\u00b0C<\/li>\n<li>Moteur sans noyau<\/li>\n<li>Velocit\u00e0 di trasmissione: 9600 Bps a 4,5 MBps<\/li>\n<li>Algorithme de contr\u00f4le : PID<\/li>\n<li>Type d'engrenage : cylindrique<\/li>\n<li>Mat\u00e9riau de l'engrenage : m\u00e9tal pr\u00e9cieux<\/li>\n<li>Materiale della scocca: plastica ingegnerizzata<\/li>\n<li>Rapporto di riduzione: 245,2:1<\/li>\n<li>Signal de contr\u00f4le num\u00e9rique du paquet<\/li>\n<li>Tipo di protocollo: comunicazione seriale asincrona Half Duplex (8 bit, 1 stop, nessuna parit\u00e0)<\/li>\n<li>Connessione: bus multidrop a livello TTL<\/li>\n<li>ID : 0 \u00e0 252<\/li>\n<li>Feedback: posizione, velocit\u00e0, carico, tempo reale, traiettoria, temperatura, tensione di ingresso, ecc.<\/li>\n<li>Versione del protocollo: 2.0 (predefinita)<\/li>\n<li>Mode\/angle de fonctionnement :\n<ul>\n<li>Contr\u00f4le de la vitesse : rotation continue<\/li>\n<li>Contr\u00f4le de la position : 360<\/li>\n<li>Controllo della posizione estesa: +\/- 256 giri<\/li>\n<li>Contr\u00f4le PWM : rotation continue<\/li>\n<\/ul>\n<\/li>\n<li>Corrente di standby: 46 mA<\/li>\n<li>Dimensions : 28,5 x 46,5 x 34 mm<\/li>\n<li>Peso: 65<\/li>\n<\/ul>\n<\/div>\n<p><!-- .vgblk-rw-wrapper --><\/p>","protected":false},"excerpt":{"rendered":"<p>Il Dynamixel XC430-W240-T \u00e8 la scelta perfetta.<\/p>\n<p>Grazie alla sua elevata coppia e al basso consumo energetico, questo motore ti permetter\u00e0 di realizzare movimenti precisi e potenti, senza dover preoccuparti dell&#8217;autonomia del tuo robot.<\/p>","protected":false},"featured_media":1012926,"template":"","meta":[],"pwb-brand":[],"product_brand":[],"product_cat":[622],"product_tag":[],"class_list":{"0":"post-1010830","1":"product","2":"type-product","3":"status-publish","4":"has-post-thumbnail","6":"product_cat-servomotori","8":"first","9":"instock","10":"shipping-taxable","11":"product-type-simple"},"brands":[],"_links":{"self":[{"href":"https:\/\/store.todsystem.com\/fr\/wp-json\/wp\/v2\/product\/1010830","targetHints":{"allow":["GET"]}}],"collection":[{"href":"https:\/\/store.todsystem.com\/fr\/wp-json\/wp\/v2\/product"}],"about":[{"href":"https:\/\/store.todsystem.com\/fr\/wp-json\/wp\/v2\/types\/product"}],"version-history":[{"count":6,"href":"https:\/\/store.todsystem.com\/fr\/wp-json\/wp\/v2\/product\/1010830\/revisions"}],"predecessor-version":[{"id":1013045,"href":"https:\/\/store.todsystem.com\/fr\/wp-json\/wp\/v2\/product\/1010830\/revisions\/1013045"}],"wp:featuredmedia":[{"embeddable":true,"href":"https:\/\/store.todsystem.com\/fr\/wp-json\/wp\/v2\/media\/1012926"}],"wp:attachment":[{"href":"https:\/\/store.todsystem.com\/fr\/wp-json\/wp\/v2\/media?parent=1010830"}],"wp:term":[{"taxonomy":"pwb-brand","embeddable":true,"href":"https:\/\/store.todsystem.com\/fr\/wp-json\/wp\/v2\/pwb-brand?post=1010830"},{"taxonomy":"product_brand","embeddable":true,"href":"https:\/\/store.todsystem.com\/fr\/wp-json\/wp\/v2\/product_brand?post=1010830"},{"taxonomy":"product_cat","embeddable":true,"href":"https:\/\/store.todsystem.com\/fr\/wp-json\/wp\/v2\/product_cat?post=1010830"},{"taxonomy":"product_tag","embeddable":true,"href":"https:\/\/store.todsystem.com\/fr\/wp-json\/wp\/v2\/product_tag?post=1010830"}],"curies":[{"name":"wp","href":"https:\/\/api.w.org\/{rel}","templated":true}]}}