{"id":1010823,"date":"2024-09-05T09:51:52","date_gmt":"2024-09-05T09:51:52","guid":{"rendered":"https:\/\/store.todsystem.com\/prodotto\/fpx330-s102-4pcs-set\/"},"modified":"2025-06-12T07:50:19","modified_gmt":"2025-06-12T07:50:19","slug":"fpx330-s102-piece-structurelle-et-barre-despacement-pour-dynamixel-x330","status":"publish","type":"product","link":"https:\/\/store.todsystem.com\/fr\/produit-2\/fpx330-s102-piece-structurelle-et-barre-despacement-pour-dynamixel-x330\/","title":{"rendered":"FPX330-S102 pi\u00e8ce structurelle et barre d'\u00e9cartement pour Dynamixel X330"},"content":{"rendered":"<div class=\"vgblk-rw-wrapper limit-wrapper\">\n<h2>FPX330-S102 kit de montage pour servomoteur X33 : montage par le haut\/par le bas<\/h2>\n<p>Ce kit de montage se compose de 4 supports de montage \u00e0 fixer en haut et en bas du servomoteur X330 Dynamixel.<\/p>\n<p>Cet ensemble n'est compatible qu'avec le mod\u00e8le X330.<\/p>\n<p>Il est livr\u00e9 avec toute la visserie n\u00e9cessaire pour s\u00e9curiser le projet : boulons compatibles PHS et \u00e9crous M2.<\/p>\n<p>Si vous souhaitez fixer le servomoteur par les c\u00f4t\u00e9s, vous pouvez vous r\u00e9f\u00e9rer au kit Robotis FPX330-S101.<\/p>\n<h2>Caract\u00e9ristiques techniques de l'ensemble Robotis FPX330-S102<\/h2>\n<ul>\n<li>4 pi\u00e8ces lat\u00e9rales FPX330-S102<\/li>\n<li>20 \u00e9crous M2<\/li>\n<li>20 boulons PHS M2x4<\/li>\n<li>20 boulons PHS M2x4 TAP<\/li>\n<li>20 boulons PHS M2x8 TAP<\/li>\n<li>Set compatible avec le servomoteur Dynamixel X330<\/li>\n<li>Non compatible avec les s\u00e9ries X540, X430, AX, DX, RX et EX<\/li>\n<\/ul>\n<\/div>\n<p><!-- .vgblk-rw-wrapper --><\/p>","protected":false},"excerpt":{"rendered":"<p>Montez votre servo moteur Dynamixel X330 rapidement et facilement avec le kit FPX330-S102.<\/p>\n<p>Ce kit pratique fournit tous les \u00e9l\u00e9ments essentiels pour une installation simple, vous permettant de consacrer plus de temps \u00e0 la programmation et \u00e0 l'exp\u00e9rimentation.<\/p>","protected":false},"featured_media":1012886,"template":"","meta":[],"pwb-brand":[],"product_brand":[],"product_cat":[661],"product_tag":[],"class_list":{"0":"post-1010823","1":"product","2":"type-product","3":"status-publish","4":"has-post-thumbnail","6":"product_cat-telai-modulari-e-profili","8":"first","9":"instock","10":"shipping-taxable","11":"product-type-simple"},"brands":[],"_links":{"self":[{"href":"https:\/\/store.todsystem.com\/fr\/wp-json\/wp\/v2\/product\/1010823","targetHints":{"allow":["GET"]}}],"collection":[{"href":"https:\/\/store.todsystem.com\/fr\/wp-json\/wp\/v2\/product"}],"about":[{"href":"https:\/\/store.todsystem.com\/fr\/wp-json\/wp\/v2\/types\/product"}],"version-history":[{"count":4,"href":"https:\/\/store.todsystem.com\/fr\/wp-json\/wp\/v2\/product\/1010823\/revisions"}],"predecessor-version":[{"id":1013034,"href":"https:\/\/store.todsystem.com\/fr\/wp-json\/wp\/v2\/product\/1010823\/revisions\/1013034"}],"wp:featuredmedia":[{"embeddable":true,"href":"https:\/\/store.todsystem.com\/fr\/wp-json\/wp\/v2\/media\/1012886"}],"wp:attachment":[{"href":"https:\/\/store.todsystem.com\/fr\/wp-json\/wp\/v2\/media?parent=1010823"}],"wp:term":[{"taxonomy":"pwb-brand","embeddable":true,"href":"https:\/\/store.todsystem.com\/fr\/wp-json\/wp\/v2\/pwb-brand?post=1010823"},{"taxonomy":"product_brand","embeddable":true,"href":"https:\/\/store.todsystem.com\/fr\/wp-json\/wp\/v2\/product_brand?post=1010823"},{"taxonomy":"product_cat","embeddable":true,"href":"https:\/\/store.todsystem.com\/fr\/wp-json\/wp\/v2\/product_cat?post=1010823"},{"taxonomy":"product_tag","embeddable":true,"href":"https:\/\/store.todsystem.com\/fr\/wp-json\/wp\/v2\/product_tag?post=1010823"}],"curies":[{"name":"wp","href":"https:\/\/api.w.org\/{rel}","templated":true}]}}