{"id":1010818,"date":"2024-09-05T09:51:51","date_gmt":"2024-09-05T09:51:51","guid":{"rendered":"https:\/\/store.todsystem.com\/prodotto\/fr13-h105k-set\/"},"modified":"2025-06-12T07:50:20","modified_gmt":"2025-06-12T07:50:20","slug":"fr13-h105k-parte-strutturale-e-barra-distanziatrice-per-dynamixel-xw540","status":"publish","type":"product","link":"https:\/\/store.todsystem.com\/fr\/produit-2\/fr13-h105k-parte-strutturale-e-barra-distanziatrice-per-dynamixel-xw540\/","title":{"rendered":"FR13-H105K - Pi\u00e8ce structurelle et barre d'\u00e9cartement pour Dynamixel XW540"},"content":{"rendered":"<div class=\"vgblk-rw-wrapper limit-wrapper\">\n<h2><strong>Barre de tension et structure articul\u00e9e : ensemble complet pour Dynamixel XW540<\/strong><\/h2>\n<p>Cet ensemble comprend un cadre articul\u00e9 pour un montage articul\u00e9 avec la plateforme Dynamixel XW540, ainsi qu'un support de barre et de barre d'\u00e9cartement pour l'ensemble FR13-I105.<\/p>\n<p>Les boulons compatibles permettent de monter la pi\u00e8ce structurelle dans diff\u00e9rentes configurations : au-dessus du servomoteur ou sur le c\u00f4t\u00e9.<\/p>\n<h2><strong>Caract\u00e9ristiques techniques du kit FR13-H105K pour servomoteur XW540 :<\/strong><\/h2>\n<ul>\n<li>Compatible uniquement avec les servomoteurs Dynamixel XW540<\/li>\n<li>1 pi\u00e8ce structurelle FR13-H105K<\/li>\n<li>1 jeu de barres d'\u00e9cartement FR13-I105<\/li>\n<li>10 boulons WB M2.5*5<\/li>\n<li>10 boulons WB M2.5*4<\/li>\n<\/ul>\n<\/div>\n<p><!-- .vgblk-rw-wrapper --><\/p>","protected":false},"excerpt":{"rendered":"<p>Ce composant structurel et cette barre d'\u00e9cartement pour le servomoteur Dynamixel XW540 est l'un des nombreux ensembles disponibles chez Robotis pour le montage de servomoteurs dans diff\u00e9rentes configurations.<\/p>","protected":false},"featured_media":1010896,"template":"","meta":[],"pwb-brand":[],"product_brand":[],"product_cat":[661],"product_tag":[],"class_list":{"0":"post-1010818","1":"product","2":"type-product","3":"status-publish","4":"has-post-thumbnail","6":"product_cat-telai-modulari-e-profili","8":"first","9":"instock","10":"shipping-taxable","11":"product-type-simple"},"brands":[],"_links":{"self":[{"href":"https:\/\/store.todsystem.com\/fr\/wp-json\/wp\/v2\/product\/1010818","targetHints":{"allow":["GET"]}}],"collection":[{"href":"https:\/\/store.todsystem.com\/fr\/wp-json\/wp\/v2\/product"}],"about":[{"href":"https:\/\/store.todsystem.com\/fr\/wp-json\/wp\/v2\/types\/product"}],"version-history":[{"count":1,"href":"https:\/\/store.todsystem.com\/fr\/wp-json\/wp\/v2\/product\/1010818\/revisions"}],"predecessor-version":[{"id":1012871,"href":"https:\/\/store.todsystem.com\/fr\/wp-json\/wp\/v2\/product\/1010818\/revisions\/1012871"}],"wp:featuredmedia":[{"embeddable":true,"href":"https:\/\/store.todsystem.com\/fr\/wp-json\/wp\/v2\/media\/1010896"}],"wp:attachment":[{"href":"https:\/\/store.todsystem.com\/fr\/wp-json\/wp\/v2\/media?parent=1010818"}],"wp:term":[{"taxonomy":"pwb-brand","embeddable":true,"href":"https:\/\/store.todsystem.com\/fr\/wp-json\/wp\/v2\/pwb-brand?post=1010818"},{"taxonomy":"product_brand","embeddable":true,"href":"https:\/\/store.todsystem.com\/fr\/wp-json\/wp\/v2\/product_brand?post=1010818"},{"taxonomy":"product_cat","embeddable":true,"href":"https:\/\/store.todsystem.com\/fr\/wp-json\/wp\/v2\/product_cat?post=1010818"},{"taxonomy":"product_tag","embeddable":true,"href":"https:\/\/store.todsystem.com\/fr\/wp-json\/wp\/v2\/product_tag?post=1010818"}],"curies":[{"name":"wp","href":"https:\/\/api.w.org\/{rel}","templated":true}]}}