{"id":1010817,"date":"2024-09-05T09:51:51","date_gmt":"2024-09-05T09:51:51","guid":{"rendered":"https:\/\/store.todsystem.com\/prodotto\/x540-150-gear-bearing-set\/"},"modified":"2025-06-11T12:04:06","modified_gmt":"2025-06-11T12:04:06","slug":"kit-di-ingranaggi-per-servomotore-dynamixel-x540-150","status":"publish","type":"product","link":"https:\/\/store.todsystem.com\/fr\/produit-2\/kit-di-ingranaggi-per-servomotore-dynamixel-x540-150\/","title":{"rendered":"Kit d'engrenages pour servomoteur Dynamixel X540-150"},"content":{"rendered":"<div class=\"vgblk-rw-wrapper limit-wrapper\">\n<h2>Kit d'engrenages Dynamixel X540-150 : remplacement d'engrenages d\u00e9fectueux<\/h2>\n<p>Ce kit d'engrenage pour servomoteur Dynamixel est compatible avec tous les mod\u00e8les de la gamme\u00a0<a class=\"catalogue\" title=\"Dynamixel - S\u00e9rie XH\" href=\"https:\/\/www.generationrobots.com\/it\/462-dynamixel-serie-xh\" rel=\"nofollow noopener\" target=\"_blank\">Mod\u00e8les XH540\u00a0<\/a>e\u00a0<a class=\"catalogue\" title=\"Dynamixel - S\u00e9rie XM\" href=\"https:\/\/www.generationrobots.com\/it\/461-dynamixel-serie-xm\" rel=\"nofollow noopener\" target=\"_blank\">XM540\u00a0<\/a>avec un taux de r\u00e9duction de 150:1.<\/p>\n<p>Ces engrenages peuvent remplacer directement les engrenages existants lorsqu'ils sont us\u00e9s.<\/p>\n<p>Pour obtenir des instructions, voir les didacticiels vid\u00e9o dans la section des ressources.<\/p>\n<h2>Caract\u00e9ristiques techniques du kit d'engrenages Dynamixel X540-150<\/h2>\n<ul>\n<li>Servomoteurs Dynamixel compatibles : XH540-W150-R, XH540-W150-T, XH540-V150-R, XM540-W150-R, XM540-W150-T 1<\/li>\n<li>Engrenage X540 n\u00b0 1<\/li>\n<li>Engrenage X540 n\u00b0 2 1<\/li>\n<li>Engrenage X540 n\u00b0 3 1<\/li>\n<li>pignon X540<\/li>\n<li>Lubrifiant 1<\/li>\n<li>adaptateur pour X540 jauge 2<\/li>\n<li>roulements \u00e0 billes<\/li>\n<\/ul>\n<\/div>\n<p><!-- .vgblk-rw-wrapper --><\/p>","protected":false},"excerpt":{"rendered":"<p>Am\u00e9liorez vos servomoteurs Dynamixel X540-150 avec nos engrenages m\u00e9talliques \u00e0 haute r\u00e9sistance.<\/p>\n<p>Id\u00e9al pour les applications n\u00e9cessitant pr\u00e9cision et durabilit\u00e9. Compatible avec les interfaces TTL et RS-485,<\/p>\n<p>offrant flexibilit\u00e9 et fiabilit\u00e9 \u00e0 vos projets.<\/p>","protected":false},"featured_media":1012865,"template":"","meta":[],"pwb-brand":[],"product_brand":[],"product_cat":[622],"product_tag":[],"class_list":{"0":"post-1010817","1":"product","2":"type-product","3":"status-publish","4":"has-post-thumbnail","6":"product_cat-servomotori","8":"first","9":"instock","10":"shipping-taxable","11":"product-type-simple"},"brands":[],"_links":{"self":[{"href":"https:\/\/store.todsystem.com\/fr\/wp-json\/wp\/v2\/product\/1010817","targetHints":{"allow":["GET"]}}],"collection":[{"href":"https:\/\/store.todsystem.com\/fr\/wp-json\/wp\/v2\/product"}],"about":[{"href":"https:\/\/store.todsystem.com\/fr\/wp-json\/wp\/v2\/types\/product"}],"version-history":[{"count":4,"href":"https:\/\/store.todsystem.com\/fr\/wp-json\/wp\/v2\/product\/1010817\/revisions"}],"predecessor-version":[{"id":1013026,"href":"https:\/\/store.todsystem.com\/fr\/wp-json\/wp\/v2\/product\/1010817\/revisions\/1013026"}],"wp:featuredmedia":[{"embeddable":true,"href":"https:\/\/store.todsystem.com\/fr\/wp-json\/wp\/v2\/media\/1012865"}],"wp:attachment":[{"href":"https:\/\/store.todsystem.com\/fr\/wp-json\/wp\/v2\/media?parent=1010817"}],"wp:term":[{"taxonomy":"pwb-brand","embeddable":true,"href":"https:\/\/store.todsystem.com\/fr\/wp-json\/wp\/v2\/pwb-brand?post=1010817"},{"taxonomy":"product_brand","embeddable":true,"href":"https:\/\/store.todsystem.com\/fr\/wp-json\/wp\/v2\/product_brand?post=1010817"},{"taxonomy":"product_cat","embeddable":true,"href":"https:\/\/store.todsystem.com\/fr\/wp-json\/wp\/v2\/product_cat?post=1010817"},{"taxonomy":"product_tag","embeddable":true,"href":"https:\/\/store.todsystem.com\/fr\/wp-json\/wp\/v2\/product_tag?post=1010817"}],"curies":[{"name":"wp","href":"https:\/\/api.w.org\/{rel}","templated":true}]}}