{"id":1010816,"date":"2024-09-05T09:51:51","date_gmt":"2024-09-05T09:51:51","guid":{"rendered":"https:\/\/store.todsystem.com\/prodotto\/x540-270-gear-bearing-set\/"},"modified":"2025-06-11T12:04:06","modified_gmt":"2025-06-11T12:04:06","slug":"kit-di-ingranaggi-per-servomotore-dynamixel-x540-270","status":"publish","type":"product","link":"https:\/\/store.todsystem.com\/fr\/produit-2\/kit-di-ingranaggi-per-servomotore-dynamixel-x540-270\/","title":{"rendered":"Kit d'engrenages pour servomoteur Dynamixel X540-270"},"content":{"rendered":"<div class=\"vgblk-rw-wrapper limit-wrapper\">\n<h2>Kit d'engrenage X540-270 : pi\u00e8ces de rechange de qualit\u00e9<\/h2>\n<p>Pour continuer \u00e0 exploiter les fonctionnalit\u00e9s de votre servomoteur programmable X540-270, voici un kit d'engrenages compatible avec les diff\u00e9rents mod\u00e8les de la s\u00e9rie. Ils s'adaptent aux servomoteurs avec des connexions TTL ou RS-485. Il s'agit d'engrenages m\u00e9talliques durables, con\u00e7us pour r\u00e9sister \u00e0 l'abrasion.<\/p>\n<h2>Sp\u00e9cifications techniques du kit d'engrenages X540-270<\/h2>\n<ul>\n<li>Servomoteurs Dynamixel compatibles :<\/li>\n<li><a class=\"catalogue\" title=\"Servomoteur Dynamixel XH540-W270-R\" href=\"https:\/\/www.generationrobots.com\/it\/403376-servomotore-dynamixel-xh540-w270-r.html\" rel=\"nofollow noopener\" target=\"_blank\">XH540-W270-R\u00a0<\/a>,\u00a0<a class=\"catalogue\" title=\"Servomoteur Dynamixel XH540-W270-T\" href=\"https:\/\/www.generationrobots.com\/it\/403377-servomotore-dynamixel-xh540-w270-t.html\" rel=\"nofollow noopener\" target=\"_blank\">XH540-W270-T\u00a0<\/a>XH540-V270-R, XM540-W270-R, XM540-W270-T 1<\/li>\n<li>Engrenage X540 n\u00b0 1<\/li>\n<li>Engrenage X540 n\u00b0 2 1<\/li>\n<li>Engrenage X540 n\u00b0 3 1<\/li>\n<li>pignon X540<\/li>\n<li>Lubrifiant 1<\/li>\n<li>adaptateur d'\u00e9talonnage pour X540 2<\/li>\n<li>roulements \u00e0 billes<\/li>\n<\/ul>\n<div class=\"container-video\" align=\"center\"><\/div>\n<\/div>\n<p><!-- .vgblk-rw-wrapper --><\/p>","protected":false},"excerpt":{"rendered":"<p>notre kit d'engrenages de pr\u00e9cision est sp\u00e9cialement con\u00e7u pour remplacer les composants us\u00e9s des servomoteurs Dynamixel X540 avec un rapport de r\u00e9duction de 270:1, ce qui garantit des performances optimales et une longue dur\u00e9e de vie\".<\/p>","protected":false},"featured_media":1012865,"template":"","meta":[],"pwb-brand":[],"product_brand":[],"product_cat":[622],"product_tag":[],"class_list":{"0":"post-1010816","1":"product","2":"type-product","3":"status-publish","4":"has-post-thumbnail","6":"product_cat-servomotori","8":"first","9":"instock","10":"shipping-taxable","11":"product-type-simple"},"brands":[],"_links":{"self":[{"href":"https:\/\/store.todsystem.com\/fr\/wp-json\/wp\/v2\/product\/1010816","targetHints":{"allow":["GET"]}}],"collection":[{"href":"https:\/\/store.todsystem.com\/fr\/wp-json\/wp\/v2\/product"}],"about":[{"href":"https:\/\/store.todsystem.com\/fr\/wp-json\/wp\/v2\/types\/product"}],"version-history":[{"count":4,"href":"https:\/\/store.todsystem.com\/fr\/wp-json\/wp\/v2\/product\/1010816\/revisions"}],"predecessor-version":[{"id":1013023,"href":"https:\/\/store.todsystem.com\/fr\/wp-json\/wp\/v2\/product\/1010816\/revisions\/1013023"}],"wp:featuredmedia":[{"embeddable":true,"href":"https:\/\/store.todsystem.com\/fr\/wp-json\/wp\/v2\/media\/1012865"}],"wp:attachment":[{"href":"https:\/\/store.todsystem.com\/fr\/wp-json\/wp\/v2\/media?parent=1010816"}],"wp:term":[{"taxonomy":"pwb-brand","embeddable":true,"href":"https:\/\/store.todsystem.com\/fr\/wp-json\/wp\/v2\/pwb-brand?post=1010816"},{"taxonomy":"product_brand","embeddable":true,"href":"https:\/\/store.todsystem.com\/fr\/wp-json\/wp\/v2\/product_brand?post=1010816"},{"taxonomy":"product_cat","embeddable":true,"href":"https:\/\/store.todsystem.com\/fr\/wp-json\/wp\/v2\/product_cat?post=1010816"},{"taxonomy":"product_tag","embeddable":true,"href":"https:\/\/store.todsystem.com\/fr\/wp-json\/wp\/v2\/product_tag?post=1010816"}],"curies":[{"name":"wp","href":"https:\/\/api.w.org\/{rel}","templated":true}]}}