{"id":1010815,"date":"2024-09-05T09:51:51","date_gmt":"2024-09-05T09:51:51","guid":{"rendered":"https:\/\/store.todsystem.com\/prodotto\/robot-cable-4p-wp-1000mm-extension\/"},"modified":"2025-06-11T12:04:05","modified_gmt":"2025-06-11T12:04:05","slug":"cable-dextension-de-1000-mm-pour-le-servo-dynamixel-etanche","status":"publish","type":"product","link":"https:\/\/store.todsystem.com\/fr\/produit-2\/cable-dextension-de-1000-mm-pour-le-servo-dynamixel-etanche\/","title":{"rendered":"C\u00e2ble d'extension de 1000 mm pour le servo Dynamixel Waterproof"},"content":{"rendered":"<div class=\"vgblk-rw-wrapper limit-wrapper\">\n<h2>A quoi sert la rallonge Dynamixel 1000 mm ?<\/h2>\n<p>Ce c\u00e2ble robotique robuste vous permet de connecter le servomoteur Dynamixel de la s\u00e9rie XW avec une connexion RS-485 \u00e0 son contr\u00f4leur.<\/p>\n<p>Il est disponible dans une version plus longue du c\u00e2ble standard afin d'\u00e9largir les possibilit\u00e9s de cr\u00e9ation robotique.<\/p>\n<p>Comme le\u00a0<a class=\"catalogue\" title=\"DYNAMIXEL - S\u00c9RIE XW\" href=\"https:\/\/www.generationrobots.com\/fr\/525-dynamixel-serie-xw\" rel=\"nofollow noopener\" target=\"_blank\">Servomoteurs XW540<\/a>\u00a0auquel il se connecte, est un c\u00e2ble \u00e9tanche offrant une connexion parfaitement s\u00e9curis\u00e9e.<\/p>\n<p>Il peut rester immerg\u00e9 pendant 24 heures \u00e0 des profondeurs de 1 \u00e0 3 m\u00e8tres.<\/p>\n<h2>Sp\u00e9cifications techniques du c\u00e2ble robotique Dynamixel 4P<\/h2>\n<ul>\n<li>C\u00e2ble robotique 4P-XW 1000 mm extension<\/li>\n<li>Actionneurs compatibles :\u00a0<a class=\"catalogue\" title=\"Servomoteur Dynamixel \u00e9tanche XW540-T260-R\" href=\"https:\/\/www.generationrobots.com\/fr\/403685-servomoteur-dynamixel-waterproof-xw540-t260-r.html\" rel=\"nofollow noopener\" target=\"_blank\">XW540-T260-R<\/a>\u00a0e\u00a0<a class=\"catalogue\" title=\"Servomoteur Dynamixel \u00e9tanche XW540-T140-R\" href=\"https:\/\/www.generationrobots.com\/fr\/403686-servomoteur-dynamixel-waterproof-xw540-t140-r.html\" rel=\"nofollow noopener\" target=\"_blank\">XW540-T140-R<\/a><\/li>\n<\/ul>\n<\/div>\n<p><!-- .vgblk-rw-wrapper --><\/p>","protected":false},"excerpt":{"rendered":"<p>\u00c9largissez les possibilit\u00e9s de votre robot gr\u00e2ce \u00e0 ce c\u00e2ble d'extension de 1 m\u00e8tre.<\/p>\n<p>Sp\u00e9cifiquement con\u00e7u pour les actionneurs Dynamixel de la s\u00e9rie XW, cet accessoire vous permet de connecter vos servomoteurs de mani\u00e8re plus flexible, sans limite d'espace.<\/p>\n<p>La connexion \u00e0 4 broches garantit une transmission stable et fiable des donn\u00e9es.<\/p>","protected":false},"featured_media":1012856,"template":"","meta":[],"pwb-brand":[],"product_brand":[],"product_cat":[622],"product_tag":[],"class_list":{"0":"post-1010815","1":"product","2":"type-product","3":"status-publish","4":"has-post-thumbnail","6":"product_cat-servomotori","8":"first","9":"instock","10":"shipping-taxable","11":"product-type-simple"},"brands":[],"_links":{"self":[{"href":"https:\/\/store.todsystem.com\/fr\/wp-json\/wp\/v2\/product\/1010815","targetHints":{"allow":["GET"]}}],"collection":[{"href":"https:\/\/store.todsystem.com\/fr\/wp-json\/wp\/v2\/product"}],"about":[{"href":"https:\/\/store.todsystem.com\/fr\/wp-json\/wp\/v2\/types\/product"}],"version-history":[{"count":4,"href":"https:\/\/store.todsystem.com\/fr\/wp-json\/wp\/v2\/product\/1010815\/revisions"}],"predecessor-version":[{"id":1013020,"href":"https:\/\/store.todsystem.com\/fr\/wp-json\/wp\/v2\/product\/1010815\/revisions\/1013020"}],"wp:featuredmedia":[{"embeddable":true,"href":"https:\/\/store.todsystem.com\/fr\/wp-json\/wp\/v2\/media\/1012856"}],"wp:attachment":[{"href":"https:\/\/store.todsystem.com\/fr\/wp-json\/wp\/v2\/media?parent=1010815"}],"wp:term":[{"taxonomy":"pwb-brand","embeddable":true,"href":"https:\/\/store.todsystem.com\/fr\/wp-json\/wp\/v2\/pwb-brand?post=1010815"},{"taxonomy":"product_brand","embeddable":true,"href":"https:\/\/store.todsystem.com\/fr\/wp-json\/wp\/v2\/product_brand?post=1010815"},{"taxonomy":"product_cat","embeddable":true,"href":"https:\/\/store.todsystem.com\/fr\/wp-json\/wp\/v2\/product_cat?post=1010815"},{"taxonomy":"product_tag","embeddable":true,"href":"https:\/\/store.todsystem.com\/fr\/wp-json\/wp\/v2\/product_tag?post=1010815"}],"curies":[{"name":"wp","href":"https:\/\/api.w.org\/{rel}","templated":true}]}}