{"id":1010810,"date":"2024-09-05T09:51:51","date_gmt":"2024-09-05T09:51:51","guid":{"rendered":"https:\/\/store.todsystem.com\/prodotto\/hn13-n101-set\/"},"modified":"2025-06-11T12:04:05","modified_gmt":"2025-06-11T12:04:05","slug":"hn13-n101-kit-parte-strutturale-per-dynamixel-x540","status":"publish","type":"product","link":"https:\/\/store.todsystem.com\/fr\/produit-2\/hn13-n101-kit-parte-strutturale-per-dynamixel-x540\/","title":{"rendered":"HN13-N101 - Kit de pi\u00e8ces structurelles pour Dynamixel X540"},"content":{"rendered":"<div class=\"vgblk-rw-wrapper limit-wrapper\">\n<h2>Dynamixel HN13-N101 : simplifie l'int\u00e9gration des servos XH ou XM540<\/h2>\n<p>La barre d'espacement HN13-N101 est un composant structurel compatible avec tous les servomoteurs Dynamixel.\u00a0<a class=\"catalogue\" title=\"Dynamixel - S\u00e9rie XM\" href=\"https:\/\/www.generationrobots.com\/it\/461-dynamixel-serie-xm\" rel=\"nofollow noopener\" target=\"_blank\">de la s\u00e9rie XH\u00a0<\/a>o\u00a0<a class=\"catalogue\" title=\"Dynamixel - S\u00e9rie XM\" href=\"https:\/\/www.generationrobots.com\/it\/461-dynamixel-serie-xm\" rel=\"nofollow noopener\" target=\"_blank\">XM540\u00a0<\/a>.<\/p>\n<p>Install\u00e9 sur l'arbre de sortie, il permet de fixer le servomoteur sur un accouplement ou tout autre support.<\/p>\n<h2>Caract\u00e9ristiques techniques de la barre d'\u00e9cartement HN13-N101<\/h2>\n<ul>\n<li>Le set contient : 1<\/li>\n<li>barre d'\u00e9cartement HN13-N101 1<\/li>\n<li>boulon \u00e0 cl\u00e9 WB M3x6<\/li>\n<li>10 Boulon \u00e0 cl\u00e9 WB M2,5\u00d73 1<\/li>\n<li>Rondelle en t\u00e9flon<\/li>\n<\/ul>\n<\/div>\n<p><!-- .vgblk-rw-wrapper --><\/p>","protected":false},"excerpt":{"rendered":"<p>Personnalisez vos conceptions robotiques avec le composant structurel Dynamixel HN13-N101.<\/p>\n<p>Con\u00e7u sp\u00e9cialement pour s'int\u00e9grer parfaitement aux servomoteurs Dynamixel des s\u00e9ries XH et XM540, cet accessoire polyvalent vous permet de cr\u00e9er des connexions solides et personnalis\u00e9es entre vos actionneurs et le reste de la structure robotique.<\/p>\n<p>Optimisez votre construction avec un maximum de pr\u00e9cision et de flexibilit\u00e9.<\/p>","protected":false},"featured_media":1012843,"template":"","meta":[],"pwb-brand":[],"product_brand":[],"product_cat":[622],"product_tag":[],"class_list":{"0":"post-1010810","1":"product","2":"type-product","3":"status-publish","4":"has-post-thumbnail","6":"product_cat-servomotori","8":"first","9":"instock","10":"shipping-taxable","11":"product-type-simple"},"brands":[],"_links":{"self":[{"href":"https:\/\/store.todsystem.com\/fr\/wp-json\/wp\/v2\/product\/1010810","targetHints":{"allow":["GET"]}}],"collection":[{"href":"https:\/\/store.todsystem.com\/fr\/wp-json\/wp\/v2\/product"}],"about":[{"href":"https:\/\/store.todsystem.com\/fr\/wp-json\/wp\/v2\/types\/product"}],"version-history":[{"count":4,"href":"https:\/\/store.todsystem.com\/fr\/wp-json\/wp\/v2\/product\/1010810\/revisions"}],"predecessor-version":[{"id":1013011,"href":"https:\/\/store.todsystem.com\/fr\/wp-json\/wp\/v2\/product\/1010810\/revisions\/1013011"}],"wp:featuredmedia":[{"embeddable":true,"href":"https:\/\/store.todsystem.com\/fr\/wp-json\/wp\/v2\/media\/1012843"}],"wp:attachment":[{"href":"https:\/\/store.todsystem.com\/fr\/wp-json\/wp\/v2\/media?parent=1010810"}],"wp:term":[{"taxonomy":"pwb-brand","embeddable":true,"href":"https:\/\/store.todsystem.com\/fr\/wp-json\/wp\/v2\/pwb-brand?post=1010810"},{"taxonomy":"product_brand","embeddable":true,"href":"https:\/\/store.todsystem.com\/fr\/wp-json\/wp\/v2\/product_brand?post=1010810"},{"taxonomy":"product_cat","embeddable":true,"href":"https:\/\/store.todsystem.com\/fr\/wp-json\/wp\/v2\/product_cat?post=1010810"},{"taxonomy":"product_tag","embeddable":true,"href":"https:\/\/store.todsystem.com\/fr\/wp-json\/wp\/v2\/product_tag?post=1010810"}],"curies":[{"name":"wp","href":"https:\/\/api.w.org\/{rel}","templated":true}]}}