{"id":1010808,"date":"2024-09-05T09:51:51","date_gmt":"2024-09-05T09:51:51","guid":{"rendered":"https:\/\/store.todsystem.com\/prodotto\/rm-p60-rnh\/"},"modified":"2025-06-11T12:04:05","modified_gmt":"2025-06-11T12:04:05","slug":"braccio-openmanipulator-pro-rm-p60-rnh","status":"publish","type":"product","link":"https:\/\/store.todsystem.com\/fr\/produit-2\/braccio-openmanipulator-pro-rm-p60-rnh\/","title":{"rendered":"OpenMANIPULATOR-PRO RM-P60-RNH bras"},"content":{"rendered":"<div class=\"vgblk-rw-wrapper limit-wrapper\">\n<h2>Robotis OpenManipulator-PRO: prestazioni per la ricerca<\/h2>\n<p>Il braccio robotico\u00a0<a class=\"catalogue\" title=\"Composants Robotis\" href=\"https:\/\/www.generationrobots.com\/fr\/81_robotis\" rel=\"nofollow noopener\" target=\"_blank\">Robotis<\/a>\u00a0OpenManipulator-PRO \u00e8 innanzitutto un braccio robotico a 6 gradi di libert\u00e0, compatibile con ROS, con 3 articolazioni, ciascuna dotata di un servomotore\u00a0<a class=\"catalogue\" title=\"Servomoteurs Dynamixel Pro\" href=\"https:\/\/www.generationrobots.com\/fr\/216-servomoteurs-dynamixel-pro\" rel=\"nofollow noopener\" target=\"_blank\">Dynamixel Pro Plus<\/a>\u00a0ad alte prestazioni.<\/p>\n<p>Ciascuno di questi attuatori incorpora un motore a corrente continua, un servocontrollore, un driver, un sensore e un riduttore cicloidale.<\/p>\n<p>Il risultato: questo braccio robotico di ricerca pu\u00f2 muoversi il pi\u00f9 liberamente possibile e offre un controllo estremamente preciso della coppia, della posizione, della velocit\u00e0 e della corrente, grazie al feedback completo fornito da un encoder incrementale e assoluto, oltre che dal suo sensore.<\/p>\n<h2>Un ambiente di programmazione ideale per questo braccio robotico didattico<\/h2>\n<p>Il braccio ROBOTIS OpenManipulator-Pro \u00e8 ideale anche per l&#8217;insegnamento di competenze avanzate di programmazione.<\/p>\n<p>Il suo ambiente software consente di sperimentare un&#8217;ampia gamma di linguaggi: C++, Java, LabVIEW, C#, ecc.<\/p>\n<p>\u00c8 disponibile anche una libreria completa di codice open source in C.<\/p>\n<p>Le varie funzioni del braccio robotico lo rendono un eccellente ausilio didattico nelle scienze fisiche, nello studio della dinamica e della cinematica.<\/p>\n<p>\u00c8 disponibile una libreria di codice per la cinematica, con esempi di cinematica inversa e diretta.<\/p><\/div>\n<p><!-- .vgblk-rw-wrapper --><\/p>","protected":false},"excerpt":{"rendered":"<p>Il ROBOTIS OpenManipulator-PRO \u00e8 un braccio robotico a 6 assi, potente e preciso, progettato per offrire un controllo avanzato e personalizzabile. Grazie alla compatibilit\u00e0 con ROS, questo strumento \u00e8 ideale per applicazioni di ricerca e sviluppo.<\/p>\n<p>La sua struttura robusta e i servomotori di alta qualit\u00e0 garantiscono prestazioni eccezionali, mentre l&#8217;ambiente di programmazione intuitivo semplifica la creazione di sequenze di movimento complesse.<\/p>","protected":false},"featured_media":1012828,"template":"","meta":[],"pwb-brand":[],"product_brand":[],"product_cat":[622],"product_tag":[],"class_list":{"0":"post-1010808","1":"product","2":"type-product","3":"status-publish","4":"has-post-thumbnail","6":"product_cat-servomotori","8":"first","9":"instock","10":"shipping-taxable","11":"product-type-simple"},"brands":[],"_links":{"self":[{"href":"https:\/\/store.todsystem.com\/fr\/wp-json\/wp\/v2\/product\/1010808","targetHints":{"allow":["GET"]}}],"collection":[{"href":"https:\/\/store.todsystem.com\/fr\/wp-json\/wp\/v2\/product"}],"about":[{"href":"https:\/\/store.todsystem.com\/fr\/wp-json\/wp\/v2\/types\/product"}],"version-history":[{"count":4,"href":"https:\/\/store.todsystem.com\/fr\/wp-json\/wp\/v2\/product\/1010808\/revisions"}],"predecessor-version":[{"id":1013003,"href":"https:\/\/store.todsystem.com\/fr\/wp-json\/wp\/v2\/product\/1010808\/revisions\/1013003"}],"wp:featuredmedia":[{"embeddable":true,"href":"https:\/\/store.todsystem.com\/fr\/wp-json\/wp\/v2\/media\/1012828"}],"wp:attachment":[{"href":"https:\/\/store.todsystem.com\/fr\/wp-json\/wp\/v2\/media?parent=1010808"}],"wp:term":[{"taxonomy":"pwb-brand","embeddable":true,"href":"https:\/\/store.todsystem.com\/fr\/wp-json\/wp\/v2\/pwb-brand?post=1010808"},{"taxonomy":"product_brand","embeddable":true,"href":"https:\/\/store.todsystem.com\/fr\/wp-json\/wp\/v2\/product_brand?post=1010808"},{"taxonomy":"product_cat","embeddable":true,"href":"https:\/\/store.todsystem.com\/fr\/wp-json\/wp\/v2\/product_cat?post=1010808"},{"taxonomy":"product_tag","embeddable":true,"href":"https:\/\/store.todsystem.com\/fr\/wp-json\/wp\/v2\/product_tag?post=1010808"}],"curies":[{"name":"wp","href":"https:\/\/api.w.org\/{rel}","templated":true}]}}