{"id":1010777,"date":"2024-09-05T09:51:49","date_gmt":"2024-09-05T09:51:49","guid":{"rendered":"https:\/\/store.todsystem.com\/prodotto\/hn11-i101-set\/"},"modified":"2025-06-12T07:50:21","modified_gmt":"2025-06-12T07:50:21","slug":"hn11-i101-kit-parte-strutturale-per-dynamixel-xl-xc","status":"publish","type":"product","link":"https:\/\/store.todsystem.com\/fr\/produit-2\/hn11-i101-kit-parte-strutturale-per-dynamixel-xl-xc\/","title":{"rendered":"HN11-I101 - Kit de pi\u00e8ces structurelles pour Dynamixel XL\/XC"},"content":{"rendered":"<div class=\"vgblk-rw-wrapper limit-wrapper\">Set di Barra Distanziatrice e Cuscinetti HN11-I101 per Servomotori Dynamixel<\/p>\n<p>Il set di <a class=\"catalogue\" title=\"Set di Barra Distanziatrice e Cuscinetti HN11-I101\" href=\"https:\/\/www.generationrobots.com\/it\/355-dynamixel-serie-x\" rel=\"nofollow noopener\" target=\"_blank\">barra distanziatrice e cuscinetti HN11-I101<\/a> \u00e8 un accessorio indispensabile per il tuo servomotore della <a class=\"catalogue\" title=\"S\u00e9rie Dynamixel X\" href=\"https:\/\/www.generationrobots.com\/it\/355-dynamixel-serie-x\" rel=\"nofollow noopener\" target=\"_blank\">S\u00e9rie XL430<\/a>. Questo kit \u00e8 progettato per ottimizzare le prestazioni e l&#8217;installazione del tuo servomotore, permettendo di montare facilmente un telaio e gestire i cavi attraverso il foro posteriore dell&#8217;alloggiamento.<\/p>\n<p>Utilizzando i servomotori <a class=\"catalogue\" title=\"Servomoteurs dynamom\u00e9triques pour la robotique et l&#039;automatisation\" href=\"https:\/\/www.generationrobots.com\/it\/169-servomotori-dynamixel\" rel=\"nofollow noopener\" target=\"_blank\">Dynamixel<\/a>, potrai esplorare una gamma di possibilit\u00e0 innovative nel campo della progettazione e costruzione robotica!<\/p>\n<p>Specifiche Tecniche del Set HN11-I101<\/p>\n<p>&#8211; Compatibilit\u00e0: Progettato esclusivamente per servomotori della Serie XL430.<br \/>\n&#8211; Non compatibilit\u00e0**: Non adatto per servomotori Serie XM430 e XH430.<\/p>\n<p><strong>Il set include:<\/strong><\/p>\n<ul>\n<li>1 cuscinetto in plastica<\/li>\n<li>1 pignone HN11-I101<\/li>\n<li>1 tappo DC12 per il pignone<\/li>\n<li>18 vis M2*3<\/li>\n<\/ul>\n<p>Questo set \u00e8 perfetto per ingegneri e appassionati di robotica che cercano di potenziare il proprio servomotore con componenti di alta qualit\u00e0. Non perdere l&#8217;opportunit\u00e0 di migliorare il tuo progetto con questo kit efficiente e versatile!<\/p><\/div>\n<p><!-- .vgblk-rw-wrapper --><\/p>","protected":false},"excerpt":{"rendered":"<p>Le kit HN11-I101 offre une solution personnalisable pour les servomoteurs Dynamixel de la s\u00e9rie XL430.<\/p>\n<p>Gr\u00e2ce \u00e0 la barre d'\u00e9cartement et aux roulements inclus, vous pouvez adapter votre projet \u00e0 vos besoins sp\u00e9cifiques, en assurant un montage pr\u00e9cis et s\u00fbr.<\/p>","protected":false},"featured_media":1016197,"template":"","meta":[],"pwb-brand":[589],"product_brand":[],"product_cat":[661],"product_tag":[],"class_list":{"0":"post-1010777","1":"product","2":"type-product","3":"status-publish","4":"has-post-thumbnail","6":"pwb-brand-robotis","7":"product_cat-telai-modulari-e-profili","9":"first","10":"instock","11":"shipping-taxable","12":"product-type-simple"},"brands":[{"id":589,"name":"Robotis","slug":"robotise"}],"_links":{"self":[{"href":"https:\/\/store.todsystem.com\/fr\/wp-json\/wp\/v2\/product\/1010777","targetHints":{"allow":["GET"]}}],"collection":[{"href":"https:\/\/store.todsystem.com\/fr\/wp-json\/wp\/v2\/product"}],"about":[{"href":"https:\/\/store.todsystem.com\/fr\/wp-json\/wp\/v2\/types\/product"}],"version-history":[{"count":6,"href":"https:\/\/store.todsystem.com\/fr\/wp-json\/wp\/v2\/product\/1010777\/revisions"}],"predecessor-version":[{"id":1016195,"href":"https:\/\/store.todsystem.com\/fr\/wp-json\/wp\/v2\/product\/1010777\/revisions\/1016195"}],"wp:featuredmedia":[{"embeddable":true,"href":"https:\/\/store.todsystem.com\/fr\/wp-json\/wp\/v2\/media\/1016197"}],"wp:attachment":[{"href":"https:\/\/store.todsystem.com\/fr\/wp-json\/wp\/v2\/media?parent=1010777"}],"wp:term":[{"taxonomy":"pwb-brand","embeddable":true,"href":"https:\/\/store.todsystem.com\/fr\/wp-json\/wp\/v2\/pwb-brand?post=1010777"},{"taxonomy":"product_brand","embeddable":true,"href":"https:\/\/store.todsystem.com\/fr\/wp-json\/wp\/v2\/product_brand?post=1010777"},{"taxonomy":"product_cat","embeddable":true,"href":"https:\/\/store.todsystem.com\/fr\/wp-json\/wp\/v2\/product_cat?post=1010777"},{"taxonomy":"product_tag","embeddable":true,"href":"https:\/\/store.todsystem.com\/fr\/wp-json\/wp\/v2\/product_tag?post=1010777"}],"curies":[{"name":"wp","href":"https:\/\/api.w.org\/{rel}","templated":true}]}}