{"id":1010768,"date":"2024-09-05T09:51:47","date_gmt":"2024-09-05T09:51:47","guid":{"rendered":"https:\/\/store.todsystem.com\/prodotto\/x430-210-gear-bearing-set\/"},"modified":"2025-06-12T07:55:31","modified_gmt":"2025-06-12T07:55:31","slug":"kit-di-ingranaggi-per-servomotore-dynamixel-x430-rapporto-2101","status":"publish","type":"product","link":"https:\/\/store.todsystem.com\/fr\/produit-2\/kit-di-ingranaggi-per-servomotore-dynamixel-x430-rapporto-2101\/","title":{"rendered":"Kit d'engrenages pour servomoteur Dynamixel X430 - rapport 210:1"},"content":{"rendered":"<div class=\"vgblk-rw-wrapper limit-wrapper\">\n<h2>Set di Ruote Dentate per Servomotori Dynamixel XH430\/XM430 &#8211; Rapporto di Riduzione 210:1<\/h2>\n<p>Il nostro set di ruote dentate per servomotori Dynamixel XH430 e XM430 \u00e8 progettato per massimizzare la longevit\u00e0 e la performance dei tuoi progetti meccatronici. Ogni pignone \u00e8 realizzato con metallo rivestito, garantendo una resistenza superiore e una robustezza eccezionale degli ingranaggi. <\/p>\n<p>Questo kit completo include tutto il necessario per un&#8217;installazione semplice e rapida: **3 pignoni** con rapporto di riduzione di **210:1**, una **ruota dentata**, due **cuscinetti a sfera**, un **adattatore di calibrazione** e un **lubrificante** per ottimizzare il funzionamento e la precisione.<\/p>\n<h2>Specifiche Tecniche del Set di Pignoni per Servomotori Dynamixel XH430 \/ XM430<\/h2>\n<p>Il set \u00e8 composto da: <\/p>\n<ul>\n<li>1 Pignone X430 n\u00b01 (rapporto 210:1)<\/li>\n<li>1 Pignone X430 n\u00b02 (rapporto 210:1)<\/li>\n<li>1 Pignone X430 n\u00b03<\/li>\n<li>1 Ruota dentata X430<\/li>\n<li>1 Lubrificante<\/li>\n<li>2 Adattatori di calibrazione (per X430)<\/li>\n<li>Cuscinetti a sfera inclusi<\/li>\n<li>Compatibilit\u00e0 con servomotori:<br \/>\n        <a class=\"catalogue\" title=\"Servomoteur Dynamixel XH430-W210-R\" href=\"https:\/\/www.generationrobots.com\/it\/402541-servomotore-dynamixel-xh430-w210-r.html\" rel=\"nofollow noopener\" target=\"_blank\">XH430-W210-R<\/a>,<br \/>\n        <a class=\"catalogue\" title=\"Servomoteur Dynamixel XH430-W210-T\" href=\"https:\/\/www.generationrobots.com\/it\/402713-servomotore-dynamixel-xh430-w210-t.html\" rel=\"nofollow noopener\" target=\"_blank\">XH430-W210-T<\/a>,<br \/>\n        <a class=\"catalogue\" title=\"Servomoteur Dynamixel XH430-V210-R\" href=\"https:\/\/www.generationrobots.com\/it\/402719-servomotore-dynamixel-xh430-v210-r.html\" rel=\"nofollow noopener\" target=\"_blank\">XH430-V210-R<\/a>,<br \/>\n        <a class=\"catalogue\" title=\"Servomoteur Dynamixel XM430-W210-R\" href=\"https:\/\/www.generationrobots.com\/it\/402478-servomotore-dynamixel-xm430-w210-r.html\" rel=\"nofollow noopener\" target=\"_blank\">XM430-W210-R<\/a>,<br \/>\n        <a class=\"catalogue\" title=\"Servomoteur Dynamixel XM430-W210-T\" href=\"https:\/\/www.generationrobots.com\/it\/402709-servomotore-dynamixel-xm430-w210-t.html\" rel=\"nofollow noopener\" target=\"_blank\">XM430-W210-T<\/a><\/li>\n<\/ul>\n<\/div>\n<p><!-- .vgblk-rw-wrapper --><\/p>","protected":false},"excerpt":{"rendered":"<p>Kit d'engrenages de pr\u00e9cision 210:1, con\u00e7u sp\u00e9cifiquement pour les servomoteurs Dynamixel XH430 et XM430.<\/p>\n<p>Il offre un mouvement souple et contr\u00f4l\u00e9, id\u00e9al pour les applications n\u00e9cessitant un rapport de r\u00e9duction \u00e9lev\u00e9.<\/p>","protected":false},"featured_media":1012703,"template":"","meta":[],"pwb-brand":[],"product_brand":[],"product_cat":[669],"product_tag":[],"class_list":{"0":"post-1010768","1":"product","2":"type-product","3":"status-publish","4":"has-post-thumbnail","6":"product_cat-cavi-connettori-e-custodie","8":"first","9":"instock","10":"shipping-taxable","11":"product-type-simple"},"brands":[],"_links":{"self":[{"href":"https:\/\/store.todsystem.com\/fr\/wp-json\/wp\/v2\/product\/1010768","targetHints":{"allow":["GET"]}}],"collection":[{"href":"https:\/\/store.todsystem.com\/fr\/wp-json\/wp\/v2\/product"}],"about":[{"href":"https:\/\/store.todsystem.com\/fr\/wp-json\/wp\/v2\/types\/product"}],"version-history":[{"count":4,"href":"https:\/\/store.todsystem.com\/fr\/wp-json\/wp\/v2\/product\/1010768\/revisions"}],"predecessor-version":[{"id":1014941,"href":"https:\/\/store.todsystem.com\/fr\/wp-json\/wp\/v2\/product\/1010768\/revisions\/1014941"}],"wp:featuredmedia":[{"embeddable":true,"href":"https:\/\/store.todsystem.com\/fr\/wp-json\/wp\/v2\/media\/1012703"}],"wp:attachment":[{"href":"https:\/\/store.todsystem.com\/fr\/wp-json\/wp\/v2\/media?parent=1010768"}],"wp:term":[{"taxonomy":"pwb-brand","embeddable":true,"href":"https:\/\/store.todsystem.com\/fr\/wp-json\/wp\/v2\/pwb-brand?post=1010768"},{"taxonomy":"product_brand","embeddable":true,"href":"https:\/\/store.todsystem.com\/fr\/wp-json\/wp\/v2\/product_brand?post=1010768"},{"taxonomy":"product_cat","embeddable":true,"href":"https:\/\/store.todsystem.com\/fr\/wp-json\/wp\/v2\/product_cat?post=1010768"},{"taxonomy":"product_tag","embeddable":true,"href":"https:\/\/store.todsystem.com\/fr\/wp-json\/wp\/v2\/product_tag?post=1010768"}],"curies":[{"name":"wp","href":"https:\/\/api.w.org\/{rel}","templated":true}]}}