{"id":1010752,"date":"2024-09-05T09:51:47","date_gmt":"2024-09-05T09:51:47","guid":{"rendered":"https:\/\/store.todsystem.com\/prodotto\/robot-cable-3p-xl-160mm-5pcs\/"},"modified":"2025-06-12T07:55:30","modified_gmt":"2025-06-12T07:55:30","slug":"cavo-5-x-3-pin-per-servomotori-xl-320-160-mm","status":"publish","type":"product","link":"https:\/\/store.todsystem.com\/fr\/produit-2\/cavo-5-x-3-pin-per-servomotori-xl-320-160-mm\/","title":{"rendered":"C\u00e2ble 5 x 3 broches pour servomoteurs XL-320 - 160 mm"},"content":{"rendered":"<div class=\"vgblk-rw-wrapper limit-wrapper\">\n<h2>Cavi 3P 160 mm per Servomotori XL: Collega i Tuoi Servomotori in Modo Sicuro e Rapido<\/h2>\n<p>Scopri la confezione da 5 <strong>cavi 3P di 160 mm<\/strong> 903-0226-000, progettati per offrire una connessione ideale per qualsiasi robot dotato di servomotori <strong>XL-320<\/strong>. Ogni cavo \u00e8 caratterizzato da un&#8217;elevata flessibilit\u00e0 e da guaine in plastica robuste che garantiscono resistenza e sicurezza anche nelle condizioni pi\u00f9 impegnative.<\/p>\n<h2>Cavi 3P da 160 mm per Servomotori XL: Accessori Indispensabili per i Tuoi Progetti Robotici<\/h2>\n<p>Nell&#8217;ambito della costruzione del tuo robot mobile o nella sostituzione di uno dei <a class=\"catalogue\" title=\"Robotis-Mini, robot humano\u00efde programmable\" href=\"https:\/\/www.generationrobots.com\/it\/401754-robot-umanoide-programmabile-robotis-mini.html\" rel=\"nofollow noopener\" target=\"_blank\">servomotori del robot umanoide Darwin-Mini<\/a>, la scelta del <a class=\"catalogue\" title=\"Servomoteur Dynamixel XL-320\" href=\"https:\/\/www.generationrobots.com\/it\/401692-servomotore-dynamixel-xl-320.html\" rel=\"nofollow noopener\" target=\"_blank\">Servomoteur Dynamixel XL-320<\/a> \u00e8 fondamentale. Questo servomotore, nonostante le sue dimensioni compatte, offre prestazioni straordinarie che possono essere potenziate ulteriormente grazie ai <strong>cavi XL-320<\/strong>.<\/p>\n<p>I cavi da 160 mm sono specificamente progettati per alimentare i <strong>Servomoteurs Dynamixel<\/strong> e sono perfettamente compatibili con i <a class=\"catalogue\" title=\"Contr\u00f4leur Dynamixel\" href=\"https:\/\/www.generationrobots.com\/it\/267-controllori-dynamixel\" rel=\"nofollow noopener\" target=\"_blank\">controller OpenCM9.04-B e OpenCM9.04-C<\/a>. Grazie a queste connessioni, garantisci un funzionamento ottimale del tuo robot e massimizzi l&#8217;efficienza dei tuoi progetti.<\/p>\n<p>Si segnala che questi cavi 3P non sono compatibili con altri modelli della gamma Dynamixel, n\u00e9 con i tradizionali cavi utilizzati per servomotori come il <strong>MX-28T<\/strong> o <strong>MX-64T<\/strong>.<\/p>\n<\/div>\n<p><!-- .vgblk-rw-wrapper --><\/p>","protected":false},"excerpt":{"rendered":"<p>Ce jeu de 5 c\u00e2bles, avec un connecteur \u00e0 3 broches sp\u00e9cialement con\u00e7u pour la s\u00e9rie XL, est le choix id\u00e9al pour ceux qui recherchent une solution...<\/p>\n<p>fiable et durable.<\/p>\n<p>Les mat\u00e9riaux de haute qualit\u00e9 utilis\u00e9s garantissent une transmission stable du signal et une longue dur\u00e9e de vie.<\/p>\n<p>Id\u00e9al pour les applications robotiques n\u00e9cessitant pr\u00e9cision et fiabilit\u00e9.<\/p>","protected":false},"featured_media":1012396,"template":"","meta":[],"pwb-brand":[],"product_brand":[],"product_cat":[669],"product_tag":[],"class_list":{"0":"post-1010752","1":"product","2":"type-product","3":"status-publish","4":"has-post-thumbnail","6":"product_cat-cavi-connettori-e-custodie","8":"first","9":"instock","10":"shipping-taxable","11":"product-type-simple"},"brands":[],"_links":{"self":[{"href":"https:\/\/store.todsystem.com\/fr\/wp-json\/wp\/v2\/product\/1010752","targetHints":{"allow":["GET"]}}],"collection":[{"href":"https:\/\/store.todsystem.com\/fr\/wp-json\/wp\/v2\/product"}],"about":[{"href":"https:\/\/store.todsystem.com\/fr\/wp-json\/wp\/v2\/types\/product"}],"version-history":[{"count":6,"href":"https:\/\/store.todsystem.com\/fr\/wp-json\/wp\/v2\/product\/1010752\/revisions"}],"predecessor-version":[{"id":1014925,"href":"https:\/\/store.todsystem.com\/fr\/wp-json\/wp\/v2\/product\/1010752\/revisions\/1014925"}],"wp:featuredmedia":[{"embeddable":true,"href":"https:\/\/store.todsystem.com\/fr\/wp-json\/wp\/v2\/media\/1012396"}],"wp:attachment":[{"href":"https:\/\/store.todsystem.com\/fr\/wp-json\/wp\/v2\/media?parent=1010752"}],"wp:term":[{"taxonomy":"pwb-brand","embeddable":true,"href":"https:\/\/store.todsystem.com\/fr\/wp-json\/wp\/v2\/pwb-brand?post=1010752"},{"taxonomy":"product_brand","embeddable":true,"href":"https:\/\/store.todsystem.com\/fr\/wp-json\/wp\/v2\/product_brand?post=1010752"},{"taxonomy":"product_cat","embeddable":true,"href":"https:\/\/store.todsystem.com\/fr\/wp-json\/wp\/v2\/product_cat?post=1010752"},{"taxonomy":"product_tag","embeddable":true,"href":"https:\/\/store.todsystem.com\/fr\/wp-json\/wp\/v2\/product_tag?post=1010752"}],"curies":[{"name":"wp","href":"https:\/\/api.w.org\/{rel}","templated":true}]}}