{"id":1010739,"date":"2024-09-05T09:51:45","date_gmt":"2024-09-05T09:51:45","guid":{"rendered":"https:\/\/store.todsystem.com\/prodotto\/s2-bolt-phs-m28-50-pcs\/"},"modified":"2025-06-12T07:55:31","modified_gmt":"2025-06-12T07:55:31","slug":"confezione-da-50-viti-s2-bolt-phs-m28-per-servomotori-dynamixel","status":"publish","type":"product","link":"https:\/\/store.todsystem.com\/fr\/produit-2\/confezione-da-50-viti-s2-bolt-phs-m28-per-servomotori-dynamixel\/","title":{"rendered":"Lot de 50 vis S2 Bolt PHS M2*8 pour servomoteurs Dynamixel"},"content":{"rendered":"<div class=\"vgblk-rw-wrapper limit-wrapper\">\n<h2>Confezione da 50 viti S2 Bolt PHS M2*8 per Servomotori Dynamixel: Fissaggio Sicuro e Affidabile<\/h2>\n<p>Le <strong>viti S2 Bolt PHS M2*8<\/strong> sono ideali per garantire un fissaggio robusto e duraturo dei tuoi <a class=\"catalogue\" title=\"Servomoteurs dynamom\u00e9triques pour la robotique et l&#039;automatisation\" href=\"https:\/\/www.generationrobots.com\/it\/169-servomotori-dynamixel\" rel=\"nofollow noopener\" target=\"_blank\">Servomoteurs Dynamixel<\/a>. Con questa confezione da 50 viti, avrai a disposizione ci\u00f2 che ti serve per montare in modo sicuro i tuoi componenti robotic!<\/p>\n<p><p>Realizzate in metallo di alta qualit\u00e0, queste viti sono progettate per resistere a numerosi montaggi e smontaggi, garantendo una presa eccellente e una lunga durata nel tempo. Sei preoccupato di garantire la massima stabilit\u00e0 ai tuoi progetti? Puoi anche utilizzare una colla speciale per rinforzare il fissaggio, prolungando cos\u00ec la vita delle tue creazioni robotiche!<\/p>\n<p>Con la confezione da 50 viti, avrai pi\u00f9 che a sufficienza per tutti i servomotori necessari per i tuoi entusiasmanti progetti nel mondo della robotica!<\/p>\n<h2>Dettagli della Confezione da 50 Viti S2 Bolt PHS M2*8<\/h2>\n<h2>Compatibilit\u00e0 dei Prodotti<\/h2>\n<p>Queste viti sono specificamente progettate per il montaggio dei <a class=\"catalogue\" title=\"Servomoteurs Dynamixel de la s\u00e9rie AX\" href=\"https:\/\/www.generationrobots.com\/it\/255-dynamixel-serie-ax\" rel=\"nofollow noopener\" target=\"_blank\">Servomoteurs Dynamixel de la s\u00e9rie AX<\/a>. Sono particolarmente adatte per l&#8217;installazione dei modelli <a class=\"catalogue\" title=\"Servomoteur Dynamixel AX-12A\" href=\"https:\/\/www.generationrobots.com\/it\/401075-servomotore-dynamixel-ax-12-a-robotis.html\" rel=\"nofollow noopener\" target=\"_blank\">AX-12<\/a> e <a class=\"catalogue\" title=\"Servomoteur Dynamixel AX-18A\" href=\"https:\/\/www.generationrobots.com\/it\/401076-servomotore-dynamixel-ax-18-a-robotis.html\" rel=\"nofollow noopener\" target=\"_blank\">AX-18<\/a>, ideali per l&#8217;uso con <a class=\"catalogue\" title=\"Kit p\u00e9dagogique Robotis\" href=\"https:\/\/www.generationrobots.com\/it\/168-kit-robotis\" rel=\"nofollow noopener\" target=\"_blank\">Kits robotiques Bioloid<\/a>.<\/p>\n<\/div>\n<p><!-- .vgblk-rw-wrapper --><\/p>","protected":false},"excerpt":{"rendered":"<p>Ce paquet de 50 pi\u00e8ces est compatible avec les servomoteurs Dynamixel et offre un raccord filet\u00e9 s\u00fbr et r\u00e9sistant \u00e0 la torsion.<\/p>","protected":false},"featured_media":1012604,"template":"","meta":[],"pwb-brand":[],"product_brand":[],"product_cat":[669],"product_tag":[],"class_list":{"0":"post-1010739","1":"product","2":"type-product","3":"status-publish","4":"has-post-thumbnail","6":"product_cat-cavi-connettori-e-custodie","8":"first","9":"instock","10":"shipping-taxable","11":"product-type-simple"},"brands":[],"_links":{"self":[{"href":"https:\/\/store.todsystem.com\/fr\/wp-json\/wp\/v2\/product\/1010739","targetHints":{"allow":["GET"]}}],"collection":[{"href":"https:\/\/store.todsystem.com\/fr\/wp-json\/wp\/v2\/product"}],"about":[{"href":"https:\/\/store.todsystem.com\/fr\/wp-json\/wp\/v2\/types\/product"}],"version-history":[{"count":6,"href":"https:\/\/store.todsystem.com\/fr\/wp-json\/wp\/v2\/product\/1010739\/revisions"}],"predecessor-version":[{"id":1014956,"href":"https:\/\/store.todsystem.com\/fr\/wp-json\/wp\/v2\/product\/1010739\/revisions\/1014956"}],"wp:featuredmedia":[{"embeddable":true,"href":"https:\/\/store.todsystem.com\/fr\/wp-json\/wp\/v2\/media\/1012604"}],"wp:attachment":[{"href":"https:\/\/store.todsystem.com\/fr\/wp-json\/wp\/v2\/media?parent=1010739"}],"wp:term":[{"taxonomy":"pwb-brand","embeddable":true,"href":"https:\/\/store.todsystem.com\/fr\/wp-json\/wp\/v2\/pwb-brand?post=1010739"},{"taxonomy":"product_brand","embeddable":true,"href":"https:\/\/store.todsystem.com\/fr\/wp-json\/wp\/v2\/product_brand?post=1010739"},{"taxonomy":"product_cat","embeddable":true,"href":"https:\/\/store.todsystem.com\/fr\/wp-json\/wp\/v2\/product_cat?post=1010739"},{"taxonomy":"product_tag","embeddable":true,"href":"https:\/\/store.todsystem.com\/fr\/wp-json\/wp\/v2\/product_tag?post=1010739"}],"curies":[{"name":"wp","href":"https:\/\/api.w.org\/{rel}","templated":true}]}}