{"id":1010732,"date":"2024-09-05T09:51:45","date_gmt":"2024-09-05T09:51:45","guid":{"rendered":"https:\/\/store.todsystem.com\/prodotto\/mx-28-gear-bearing-set\/"},"modified":"2025-06-12T07:55:32","modified_gmt":"2025-06-12T07:55:32","slug":"kit-di-ingranaggi-per-servomotore-dynamixel-mx-28","status":"publish","type":"product","link":"https:\/\/store.todsystem.com\/fr\/produit-2\/kit-di-ingranaggi-per-servomotore-dynamixel-mx-28\/","title":{"rendered":"Kit d'engrenages pour servomoteur Dynamixel MX-28"},"content":{"rendered":"<div class=\"vgblk-rw-wrapper limit-wrapper\">\n<h2>Ingranaggi di Ricambio per Servomotore Dynamixel MX-28: Affidabilit\u00e0 e Durata Garantita<\/h2>\n<p>Cerchi ingranaggi per il tuo servomotore <a class=\"catalogue\" title=\"Servomoteur Dynamixel MX-28R\" href=\"https:\/\/www.generationrobots.com\/it\/401088-servomotore-dynamixel-mx-28r-robotis.html\" rel=\"nofollow noopener\" target=\"_blank\">Dynamixel MX-28R<\/a> o <a class=\"catalogue\" title=\"Servomoteur Dynamixel MX-28AT\" href=\"https:\/\/www.generationrobots.com\/it\/401858-servomotore-dynamixel-mx-28at.html\" rel=\"nofollow noopener\" target=\"_blank\">MX-28T<\/a>? Questo set di ingranaggi \u00e8 progettato per offrirti massima robustezza e lunga durata, perfetto per il tuo progetto robotico.<\/p>\n<p>Realizzati con metalli speciali che minimizzano l\u2019abrasione, questi ingranaggi garantiscono prestazioni elevate nel tempo. Il set include anche un magnete per l&#8217;ingranaggio della ruota e due cuscinetti specifici per migliorare ulteriormente le prestazioni del tuo servomotore.<\/p>\n<p>I servomotori della serie <strong>Dynamixel MX<\/strong> adottano un avanzato sistema di sensori di posizione senza contatto (NCS), che richiede ricalibratura ad ogni sostituzione di componenti. Fortunatamente, puoi utilizzare <strong>Dynamixel Wizard<\/strong> per una facile autocalibrazione.<\/p>\n<h2>Compatibilit\u00e0 Ottimale degli Ingranaggi per Servomotori Dynamixel MX-28<\/h2>\n<p>Questi ingranaggi di ricambio sono stati progettati specificamente per i servomotori <strong>Dynamixel MX-28<\/strong>, noti per la loro alta precisione e per le numerose funzioni, come impiegati nel robot mobile <strong>DARwIn-OP<\/strong>.<\/p>\n<p>Si prega di notare che questo set di ingranaggi non \u00e8 compatibile con i modelli DX-117, RX-10, RX-24F e RX-28. Assicurati che il tuo servomotore appartenga alla serie MX-28 prima di effettuare l&#8217;acquisto.<\/p>\n<p>Il set di ingranaggi di ricambio include:<\/p>\n<ul>\n<li>4 ingranaggi di tipo 1<\/li>\n<li>1 ingranaggio per ruota<\/li>\n<li>1 lubrificante per massimizzare l\u2019efficienza<\/li>\n<li>2 strumenti di calibrazione<\/li>\n<li>Cuscinetti specifici per ruota<\/li>\n<li>Compatibilit\u00e0 garantita per MX-28<\/li>\n<li>Non compatibile con DX-117, RX-10, RX-24F e RX-28<\/li>\n<\/ul>\n<\/div>\n<p><!-- .vgblk-rw-wrapper --><\/p>","protected":false},"excerpt":{"rendered":"<p>Remplacez les engrenages us\u00e9s de vos servomoteurs Dynamixel MX-28R ou MX-28T avec cet ensemble de pr\u00e9cision ROBOTIS.<\/p>\n<p>Con\u00e7us pour s'adapter parfaitement et assurer un mouvement fluide et pr\u00e9cis, ces engrenages sont la solution id\u00e9ale pour am\u00e9liorer la robustesse de votre robot.<\/p>","protected":false},"featured_media":1012588,"template":"","meta":[],"pwb-brand":[],"product_brand":[],"product_cat":[669],"product_tag":[],"class_list":{"0":"post-1010732","1":"product","2":"type-product","3":"status-publish","4":"has-post-thumbnail","6":"product_cat-cavi-connettori-e-custodie","8":"first","9":"instock","10":"shipping-taxable","11":"product-type-simple"},"brands":[],"_links":{"self":[{"href":"https:\/\/store.todsystem.com\/fr\/wp-json\/wp\/v2\/product\/1010732","targetHints":{"allow":["GET"]}}],"collection":[{"href":"https:\/\/store.todsystem.com\/fr\/wp-json\/wp\/v2\/product"}],"about":[{"href":"https:\/\/store.todsystem.com\/fr\/wp-json\/wp\/v2\/types\/product"}],"version-history":[{"count":5,"href":"https:\/\/store.todsystem.com\/fr\/wp-json\/wp\/v2\/product\/1010732\/revisions"}],"predecessor-version":[{"id":1014952,"href":"https:\/\/store.todsystem.com\/fr\/wp-json\/wp\/v2\/product\/1010732\/revisions\/1014952"}],"wp:featuredmedia":[{"embeddable":true,"href":"https:\/\/store.todsystem.com\/fr\/wp-json\/wp\/v2\/media\/1012588"}],"wp:attachment":[{"href":"https:\/\/store.todsystem.com\/fr\/wp-json\/wp\/v2\/media?parent=1010732"}],"wp:term":[{"taxonomy":"pwb-brand","embeddable":true,"href":"https:\/\/store.todsystem.com\/fr\/wp-json\/wp\/v2\/pwb-brand?post=1010732"},{"taxonomy":"product_brand","embeddable":true,"href":"https:\/\/store.todsystem.com\/fr\/wp-json\/wp\/v2\/product_brand?post=1010732"},{"taxonomy":"product_cat","embeddable":true,"href":"https:\/\/store.todsystem.com\/fr\/wp-json\/wp\/v2\/product_cat?post=1010732"},{"taxonomy":"product_tag","embeddable":true,"href":"https:\/\/store.todsystem.com\/fr\/wp-json\/wp\/v2\/product_tag?post=1010732"}],"curies":[{"name":"wp","href":"https:\/\/api.w.org\/{rel}","templated":true}]}}