{"id":1010702,"date":"2024-09-05T09:51:43","date_gmt":"2024-09-05T09:51:43","guid":{"rendered":"https:\/\/store.todsystem.com\/prodotto\/fr07-h101k-set\/"},"modified":"2025-06-12T07:50:25","modified_gmt":"2025-06-12T07:50:25","slug":"fr07-h101k-parte-strutturale-e-barra-di-diffusione-per-dynamixel-mx28","status":"publish","type":"product","link":"https:\/\/store.todsystem.com\/fr\/produit-2\/fr07-h101k-parte-strutturale-e-barra-di-diffusione-per-dynamixel-mx28\/","title":{"rendered":"FR07-H101K - Pi\u00e8ce structurelle et barre d'\u00e9cartement pour Dynamixel MX28"},"content":{"rendered":"<div class=\"vgblk-rw-wrapper limit-wrapper\">\n<div class=\"product-description\">\n<h2>Kit di Componenti Strutturali per Attuatori Dynamixel<\/h2>\n<p>Scopri il nostro <strong>kit di componenti strutturali<\/strong> progettato per garantire compatibilit\u00e0 e performance ottimali con i servomotori <a class=\"catalogue\" title=\"Servomoteur Dynamixel RX-24F\" href=\"https:\/\/www.generationrobots.com\/it\/400917-fr07-h101k-parte-strutturale-per-dynamixel-mx28.html\" target=\"_self\" rel=\"noreferrer noopener nofollow\">Dynamixel RX-24F<\/a>, <a class=\"catalogue\" title=\"Servomoteur Dynamixel RX-28\" href=\"https:\/\/www.generationrobots.com\/it\/400917-fr07-h101k-parte-strutturale-per-dynamixel-mx28.html\" target=\"_self\" rel=\"noreferrer noopener nofollow\">Dynamixel RX-28<\/a> e <a class=\"catalogue\" title=\"Servomoteur Dynamixel MX-28R\" href=\"https:\/\/www.generationrobots.com\/it\/401088-servomotore-dynamixel-mx-28r-robotis.html\" target=\"_self\" rel=\"noreferrer noopener nofollow\">Dynamixel MX-28<\/a>. Questo kit \u00e8 perfetto per tutti gli appassionati di robotica che cercano una soluzione robusta e versatile.<\/p>\n<h3>Contenuto del Kit<\/h3>\n<ul>\n<li>1 x telaio FR07-H101K (nero) &#8211; costruttore resistente e durevole per una stabilit\u00e0 superiore<\/li>\n<li>1 x barra distanziatrice HN07-I101 &#8211; facilita la configurazione e l&#8217;assemblaggio dei componenti<\/li>\n<li>1 cuscinetto MF106ZZ (con cappuccio) &#8211; per movimenti fluidi e senza attriti nel tuo progetto<\/li>\n<li>4 x dadi M2,5*6 &#8211; ideali per fissare saldamente i vari elementi<\/li>\n<li>1 x dado M2,5*8 &#8211; per un&#8217;ulteriore opzione di fissaggio<\/li>\n<li>10 dadi M2*3 &#8211; forniti in abbondanza per assicurarti di avere tutto il necessario per il montaggio<\/li>\n<\/ul>\n<p>Che tu stia costruendo un robot innovativo o stia aggiornando un progetto esistente, questo <strong>kit di componenti strutturali<\/strong> \u00e8 la scelta ideale per migliorare la tua esperienza di assemblaggio. Non perdere l&#8217;occasione di portare il tuo progetto robotico al livello successivo!<\/p>\n<\/div>\n<p><meta name=\"description\" content=\"Acquista il nostro kit di componenti strutturali per servomotori Dynamixel RX-24F, RX-28 e MX-28. Contiene telaio, barre distanziatrici e accessori per robotica. Migliora le tue costruzioni oggi stesso!\"><\/div>\n<p><!-- .vgblk-rw-wrapper --><\/p>","protected":false},"excerpt":{"rendered":"<p>Composants personnalis\u00e9s pour les servomoteurs Dynamixel : cadres personnalis\u00e9s, roulements de pr\u00e9cision et diffuseurs optimis\u00e9s pour une performance et une durabilit\u00e9 \u00e9lev\u00e9es.<\/p>","protected":false},"featured_media":1012465,"template":"","meta":[],"pwb-brand":[],"product_brand":[],"product_cat":[661],"product_tag":[],"class_list":{"0":"post-1010702","1":"product","2":"type-product","3":"status-publish","4":"has-post-thumbnail","6":"product_cat-telai-modulari-e-profili","8":"first","9":"instock","10":"shipping-taxable","11":"product-type-simple"},"brands":[],"_links":{"self":[{"href":"https:\/\/store.todsystem.com\/fr\/wp-json\/wp\/v2\/product\/1010702","targetHints":{"allow":["GET"]}}],"collection":[{"href":"https:\/\/store.todsystem.com\/fr\/wp-json\/wp\/v2\/product"}],"about":[{"href":"https:\/\/store.todsystem.com\/fr\/wp-json\/wp\/v2\/types\/product"}],"version-history":[{"count":5,"href":"https:\/\/store.todsystem.com\/fr\/wp-json\/wp\/v2\/product\/1010702\/revisions"}],"predecessor-version":[{"id":1014972,"href":"https:\/\/store.todsystem.com\/fr\/wp-json\/wp\/v2\/product\/1010702\/revisions\/1014972"}],"wp:featuredmedia":[{"embeddable":true,"href":"https:\/\/store.todsystem.com\/fr\/wp-json\/wp\/v2\/media\/1012465"}],"wp:attachment":[{"href":"https:\/\/store.todsystem.com\/fr\/wp-json\/wp\/v2\/media?parent=1010702"}],"wp:term":[{"taxonomy":"pwb-brand","embeddable":true,"href":"https:\/\/store.todsystem.com\/fr\/wp-json\/wp\/v2\/pwb-brand?post=1010702"},{"taxonomy":"product_brand","embeddable":true,"href":"https:\/\/store.todsystem.com\/fr\/wp-json\/wp\/v2\/product_brand?post=1010702"},{"taxonomy":"product_cat","embeddable":true,"href":"https:\/\/store.todsystem.com\/fr\/wp-json\/wp\/v2\/product_cat?post=1010702"},{"taxonomy":"product_tag","embeddable":true,"href":"https:\/\/store.todsystem.com\/fr\/wp-json\/wp\/v2\/product_tag?post=1010702"}],"curies":[{"name":"wp","href":"https:\/\/api.w.org\/{rel}","templated":true}]}}