{"id":1010694,"date":"2024-09-05T09:51:43","date_gmt":"2024-09-05T09:51:43","guid":{"rendered":"https:\/\/store.todsystem.com\/prodotto\/fr05-s101-set\/"},"modified":"2025-06-12T07:50:24","modified_gmt":"2025-06-12T07:50:24","slug":"fr05-s101-parte-strutturale-per-dynamixel-mx64-106","status":"publish","type":"product","link":"https:\/\/store.todsystem.com\/fr\/produit-2\/fr05-s101-parte-strutturale-per-dynamixel-mx64-106\/","title":{"rendered":"FR05-S101 - pi\u00e8ce structurelle pour Dynamixel MX64\/106"},"content":{"rendered":"<div class=\"vgblk-rw-wrapper limit-wrapper\">\n<h2>Piastra di Montaggio Argentata per Servomotori Intelligenti Dynamixel<\/h2>\n<p>Scopri la <strong>piastra di montaggio argentata<\/strong> progettata specificamente per i servomotori intelligenti <a class=\"catalogue\" title=\"Dynamixel\" href=\"https:\/\/www.generationrobots.com\" target=\"_self\" rel=\"noreferrer noopener nofollow\">Dynamixel<\/a>. Questa piastra offre una compatibilit\u00e0 eccellente con vari modelli, garantendo un&#8217;ottima stabilit\u00e0 e supporto per il tuo progetto robotico.<\/p>\n<h3>Compatibilit\u00e0 con Servomotori:<\/h3>\n<p>La piastra \u00e8 compatibile con i seguenti servomotori Dynamixel:<\/p>\n<ul>\n<li><a class=\"catalogue\" title=\"Servomoteur Dynamixel RX-64\" href=\"https:\/\/www.generationrobots.com\/it\/400902-fr05-s101-parte-strutturale-per-dynamixel-mx64-106.html\" target=\"_self\" rel=\"noreferrer noopener nofollow\">Servomoteur Dynamixel RX-64 (type N101)<\/a><\/li>\n<li><a class=\"catalogue\" title=\"Servo-moteur Dynamixel EX-106\" href=\"https:\/\/www.generationrobots.com\/it\/400902-fr05-s101-parte-strutturale-per-dynamixel-mx64-106.html\" target=\"_self\" rel=\"noreferrer noopener nofollow\">Servo-moteur Dynamixel EX-106<\/a><\/li>\n<li><a class=\"catalogue\" title=\"Servomoteur Dynamixel MX-64\" href=\"https:\/\/www.generationrobots.com\/it\/401082-servomotore-dynamixel-mx-64t-robotis.html\" target=\"_self\" rel=\"noreferrer noopener nofollow\">Servomoteur Dynamixel MX-64<\/a><\/li>\n<li><a class=\"catalogue\" title=\"Servomoteur Dynamixel MX-106\" href=\"https:\/\/www.generationrobots.com\/it\/401078-servomotore-dynamixel-mx-106r.html\" target=\"_self\" rel=\"noreferrer noopener nofollow\">Servomoteur Dynamixel MX-106<\/a><\/li>\n<\/ul>\n<h3>Contenuto del Kit:<\/h3>\n<p>Il kit della piastra di montaggio include i seguenti articoli, pronti per un&#8217;installazione rapida e semplice:<\/p>\n<ul>\n<li><strong>Piastra argentata FR05-S101<\/strong><\/li>\n<li>8 \u00e9crous M2.5*6<\/li>\n<li>4 boulons M2,5<\/li>\n<\/ul>\n<p>Ottimizza le performance dei tuoi servomotori Dynamixel e fai crescere le tue capacit\u00e0 robotiche con questa piastra di montaggio essenziale! Non perdere l&#8217;opportunit\u00e0 di fornire il miglior supporto per i tuoi progetti innovativi.<\/p>\n<p><meta name=\"description\" content=\"Scopri la piastra di montaggio argentata per servomotori Dynamixel, compatibile con RX-64, EX-106+, MX-64 e MX-106. Incluso: piastra FR05-S101, dadi e bulloni per un'installazione rapida!\" \/><\/div>\n<p><!-- .vgblk-rw-wrapper --><\/p>","protected":false},"excerpt":{"rendered":"<p>Cette plaque de montage est con\u00e7ue pour s'adapter \u00e0 une large gamme de mod\u00e8les Dynamixel, y compris RX-64, EX-106+, MX-64 et EX-106+.<\/p>\n<p>MX-106.  L'installation est rapide et facile, gr\u00e2ce \u00e0 la conception intuitive et aux connexions pr\u00e9-perc\u00e9es.<\/p>","protected":false},"featured_media":1012468,"template":"","meta":[],"pwb-brand":[],"product_brand":[],"product_cat":[661],"product_tag":[],"class_list":{"0":"post-1010694","1":"product","2":"type-product","3":"status-publish","4":"has-post-thumbnail","6":"product_cat-telai-modulari-e-profili","8":"first","9":"instock","10":"shipping-taxable","11":"product-type-simple"},"brands":[],"_links":{"self":[{"href":"https:\/\/store.todsystem.com\/fr\/wp-json\/wp\/v2\/product\/1010694","targetHints":{"allow":["GET"]}}],"collection":[{"href":"https:\/\/store.todsystem.com\/fr\/wp-json\/wp\/v2\/product"}],"about":[{"href":"https:\/\/store.todsystem.com\/fr\/wp-json\/wp\/v2\/types\/product"}],"version-history":[{"count":5,"href":"https:\/\/store.todsystem.com\/fr\/wp-json\/wp\/v2\/product\/1010694\/revisions"}],"predecessor-version":[{"id":1014966,"href":"https:\/\/store.todsystem.com\/fr\/wp-json\/wp\/v2\/product\/1010694\/revisions\/1014966"}],"wp:featuredmedia":[{"embeddable":true,"href":"https:\/\/store.todsystem.com\/fr\/wp-json\/wp\/v2\/media\/1012468"}],"wp:attachment":[{"href":"https:\/\/store.todsystem.com\/fr\/wp-json\/wp\/v2\/media?parent=1010694"}],"wp:term":[{"taxonomy":"pwb-brand","embeddable":true,"href":"https:\/\/store.todsystem.com\/fr\/wp-json\/wp\/v2\/pwb-brand?post=1010694"},{"taxonomy":"product_brand","embeddable":true,"href":"https:\/\/store.todsystem.com\/fr\/wp-json\/wp\/v2\/product_brand?post=1010694"},{"taxonomy":"product_cat","embeddable":true,"href":"https:\/\/store.todsystem.com\/fr\/wp-json\/wp\/v2\/product_cat?post=1010694"},{"taxonomy":"product_tag","embeddable":true,"href":"https:\/\/store.todsystem.com\/fr\/wp-json\/wp\/v2\/product_tag?post=1010694"}],"curies":[{"name":"wp","href":"https:\/\/api.w.org\/{rel}","templated":true}]}}