{"id":1010682,"date":"2024-09-05T09:51:41","date_gmt":"2024-09-05T09:51:41","guid":{"rendered":"https:\/\/store.todsystem.com\/prodotto\/robot-cable-4p-200mm-10pcs\/"},"modified":"2025-06-12T10:12:34","modified_gmt":"2025-06-12T10:12:34","slug":"10-cavi-a-4-pin-per-dynamixel-serie-mx-rs-485-200-mm","status":"publish","type":"product","link":"https:\/\/store.todsystem.com\/fr\/produit-2\/10-cavi-a-4-pin-per-dynamixel-serie-mx-rs-485-200-mm\/","title":{"rendered":"10 c\u00e2bles \u00e0 4 broches pour Dynamixel s\u00e9rie MX (RS-485) - 200 mm"},"content":{"rendered":"<div class=\"vgblk-rw-wrapper limit-wrapper\">\n<h2>Set di 10 Cavi per Servomotori Dynamixel \u2013 Ideale per RX, DX ed EX<\/h2>\n<p>Potenzia la tua esperienza robotica con il nostro <strong>set di 10 cavi per servomotori Dynamixel<\/strong>. Progettati per garantire una connessione sicura e affidabile, questi cavi da 200 mm sono compatibili con numerosi modelli di servomotori, tra cui le serie RX, DX ed EX. Un&#8217;aggiunta essenziale per i tuoi progetti di robotica, questi cavi offrono flessibilit\u00e0 e prestazioni elevate.<\/p>\n<h3>Compatibilit\u00e0 con i Servomotori Dynamixel<\/h3>\n<p>I nostri cavi sono perfetti per i seguenti servomotori:<\/p>\n<ul>\n<li>Servomoteur Dynamixel RX-24F<\/li>\n<li>Servomoteur Dynamixel RX-28<\/li>\n<li>Servomoteur Dynamixel RX-64<\/li>\n<li>Servo-moteur Dynamixel EX-106<\/li>\n<li><a class=\"catalogue\" title=\"Servomoteur Dynamixel MX-28R\" href=\"https:\/\/www.generationrobots.com\/it\/401088-servomotore-dynamixel-mx-28r-robotis.html\" target=\"_self\" rel=\"noreferrer noopener nofollow\">Servomoteur Dynamixel MX-28R<\/a><\/li>\n<li><a class=\"catalogue\" title=\"Servomoteur Dynamixel MX-64R\" href=\"https:\/\/www.generationrobots.com\/it\/401081-servomotore-dynamixel-mx-64r.html\" target=\"_self\" rel=\"noreferrer noopener nofollow\">Servomoteur Dynamixel MX-64R<\/a><\/li>\n<li><a class=\"catalogue\" title=\"Servomoteur Dynamixel MX-106R\" href=\"https:\/\/www.generationrobots.com\/it\/401078-servomotore-dynamixel-mx-106r.html\" target=\"_self\" rel=\"noreferrer noopener nofollow\">Servomoteur Dynamixel MX-106R<\/a><\/li>\n<li>Controller CM-2+<\/li>\n<li><a class=\"catalogue\" title=\"Contr\u00f4leur Dynamixel\" href=\"https:\/\/www.generationrobots.com\/it\/267-controllori-dynamixel\" target=\"_self\" rel=\"noreferrer noopener nofollow\">Controller CM-700<\/a><\/li>\n<li>Controller CM-900<\/li>\n<li><a class=\"catalogue\" title=\"Connecteur U2D2 Dynamixel\/PC\" href=\"https:\/\/www.generationrobots.com\/it\/402820-connettore-u2d2-dynamixelpc.html\" target=\"_self\" rel=\"noreferrer noopener nofollow\">USB2Dynamixel<\/a><\/li>\n<\/ul>\n<h3>Caract\u00e9ristiques principales<\/h3>\n<ul>\n<li><strong>Dimensions :<\/strong> 200 mm, per una gestione dei cavi ottimale.<\/li>\n<li><strong>Affidabilit\u00e0:<\/strong> Cavi di alta qualit\u00e0 per garantire una lunga durata e prestazioni costanti.<\/li>\n<li><strong>Versatilit\u00e0:<\/strong> Compatibile con un&#8217;ampia gamma di servomotori e controller Dynamixel.<\/li>\n<\/ul>\n<p>Non lasciare che cavi inadeguati ostacolino le tue creazioni. Aggiungi oggi stesso al carrello il nostro <strong>set di cavi per servomotori Dynamixel<\/strong> e porta la tua robotica al livello successivo!<\/p>\n<p><!-- Video allegato rimane inalterato --><\/div>\n<p><!-- .vgblk-rw-wrapper --><\/p>","protected":false},"excerpt":{"rendered":"<p>Kit di 10 cavi da 20 cm, ideali per collegare i tuoi servomotori Dynamixel serie DX, RX ed EX.<\/p>\n<p>Connettore a 4 pin preciso e affidabile per una trasmissione dati stabile.<\/p>","protected":false},"featured_media":1012434,"template":"","meta":[],"pwb-brand":[],"product_brand":[],"product_cat":[669],"product_tag":[],"class_list":{"0":"post-1010682","1":"product","2":"type-product","3":"status-publish","4":"has-post-thumbnail","6":"product_cat-cavi-connettori-e-custodie","8":"first","9":"instock","10":"shipping-taxable","11":"product-type-simple"},"brands":[],"_links":{"self":[{"href":"https:\/\/store.todsystem.com\/fr\/wp-json\/wp\/v2\/product\/1010682","targetHints":{"allow":["GET"]}}],"collection":[{"href":"https:\/\/store.todsystem.com\/fr\/wp-json\/wp\/v2\/product"}],"about":[{"href":"https:\/\/store.todsystem.com\/fr\/wp-json\/wp\/v2\/types\/product"}],"version-history":[{"count":4,"href":"https:\/\/store.todsystem.com\/fr\/wp-json\/wp\/v2\/product\/1010682\/revisions"}],"predecessor-version":[{"id":1015001,"href":"https:\/\/store.todsystem.com\/fr\/wp-json\/wp\/v2\/product\/1010682\/revisions\/1015001"}],"wp:featuredmedia":[{"embeddable":true,"href":"https:\/\/store.todsystem.com\/fr\/wp-json\/wp\/v2\/media\/1012434"}],"wp:attachment":[{"href":"https:\/\/store.todsystem.com\/fr\/wp-json\/wp\/v2\/media?parent=1010682"}],"wp:term":[{"taxonomy":"pwb-brand","embeddable":true,"href":"https:\/\/store.todsystem.com\/fr\/wp-json\/wp\/v2\/pwb-brand?post=1010682"},{"taxonomy":"product_brand","embeddable":true,"href":"https:\/\/store.todsystem.com\/fr\/wp-json\/wp\/v2\/product_brand?post=1010682"},{"taxonomy":"product_cat","embeddable":true,"href":"https:\/\/store.todsystem.com\/fr\/wp-json\/wp\/v2\/product_cat?post=1010682"},{"taxonomy":"product_tag","embeddable":true,"href":"https:\/\/store.todsystem.com\/fr\/wp-json\/wp\/v2\/product_tag?post=1010682"}],"curies":[{"name":"wp","href":"https:\/\/api.w.org\/{rel}","templated":true}]}}