{"id":1010679,"date":"2024-09-05T09:51:41","date_gmt":"2024-09-05T09:51:41","guid":{"rendered":"https:\/\/store.todsystem.com\/prodotto\/robot-cable-4p-100mm-10pcs\/"},"modified":"2025-06-12T10:12:34","modified_gmt":"2025-06-12T10:12:34","slug":"10-cavi-a-4-pin-per-dynamixel-serie-mx-rs-485-100-mm","status":"publish","type":"product","link":"https:\/\/store.todsystem.com\/fr\/produit-2\/10-cavi-a-4-pin-per-dynamixel-serie-mx-rs-485-100-mm\/","title":{"rendered":"10 c\u00e2bles \u00e0 4 broches pour Dynamixel s\u00e9rie MX (RS-485) - 100 mm"},"content":{"rendered":"<div class=\"vgblk-rw-wrapper limit-wrapper\">\n<h2>Set di 10 Cavi per Servomotori Dynamixel \u2013 Compatibilit\u00e0 e Performance<\/h2>\n<p>Scopri il nostro <strong>set di 10 cavi per il collegamento ai servomotori Dynamixel<\/strong> delle serie MX (versione R), RX ed EX. Ogni cavo ha una lunghezza ottimale di <strong>100 mm<\/strong>, garantendo una connessione stabile e affidabile per i tuoi progetti robotici.<\/p>\n<h3>Compatibilit\u00e0 dei Prodotti<\/h3>\n<p>I cavi sono compatibili con una vasta gamma di servomotori e controllori, offrendo una soluzione versatile per le tue esigenze di collegamento. Ecco una lista dei servomotori compatibili:<\/p>\n<ul>\n<li>Servomoteur Dynamixel RX-24F<\/li>\n<li>Servomoteur Dynamixel RX-28<\/li>\n<li>Servomoteur Dynamixel RX-64<\/li>\n<li>Servo-moteur Dynamixel EX-106<\/li>\n<li><a class=\"catalogue\" title=\"Servomoteur Dynamixel MX-28R\" href=\"https:\/\/www.generationrobots.com\/it\/401088-servomotore-dynamixel-mx-28r-robotis.html\" target=\"_self\" rel=\"noreferrer noopener nofollow\">Servomoteur Dynamixel MX-28R<\/a><\/li>\n<li><a class=\"catalogue\" title=\"Servomoteur Dynamixel MX-64R\" href=\"https:\/\/www.generationrobots.com\/it\/401081-servomotore-dynamixel-mx-64r.html\" target=\"_self\" rel=\"noreferrer noopener nofollow\">Servomoteur Dynamixel MX-64R<\/a><\/li>\n<li><a class=\"catalogue\" title=\"Servomoteur Dynamixel MX-106R\" href=\"https:\/\/www.generationrobots.com\/it\/401078-servomotore-dynamixel-mx-106r.html\" target=\"_self\" rel=\"noreferrer noopener nofollow\">Servomoteur Dynamixel MX-106R<\/a><\/li>\n<li>Contr\u00f4leur CM-2<\/li>\n<li><a class=\"catalogue\" title=\"Contr\u00f4leur Dynamixel\" href=\"https:\/\/www.generationrobots.com\/it\/267-controllori-dynamixel\" target=\"_self\" rel=\"noreferrer noopener nofollow\">Contr\u00f4leur CM-700<\/a><\/li>\n<li>Contr\u00f4leur CM-900<\/li>\n<li><a class=\"catalogue\" title=\"Connecteur U2D2 Dynamixel\/PC\" href=\"https:\/\/www.generationrobots.com\/it\/402820-connettore-u2d2-dynamixelpc.html\" target=\"_self\" rel=\"noreferrer noopener nofollow\">USB2Dynamixel<\/a><\/li>\n<\/ul>\n<h3>Qualit\u00e0 e Affidabilit\u00e0<\/h3>\n<p>I cavi sono progettati per garantire una trasmissione dati veloce e senza interferenze, rendendoli ideali per applicazioni robotiche di alta precisione. Non lasciare nulla al caso: scegli il nostro set di cavi per una connessione sicura e duratura.<\/p>\n<p>Acquista ora il tuo set di <strong>cavi per servomotori Dynamixel<\/strong> e porta i tuoi progetti robotici al livello successivo!<\/p>\n<p><meta name=\"description\" content=\"Visita il nostro store per il set di 10 cavi per servomotori Dynamixel MX, RX ed EX. Lunghhezza di 100 mm - Compatibilit\u00e0 con RX-24F, MX-28R, e altro. Acquista ora!\"><\/div>\n<p><!-- .vgblk-rw-wrapper --><\/p>","protected":false},"excerpt":{"rendered":"<p>Kit de 10 c\u00e2bles de 10 cm avec connecteurs \u00e0 4 broches, id\u00e9al pour connecter les servomoteurs Dynamixel de la s\u00e9rie MX (R, RX, EX).<\/p>\n<p>Parfait pour les projets robotiques n\u00e9cessitant des connexions fiables et compactes.<\/p>","protected":false},"featured_media":1012424,"template":"","meta":[],"pwb-brand":[],"product_brand":[],"product_cat":[669],"product_tag":[],"class_list":{"0":"post-1010679","1":"product","2":"type-product","3":"status-publish","4":"has-post-thumbnail","6":"product_cat-cavi-connettori-e-custodie","8":"first","9":"instock","10":"shipping-taxable","11":"product-type-simple"},"brands":[],"_links":{"self":[{"href":"https:\/\/store.todsystem.com\/fr\/wp-json\/wp\/v2\/product\/1010679","targetHints":{"allow":["GET"]}}],"collection":[{"href":"https:\/\/store.todsystem.com\/fr\/wp-json\/wp\/v2\/product"}],"about":[{"href":"https:\/\/store.todsystem.com\/fr\/wp-json\/wp\/v2\/types\/product"}],"version-history":[{"count":4,"href":"https:\/\/store.todsystem.com\/fr\/wp-json\/wp\/v2\/product\/1010679\/revisions"}],"predecessor-version":[{"id":1014998,"href":"https:\/\/store.todsystem.com\/fr\/wp-json\/wp\/v2\/product\/1010679\/revisions\/1014998"}],"wp:featuredmedia":[{"embeddable":true,"href":"https:\/\/store.todsystem.com\/fr\/wp-json\/wp\/v2\/media\/1012424"}],"wp:attachment":[{"href":"https:\/\/store.todsystem.com\/fr\/wp-json\/wp\/v2\/media?parent=1010679"}],"wp:term":[{"taxonomy":"pwb-brand","embeddable":true,"href":"https:\/\/store.todsystem.com\/fr\/wp-json\/wp\/v2\/pwb-brand?post=1010679"},{"taxonomy":"product_brand","embeddable":true,"href":"https:\/\/store.todsystem.com\/fr\/wp-json\/wp\/v2\/product_brand?post=1010679"},{"taxonomy":"product_cat","embeddable":true,"href":"https:\/\/store.todsystem.com\/fr\/wp-json\/wp\/v2\/product_cat?post=1010679"},{"taxonomy":"product_tag","embeddable":true,"href":"https:\/\/store.todsystem.com\/fr\/wp-json\/wp\/v2\/product_tag?post=1010679"}],"curies":[{"name":"wp","href":"https:\/\/api.w.org\/{rel}","templated":true}]}}