{"id":1010677,"date":"2024-09-05T09:51:41","date_gmt":"2024-09-05T09:51:41","guid":{"rendered":"https:\/\/store.todsystem.com\/prodotto\/robot-cable-3p-200mm-10pcs\/"},"modified":"2025-06-12T10:12:34","modified_gmt":"2025-06-12T10:12:34","slug":"10-cavi-a-3-pin-per-dynamixel-serie-ax-mx-ttl-200-mm","status":"publish","type":"product","link":"https:\/\/store.todsystem.com\/fr\/produit-2\/10-cavi-a-3-pin-per-dynamixel-serie-ax-mx-ttl-200-mm\/","title":{"rendered":"10 c\u00e2bles \u00e0 3 broches pour Dynamixel s\u00e9rie AX\/MX (TTL) - 200 mm"},"content":{"rendered":"<div class=\"vgblk-rw-wrapper limit-wrapper\">\n<h2>Confezione da 10 cavi per servomotori Dynamixel \u2013 200 mm<\/h2>\n<p><meta name=\"description\" content=\"Acquista la confezione da 10 cavi a 3 pin di 200 mm per collegare i servomotori Dynamixel AX e MX-xxT. Compatibile con vari controller e modelli di servomotori. Spedizione rapida!\"><\/p>\n<p>Ottimizza le tue applicazioni robotiche con la <strong>Confezione di 10 Cavi per Servomotori Dynamixel<\/strong>, progettata specificamente per garantire una connessione affidabile ai modelli della serie <strong>AX<\/strong> e <strong>MX-xxT<\/strong>. Ogni cavo ha una lunghezza di <strong>200 mm<\/strong>, rendendoli ideali per le tue installazioni robotiche.<\/p>\n<h3>Compatibilit\u00e0 dei Prodotti<\/h3>\n<p>Questi cavi sono compatibili con una vasta gamma di servomotori e controller, tra cui:<\/p>\n<ul>\n<li>Servomotori Dynamixel della gamma <strong>AX<\/strong>:\n<ul>\n<li><a class=\"catalogue\" title=\"Servomoteur Dynamixel AX-18A\" href=\"https:\/\/www.generationrobots.com\/it\/401076-servomotore-dynamixel-ax-18-a-robotis.html\" rel=\"nofollow noopener\" target=\"_blank\">AX-18A<\/a><\/li>\n<li><a class=\"catalogue\" title=\"Servomoteur Dynamixel AX-12A\" href=\"https:\/\/www.generationrobots.com\/it\/401075-servomotore-dynamixel-ax-12-a-robotis.html\" rel=\"nofollow noopener\" target=\"_blank\">AX-12A<\/a><\/li>\n<li><a class=\"catalogue\" title=\"Servomoteur Dynamixel AX-12W\" href=\"https:\/\/www.generationrobots.com\/it\/401074-servomotore-dynamixel-ax-12w-robotis.html\" rel=\"nofollow noopener\" target=\"_blank\">AX-12W<\/a><\/li>\n<\/ul>\n<\/li>\n<li>Servomotori Dynamixel della gamma <strong>MX-xxT<\/strong>:\n<ul>\n<li><a class=\"catalogue\" title=\"Servomoteur Dynamixel MX-28T\" href=\"https:\/\/www.generationrobots.com\/it\/401080-servomotore-dynamixel-mx-28t.html\" rel=\"nofollow noopener\" target=\"_blank\">MX-28T<\/a><\/li>\n<li><a class=\"catalogue\" title=\"Servomoteur Dynamixel MX-64T\" href=\"https:\/\/www.generationrobots.com\/it\/401082-servomotore-dynamixel-mx-64t-robotis.html\" rel=\"nofollow noopener\" target=\"_blank\">MX-64T<\/a><\/li>\n<li><a class=\"catalogue\" title=\"Servomoteur Dynamixel MX-106T\" href=\"https:\/\/www.generationrobots.com\/it\/401079-servomotore-dynamixel-mx-106t.html\" rel=\"nofollow noopener\" target=\"_blank\">MX-106T<\/a><\/li>\n<\/ul>\n<\/li>\n<li>Controller compatibili:\n<ul>\n<li><a class=\"catalogue\" title=\"Contr\u00f4leur CM-5\" href=\"https:\/\/www.generationrobots.com\/it\/400954-controller-cm-5-robotis.html\" rel=\"nofollow noopener\" target=\"_blank\">CM-5<\/a><\/li>\n<li><a class=\"catalogue\" title=\"Contr\u00f4leur CM-510\" href=\"https:\/\/www.generationrobots.com\/it\/400963-controller-cm-510-robotis.html\" rel=\"nofollow noopener\" target=\"_blank\">CM-510<\/a><\/li>\n<li><a class=\"catalogue\" title=\"Contr\u00f4leur CM-530\" href=\"https:\/\/www.generationrobots.com\/it\/400805-controller-cm-530-robotis.html\" rel=\"nofollow noopener\" target=\"_blank\">CM-530<\/a><\/li>\n<li><a class=\"catalogue\" title=\"Controller CM-700\" href=\"https:\/\/www.generationrobots.com\/it\/400806-controller-cm-700-robotis.html\" rel=\"nofollow noopener\" target=\"_blank\">CM-700<\/a><\/li>\n<li><a class=\"catalogue\" title=\"Controller CM-900\" href=\"https:\/\/www.generationrobots.com\/it\/400752-10-cavi-3-pin-200-mm-per-bioloid-e-dynamixel.html\" rel=\"nofollow noopener\" target=\"_blank\">CM-900<\/a><\/li>\n<li><a class=\"catalogue\" title=\"Connecteur U2D2 Dynamixel\/PC\" href=\"https:\/\/www.generationrobots.com\/it\/402820-connettore-u2d2-dynamixelpc.html\" target=\"_self\" rel=\"noreferrer noopener nofollow\">USB2Dynamixel<\/a><\/li>\n<\/ul>\n<\/li>\n<\/ul>\n<p>Non perdere l&#8217;opportunit\u00e0 di ampliare le tue possibilit\u00e0 creative nel campo della robotica con questi cavi di alta qualit\u00e0. <strong>Acquista ora<\/strong> per garantire un collegamento sicuro e duraturo ai tuoi servomotori Dynamixel!<\/p>\n<\/div>\n<p><!-- .vgblk-rw-wrapper --><\/p>","protected":false},"excerpt":{"rendered":"<p>Jeu de 10 c\u00e2bles d'extension de 20 cm, id\u00e9al pour connecter les servomoteurs Dynamixel des s\u00e9ries AX et MX-xxT.<\/p>\n<p>Les connecteurs \u00e0 3 broches assurent une connexion stable et fiable.<\/p>\n<p>Parfait pour les projets robotiques n\u00e9cessitant flexibilit\u00e9 et pr\u00e9cision.<\/p>","protected":false},"featured_media":1012401,"template":"","meta":[],"pwb-brand":[],"product_brand":[],"product_cat":[669],"product_tag":[],"class_list":{"0":"post-1010677","1":"product","2":"type-product","3":"status-publish","4":"has-post-thumbnail","6":"product_cat-cavi-connettori-e-custodie","8":"first","9":"instock","10":"shipping-taxable","11":"product-type-simple"},"brands":[],"_links":{"self":[{"href":"https:\/\/store.todsystem.com\/fr\/wp-json\/wp\/v2\/product\/1010677","targetHints":{"allow":["GET"]}}],"collection":[{"href":"https:\/\/store.todsystem.com\/fr\/wp-json\/wp\/v2\/product"}],"about":[{"href":"https:\/\/store.todsystem.com\/fr\/wp-json\/wp\/v2\/types\/product"}],"version-history":[{"count":3,"href":"https:\/\/store.todsystem.com\/fr\/wp-json\/wp\/v2\/product\/1010677\/revisions"}],"predecessor-version":[{"id":1014996,"href":"https:\/\/store.todsystem.com\/fr\/wp-json\/wp\/v2\/product\/1010677\/revisions\/1014996"}],"wp:featuredmedia":[{"embeddable":true,"href":"https:\/\/store.todsystem.com\/fr\/wp-json\/wp\/v2\/media\/1012401"}],"wp:attachment":[{"href":"https:\/\/store.todsystem.com\/fr\/wp-json\/wp\/v2\/media?parent=1010677"}],"wp:term":[{"taxonomy":"pwb-brand","embeddable":true,"href":"https:\/\/store.todsystem.com\/fr\/wp-json\/wp\/v2\/pwb-brand?post=1010677"},{"taxonomy":"product_brand","embeddable":true,"href":"https:\/\/store.todsystem.com\/fr\/wp-json\/wp\/v2\/product_brand?post=1010677"},{"taxonomy":"product_cat","embeddable":true,"href":"https:\/\/store.todsystem.com\/fr\/wp-json\/wp\/v2\/product_cat?post=1010677"},{"taxonomy":"product_tag","embeddable":true,"href":"https:\/\/store.todsystem.com\/fr\/wp-json\/wp\/v2\/product_tag?post=1010677"}],"curies":[{"name":"wp","href":"https:\/\/api.w.org\/{rel}","templated":true}]}}