{"id":1010668,"date":"2024-09-05T09:51:41","date_gmt":"2024-09-05T09:51:41","guid":{"rendered":"https:\/\/store.todsystem.com\/prodotto\/wrench-bolt-m2-54-200-pcs\/"},"modified":"2025-06-12T07:55:32","modified_gmt":"2025-06-12T07:55:32","slug":"jeu-de-200-vis-m2-5x4-pour-servomoteur-dynamixel","status":"publish","type":"product","link":"https:\/\/store.todsystem.com\/fr\/produit-2\/jeu-de-200-vis-m2-5x4-pour-servomoteur-dynamixel\/","title":{"rendered":"Jeu de 200 vis M2.5\u00d74 pour servomoteurs Dynamixel"},"content":{"rendered":"<div class=\"vgblk-rw-wrapper limit-wrapper\">\n<h2>Lot de 200 vis M2.5\u00d74 pour servomoteurs Dynamixel : des fixations s\u00fbres et fiables !<\/h2>\n<p>Le <strong>200 cl\u00e9s \u00e0 molette M2.5\u00d74<\/strong> sont l'\u00e9l\u00e9ment de fixation id\u00e9al pour assurer une structure robuste et durable \u00e0 vos robots mobiles aliment\u00e9s par des piles \u00e0 combustible. <a class=\"catalogue\" title=\"Moteurs robotiques (moteurs, servomoteurs, encodeurs, contr\u00f4leurs)\" href=\"https:\/\/www.generationrobots.com\/it\/531-motorizzazione-dei-robot\" rel=\"nofollow noopener\" target=\"_blank\">servomoteurs<\/a> Dynamixel. Fabriqu\u00e9es pour r\u00e9sister \u00e0 l'usure, ces vis assurent un assemblage parfait dans tous vos projets de robotique.<\/p>\n<p>Pour am\u00e9liorer encore la stabilit\u00e9 de vos articulations, envisagez d'utiliser un <strong>colle \u00e0 vis<\/strong> en combinaison avec des vis M2.5\u00d74. Ceci est particuli\u00e8rement utile si vous pr\u00e9voyez des op\u00e9rations de montage et de d\u00e9montage fr\u00e9quentes, car cela am\u00e9liore l'\u00e9tanch\u00e9it\u00e9 et la r\u00e9sistance pendant le fonctionnement.<\/p>\n<h2>200 vis M2.5\u00d74 : le choix parfait pour les servomoteurs Dynamixel !<\/h2>\n<p>Ces vis M2.5\u00d74 sont sp\u00e9cialement con\u00e7ues pour la fixation efficace de servomoteurs dans les structures robotiques, parfaites pour les pi\u00e8ces mobiles et articul\u00e9es. Elles peuvent \u00eatre combin\u00e9es avec les vis <a class=\"catalogue\" title=\"Lot de 400 \u00e9crous M2.5 pour servomoteurs Dynamixel\" href=\"https:\/\/www.generationrobots.com\/it\/401958-confezione-da-400-dadi-m25-per-servomotori-dynamixel.html\" rel=\"nofollow noopener\" target=\"_blank\">Ecrous M2.5<\/a>sont test\u00e9es et approuv\u00e9es pour garantir leur compatibilit\u00e9 et leurs performances optimales avec le <a class=\"catalogue\" title=\"Servomoteurs dynamom\u00e9triques pour la robotique et l&#039;automatisation\" href=\"https:\/\/www.generationrobots.com\/it\/169-servomotori-dynamixel\" rel=\"nofollow noopener\" target=\"_blank\">Servomoteurs Dynamixel<\/a>en particulier la s\u00e9rie RX.<\/p>\n<p>Gr\u00e2ce \u00e0 ces vis de haute qualit\u00e9, vous pouvez assembler vos projets de robotique, tels que le c\u00e9l\u00e8bre <a class=\"catalogue\" title=\"Kit p\u00e9dagogique Robotis\" href=\"https:\/\/www.generationrobots.com\/it\/168-kit-robotis\" rel=\"nofollow noopener\" target=\"_blank\">Kit robotique Bioloid<\/a>garantissant d'excellents r\u00e9sultats en termes de fonctionnalit\u00e9 et de durabilit\u00e9.<\/p>\n<\/div>\n<p><!-- .vgblk-rw-wrapper --><\/p>","protected":false},"excerpt":{"rendered":"<p>Ce jeu de 200 pi\u00e8ces est indispensable pour fixer solidement les servomoteurs Dynamixel, assurant ainsi des mouvements pr\u00e9cis et fiables.<\/p>\n<p>Parfait pour fabriquer des robots mobiles, des bras m\u00e9caniques et bien plus encore.<\/p>","protected":false},"featured_media":1012383,"template":"","meta":[],"pwb-brand":[],"product_brand":[],"product_cat":[669],"product_tag":[],"class_list":{"0":"post-1010668","1":"product","2":"type-product","3":"status-publish","4":"has-post-thumbnail","6":"product_cat-cavi-connettori-e-custodie","8":"first","9":"instock","10":"shipping-taxable","11":"product-type-simple"},"brands":[],"_links":{"self":[{"href":"https:\/\/store.todsystem.com\/fr\/wp-json\/wp\/v2\/product\/1010668","targetHints":{"allow":["GET"]}}],"collection":[{"href":"https:\/\/store.todsystem.com\/fr\/wp-json\/wp\/v2\/product"}],"about":[{"href":"https:\/\/store.todsystem.com\/fr\/wp-json\/wp\/v2\/types\/product"}],"version-history":[{"count":4,"href":"https:\/\/store.todsystem.com\/fr\/wp-json\/wp\/v2\/product\/1010668\/revisions"}],"predecessor-version":[{"id":1014988,"href":"https:\/\/store.todsystem.com\/fr\/wp-json\/wp\/v2\/product\/1010668\/revisions\/1014988"}],"wp:featuredmedia":[{"embeddable":true,"href":"https:\/\/store.todsystem.com\/fr\/wp-json\/wp\/v2\/media\/1012383"}],"wp:attachment":[{"href":"https:\/\/store.todsystem.com\/fr\/wp-json\/wp\/v2\/media?parent=1010668"}],"wp:term":[{"taxonomy":"pwb-brand","embeddable":true,"href":"https:\/\/store.todsystem.com\/fr\/wp-json\/wp\/v2\/pwb-brand?post=1010668"},{"taxonomy":"product_brand","embeddable":true,"href":"https:\/\/store.todsystem.com\/fr\/wp-json\/wp\/v2\/product_brand?post=1010668"},{"taxonomy":"product_cat","embeddable":true,"href":"https:\/\/store.todsystem.com\/fr\/wp-json\/wp\/v2\/product_cat?post=1010668"},{"taxonomy":"product_tag","embeddable":true,"href":"https:\/\/store.todsystem.com\/fr\/wp-json\/wp\/v2\/product_tag?post=1010668"}],"curies":[{"name":"wp","href":"https:\/\/api.w.org\/{rel}","templated":true}]}}