{"id":1010651,"date":"2024-09-05T09:51:39","date_gmt":"2024-09-05T09:51:39","guid":{"rendered":"https:\/\/store.todsystem.com\/prodotto\/fp04-f3-10pcs\/"},"modified":"2025-06-12T08:16:43","modified_gmt":"2025-06-12T08:16:43","slug":"confezione-da-10-parti-strutturali-fp04-f3-per-servomotore-ax-dynamixel","status":"publish","type":"product","link":"https:\/\/store.todsystem.com\/fr\/produit-2\/confezione-da-10-parti-strutturali-fp04-f3-per-servomotore-ax-dynamixel\/","title":{"rendered":"Lot de 10 pi\u00e8ces de structure FP04-F3 pour servomoteur AX dynamixel"},"content":{"rendered":"<div class=\"vgblk-rw-wrapper limit-wrapper\">\n<h2>Componenti in Plastica FP04-F3: Supporti Resistenti per Servomotori Robotis Bioloid<\/h2>\n<p>Scopri i robusti <strong>componenti in plastica FP04-F3<\/strong>, ideali per i kit <a class=\"catalogue\" title=\"Kit p\u00e9dagogique Robotis\" href=\"https:\/\/www.generationrobots.com\/it\/168-kit-robotis\" target=\"_self\" rel=\"noreferrer noopener nofollow\">Biolo\u00efde<\/a>. Progettati per offrire un supporto sicuro e stabile ai tuoi <a class=\"catalogue\" title=\"Servomoteurs dynamom\u00e9triques pour la robotique et l&#039;automatisation\" href=\"https:\/\/www.generationrobots.com\/it\/169-servomotori-dynamixel\" target=\"_self\" rel=\"noreferrer noopener nofollow\">Servomoteurs Dynamixel<\/a>, questi componenti garantiscono solidit\u00e0 e affidabilit\u00e0 nel tuo progetto robotico.<\/p>\n<h2>Assemblaggio Facile e Compatibilit\u00e0 con Servomotori Dynamixel<\/h2>\n<p>I componenti FP04-F3 sono progettati specificamente per i servomotori Dynamixel della serie AX. Grazie al design intuitivo, l&#8217;assemblaggio risulta semplice e veloce: utilizza semplicemente i dadi e le viti compatibili per i <a class=\"catalogue\" title=\"Alimentation des composants Dynamixel et des servomoteurs\" href=\"https:\/\/www.generationrobots.com\/it\/134-moduli-e-parti-dynamixel\" target=\"_self\" rel=\"noreferrer noopener nofollow\">Servomoteurs Dynamixel AX<\/a> e inizia a costruire!<\/p>\n<h2>Dettagli Tecnici della Confezione di 10 Pezzi FP04-F3 per Servomotori Dynamixel AX<\/h2>\n<ul>\n<li><strong>Quantit\u00e0:<\/strong> 10 componenti in plastica tipo FP04-F3<\/li>\n<li><strong>Compatibilit\u00e9 :<\/strong> Servomoteurs Dynamixel de la s\u00e9rie AX<\/li>\n<\/ul>\n<p>Questi componenti rappresentano la scelta perfetta per chi cerca sostegno robusto e affidabile per i propri progetti robotici. Non lasciare nulla al caso, scegli la qualit\u00e0 dei componenti FP04-F3!<\/p><\/div>\n<p><!-- .vgblk-rw-wrapper --><\/p>","protected":false},"excerpt":{"rendered":"<p>Con\u00e7us sp\u00e9cifiquement pour les kits Robotis Bioloid \u00e9quip\u00e9s de servomoteurs Dynamixel AX, ces composants vous permettent de personnaliser et d'\u00e9tendre les possibilit\u00e9s de votre robot.<\/p>","protected":false},"featured_media":1012297,"template":"","meta":[],"pwb-brand":[],"product_brand":[],"product_cat":[661],"product_tag":[],"class_list":{"0":"post-1010651","1":"product","2":"type-product","3":"status-publish","4":"has-post-thumbnail","6":"product_cat-telai-modulari-e-profili","8":"first","9":"instock","10":"shipping-taxable","11":"product-type-simple"},"brands":[],"_links":{"self":[{"href":"https:\/\/store.todsystem.com\/fr\/wp-json\/wp\/v2\/product\/1010651","targetHints":{"allow":["GET"]}}],"collection":[{"href":"https:\/\/store.todsystem.com\/fr\/wp-json\/wp\/v2\/product"}],"about":[{"href":"https:\/\/store.todsystem.com\/fr\/wp-json\/wp\/v2\/types\/product"}],"version-history":[{"count":6,"href":"https:\/\/store.todsystem.com\/fr\/wp-json\/wp\/v2\/product\/1010651\/revisions"}],"predecessor-version":[{"id":1015018,"href":"https:\/\/store.todsystem.com\/fr\/wp-json\/wp\/v2\/product\/1010651\/revisions\/1015018"}],"wp:featuredmedia":[{"embeddable":true,"href":"https:\/\/store.todsystem.com\/fr\/wp-json\/wp\/v2\/media\/1012297"}],"wp:attachment":[{"href":"https:\/\/store.todsystem.com\/fr\/wp-json\/wp\/v2\/media?parent=1010651"}],"wp:term":[{"taxonomy":"pwb-brand","embeddable":true,"href":"https:\/\/store.todsystem.com\/fr\/wp-json\/wp\/v2\/pwb-brand?post=1010651"},{"taxonomy":"product_brand","embeddable":true,"href":"https:\/\/store.todsystem.com\/fr\/wp-json\/wp\/v2\/product_brand?post=1010651"},{"taxonomy":"product_cat","embeddable":true,"href":"https:\/\/store.todsystem.com\/fr\/wp-json\/wp\/v2\/product_cat?post=1010651"},{"taxonomy":"product_tag","embeddable":true,"href":"https:\/\/store.todsystem.com\/fr\/wp-json\/wp\/v2\/product_tag?post=1010651"}],"curies":[{"name":"wp","href":"https:\/\/api.w.org\/{rel}","templated":true}]}}